{"id":7420,"date":"2020-05-14T02:08:04","date_gmt":"2020-05-14T02:08:04","guid":{"rendered":"https:\/\/www.fundatiagusa.ro\/home\/"},"modified":"2025-05-19T09:35:48","modified_gmt":"2025-05-19T09:35:48","slug":"home-01","status":"publish","type":"page","link":"https:\/\/www.fundatiagusa.ro\/en\/","title":{"rendered":"Home"},"content":{"rendered":"\t\t<div data-elementor-type=\"wp-page\" data-elementor-id=\"7420\" class=\"elementor elementor-7420 elementor-20\">\n\t\t\t\t\t\t<section class=\"elementor-section elementor-top-section elementor-element elementor-element-e0e7076 elementor-section-stretched elementor-section-full_width elementor-section-height-default elementor-section-height-default\" data-id=\"e0e7076\" data-element_type=\"section\" data-settings=\"{&quot;stretch_section&quot;:&quot;section-stretched&quot;}\">\n\t\t\t\t\t\t<div class=\"elementor-container elementor-column-gap-no\">\n\t\t\t\t\t<div class=\"elementor-column elementor-col-100 elementor-top-column elementor-element elementor-element-b8c0877\" data-id=\"b8c0877\" data-element_type=\"column\">\n\t\t\t<div class=\"elementor-widget-wrap elementor-element-populated\">\n\t\t\t\t\t\t<div class=\"elementor-element elementor-element-fbf5034 elementor-widget elementor-widget-muzex_theme_slider2\" data-id=\"fbf5034\" data-element_type=\"widget\" data-widget_type=\"muzex_theme_slider2.default\">\n\t\t\t\t<div class=\"elementor-widget-container\">\n\t\t\t\n        <section class=\"banner-section banner-section__home-two \">\n            <div class=\"banner-carousel thm__owl-carousel owl-theme owl-carousel\" data-options='{\"loop\": true, \"items\": 1, \"margin\": 0, \"dots\": false, \"nav\": true, \"animateOut\": \"fadeOut\", \"animateIn\": \"fadeIn\", \"active\": true, \"smartSpeed\": 1000, \"autoplay\": true, \"autoplayTimeout\": 6000, \"autoplayHoverPause\": false}'>\n\t\t\t\n\t\t\t\t\t\t\t\n                <!-- Slide Item -->\n                <div class=\"slide-item\">\n                    <div class=\"image-layer lazy-image\" style=\"background-image: url('https:\/\/www.fundatiagusa.ro\/wp-content\/uploads\/2023\/04\/gusa02_004-scaled.jpg');\"><\/div>\n                    <div class=\"container\">\n                        <div class=\"content-box text-center\">\n                            <h3><br><br><\/h3>\n                            <h2>General Stefan Gusa<br>Foundation<\/h2>\n                            <div class=\"btn-box\">\n                                <a href=\"#\" class=\"thm-btn btn-style-one\">Il passato \u00e8 il nostro futuro<\/a>\n                            <\/div>\n                        <\/div>\n                    <\/div>\n                <\/div>\n\t\t\t\t\n\t\t\t\t\n            <\/div>\n        <\/section>\n            \n\t\t\t\t<\/div>\n\t\t\t\t<\/div>\n\t\t\t\t\t<\/div>\n\t\t<\/div>\n\t\t\t\t\t<\/div>\n\t\t<\/section>\n\t\t\t\t<section class=\"elementor-section elementor-top-section elementor-element elementor-element-d05e130 elementor-section-stretched elementor-section-full_width elementor-section-height-default elementor-section-height-default\" data-id=\"d05e130\" data-element_type=\"section\" data-settings=\"{&quot;stretch_section&quot;:&quot;section-stretched&quot;}\">\n\t\t\t\t\t\t<div class=\"elementor-container elementor-column-gap-no\">\n\t\t\t\t\t<div class=\"elementor-column elementor-col-100 elementor-top-column elementor-element elementor-element-a465992\" data-id=\"a465992\" data-element_type=\"column\">\n\t\t\t<div class=\"elementor-widget-wrap elementor-element-populated\">\n\t\t\t\t\t\t<section class=\"elementor-section elementor-inner-section elementor-element elementor-element-7e63001 elementor-section-boxed elementor-section-height-default elementor-section-height-default\" data-id=\"7e63001\" data-element_type=\"section\">\n\t\t\t\t\t\t<div class=\"elementor-container elementor-column-gap-default\">\n\t\t\t\t\t<div class=\"elementor-column elementor-col-100 elementor-inner-column elementor-element elementor-element-a9ea12e\" data-id=\"a9ea12e\" data-element_type=\"column\">\n\t\t\t<div class=\"elementor-widget-wrap elementor-element-populated\">\n\t\t\t\t\t\t<div class=\"elementor-element elementor-element-a12aaae elementor-widget elementor-widget-text-editor\" data-id=\"a12aaae\" data-element_type=\"widget\" data-widget_type=\"text-editor.default\">\n\t\t\t\t<div class=\"elementor-widget-container\">\n\t\t\t<style>\/*! elementor - v3.19.0 - 26-02-2024 *\/\n.elementor-widget-text-editor.elementor-drop-cap-view-stacked .elementor-drop-cap{background-color:#69727d;color:#fff}.elementor-widget-text-editor.elementor-drop-cap-view-framed .elementor-drop-cap{color:#69727d;border:3px solid;background-color:transparent}.elementor-widget-text-editor:not(.elementor-drop-cap-view-default) .elementor-drop-cap{margin-top:8px}.elementor-widget-text-editor:not(.elementor-drop-cap-view-default) .elementor-drop-cap-letter{width:1em;height:1em}.elementor-widget-text-editor .elementor-drop-cap{float:left;text-align:center;line-height:1;font-size:50px}.elementor-widget-text-editor .elementor-drop-cap-letter{display:inline-block}<\/style>\t\t\t\t<div class=\"block-title\"><p>Mission<\/p><h3>\u00a0<\/h3><\/div>\t\t\t\t\t\t<\/div>\n\t\t\t\t<\/div>\n\t\t\t\t\t<\/div>\n\t\t<\/div>\n\t\t\t\t\t<\/div>\n\t\t<\/section>\n\t\t\t\t<section class=\"elementor-section elementor-inner-section elementor-element elementor-element-4d4c4c8 elementor-section-boxed elementor-section-height-default elementor-section-height-default\" data-id=\"4d4c4c8\" data-element_type=\"section\">\n\t\t\t\t\t\t<div class=\"elementor-container elementor-column-gap-default\">\n\t\t\t\t\t<div class=\"elementor-column elementor-col-50 elementor-inner-column elementor-element elementor-element-53e66b7\" data-id=\"53e66b7\" data-element_type=\"column\">\n\t\t\t<div class=\"elementor-widget-wrap elementor-element-populated\">\n\t\t\t\t\t\t<div class=\"elementor-element elementor-element-b571c35 elementor-widget elementor-widget-text-editor\" data-id=\"b571c35\" data-element_type=\"widget\" data-widget_type=\"text-editor.default\">\n\t\t\t\t<div class=\"elementor-widget-container\">\n\t\t\t\t\t\t\t<p>Created in 1997 on the initiative of Dr. Daniela Veronica Gu\u0219\u0103 de Dr\u0103gan.<br \/>It is a non-governmental, non-profit organization with no political, religious, or other affiliations.<\/p><p>The Foundation bears the name of Lieutenant General Engineer Gu\u0219\u0103 \u015etefan, Chief of Staff of the Romanian Army in the period from 25 September 1986 to 28 December 1989.<br \/>Its mission is to carry out activities that support the study and promotion of the fundamental national values that have animated the entire military career and have constituted the distinctive features of the personality of General \u015etefan Gu\u015f\u0103, values such as:<\/p>\t\t\t\t\t\t<\/div>\n\t\t\t\t<\/div>\n\t\t\t\t\t<\/div>\n\t\t<\/div>\n\t\t\t\t<div class=\"elementor-column elementor-col-50 elementor-inner-column elementor-element elementor-element-d992e07\" data-id=\"d992e07\" data-element_type=\"column\">\n\t\t\t<div class=\"elementor-widget-wrap elementor-element-populated\">\n\t\t\t\t\t\t<div class=\"elementor-element elementor-element-7f78422 elementor-widget elementor-widget-text-editor\" data-id=\"7f78422\" data-element_type=\"widget\" data-widget_type=\"text-editor.default\">\n\t\t\t\t<div class=\"elementor-widget-container\">\n\t\t\t\t\t\t\t<ul style=\"list-style: disc; margin-left: 10px;\"><li style=\"list-style: disc; margin-left: 10px;\">faith in the continuity of the Romanian homeland and people;<\/li><li style=\"list-style: disc; margin-left: 10px;\">the passion for the history of the country and the military history of the Romanian people;<\/li><li style=\"list-style: disc; margin-left: 10px;\">the faith in God that prompted him to take on the difficult task of having the church built in the village of Spataru, in the province of Buzau.<\/li><li style=\"list-style: disc; margin-left: 10px;\">love for the Romanian Army who served with competence, devotion, and love, and with confidence in its value.<\/li><\/ul>\t\t\t\t\t\t<\/div>\n\t\t\t\t<\/div>\n\t\t\t\t\t<\/div>\n\t\t<\/div>\n\t\t\t\t\t<\/div>\n\t\t<\/section>\n\t\t\t\t<section class=\"elementor-section elementor-inner-section elementor-element elementor-element-52aad9e elementor-section-boxed elementor-section-height-default elementor-section-height-default\" data-id=\"52aad9e\" data-element_type=\"section\">\n\t\t\t\t\t\t<div class=\"elementor-container elementor-column-gap-default\">\n\t\t\t\t\t<div class=\"elementor-column elementor-col-100 elementor-inner-column elementor-element elementor-element-a812650\" data-id=\"a812650\" data-element_type=\"column\">\n\t\t\t<div class=\"elementor-widget-wrap elementor-element-populated\">\n\t\t\t\t\t\t<div class=\"elementor-element elementor-element-bd68e88 elementor-widget elementor-widget-spacer\" data-id=\"bd68e88\" data-element_type=\"widget\" data-widget_type=\"spacer.default\">\n\t\t\t\t<div class=\"elementor-widget-container\">\n\t\t\t<style>\/*! elementor - v3.19.0 - 26-02-2024 *\/\n.elementor-column .elementor-spacer-inner{height:var(--spacer-size)}.e-con{--container-widget-width:100%}.e-con-inner>.elementor-widget-spacer,.e-con>.elementor-widget-spacer{width:var(--container-widget-width,var(--spacer-size));--align-self:var(--container-widget-align-self,initial);--flex-shrink:0}.e-con-inner>.elementor-widget-spacer>.elementor-widget-container,.e-con>.elementor-widget-spacer>.elementor-widget-container{height:100%;width:100%}.e-con-inner>.elementor-widget-spacer>.elementor-widget-container>.elementor-spacer,.e-con>.elementor-widget-spacer>.elementor-widget-container>.elementor-spacer{height:100%}.e-con-inner>.elementor-widget-spacer>.elementor-widget-container>.elementor-spacer>.elementor-spacer-inner,.e-con>.elementor-widget-spacer>.elementor-widget-container>.elementor-spacer>.elementor-spacer-inner{height:var(--container-widget-height,var(--spacer-size))}.e-con-inner>.elementor-widget-spacer.elementor-widget-empty,.e-con>.elementor-widget-spacer.elementor-widget-empty{position:relative;min-height:22px;min-width:22px}.e-con-inner>.elementor-widget-spacer.elementor-widget-empty .elementor-widget-empty-icon,.e-con>.elementor-widget-spacer.elementor-widget-empty .elementor-widget-empty-icon{position:absolute;top:0;bottom:0;left:0;right:0;margin:auto;padding:0;width:22px;height:22px}<\/style>\t\t<div class=\"elementor-spacer\">\n\t\t\t<div class=\"elementor-spacer-inner\"><\/div>\n\t\t<\/div>\n\t\t\t\t<\/div>\n\t\t\t\t<\/div>\n\t\t\t\t\t<\/div>\n\t\t<\/div>\n\t\t\t\t\t<\/div>\n\t\t<\/section>\n\t\t\t\t\t<\/div>\n\t\t<\/div>\n\t\t\t\t\t<\/div>\n\t\t<\/section>\n\t\t\t\t<section class=\"elementor-section elementor-top-section elementor-element elementor-element-508a04b elementor-section-stretched elementor-section-full_width elementor-section-height-default elementor-section-height-default\" data-id=\"508a04b\" data-element_type=\"section\" data-settings=\"{&quot;stretch_section&quot;:&quot;section-stretched&quot;}\">\n\t\t\t\t\t\t<div class=\"elementor-container elementor-column-gap-no\">\n\t\t\t\t\t<div class=\"elementor-column elementor-col-100 elementor-top-column elementor-element elementor-element-5f98fc3\" data-id=\"5f98fc3\" data-element_type=\"column\">\n\t\t\t<div class=\"elementor-widget-wrap elementor-element-populated\">\n\t\t\t\t\t\t<div class=\"elementor-element elementor-element-eb5f339 elementor-widget elementor-widget-muzex_about2\" data-id=\"eb5f339\" data-element_type=\"widget\" data-widget_type=\"muzex_about2.default\">\n\t\t\t\t<div class=\"elementor-widget-container\">\n\t\t\t\n        <section class=\"about-three \">\n            <div class=\"container-fluid\">\n                <div class=\"row no-gutters\">\n                    <div class=\"col-lg-6\">\n                        <div class=\"about-three__image clearfix\">\n                            <img decoding=\"async\" src=\"https:\/\/www.fundatiagusa.ro\/wp-content\/uploads\/2023\/04\/gusa09_005-scaled.jpg\" alt=\"Image\">\n                        <\/div><!-- \/.about-three__image -->\n                    <\/div><!-- \/.col-lg-6 -->\n                    <div class=\"col-lg-6 d-flex\">\n                        <div class=\"my-auto\">\n                            <div class=\"about-three__content\">\n                                <div class=\"block-title\">\n                                    <p>A historic gesture<\/p>\n                                    <h3><\/h3>\n                                <\/div><!-- \/.block-title -->\n                                <p class=\"about-three__highlight\"><\/p>\n                                <p>The main purpose of the Foundation is to ensure the broadest possible knowledge of the personality of General \u015etefan Gu\u015f\u0103 and of the actions he undertook throughout his military career, but above all in a moment of historical importance for the freedom of the nation, for the independence and the integrity of Romania. The refusal of the so-called \"brotherly help\" of the Soviet troops, ready to intervene in the ongoing clashes on Romanian territory, remains one of General \u015etefan Gu\u015f\u0103's decisive actions, a memorable gesture carried out with lucidity, which changed the destiny of Romania. Engineer General \u015etefan Gu\u015f\u0103 did his duty hoping that, in a more generous future with this nation, Romanians would learn the truth, \"making them better, more humane and more confident in their lucky star\".<\/p>\n                            <\/div><!-- \/.about-three__content -->\n                        <\/div><!-- \/.my-auto -->\n                    <\/div><!-- \/.col-lg-6 -->\n                <\/div><!-- \/.row no-gutters -->\n            <\/div><!-- \/.container-fluid -->\n        <\/section><!-- \/.about-three -->\n            \n\t\t\t\t<\/div>\n\t\t\t\t<\/div>\n\t\t\t\t\t<\/div>\n\t\t<\/div>\n\t\t\t\t\t<\/div>\n\t\t<\/section>\n\t\t\t\t<section class=\"elementor-section elementor-top-section elementor-element elementor-element-f8350d1 elementor-section-stretched elementor-section-full_width elementor-section-height-default elementor-section-height-default\" data-id=\"f8350d1\" data-element_type=\"section\" data-settings=\"{&quot;stretch_section&quot;:&quot;section-stretched&quot;}\">\n\t\t\t\t\t\t<div class=\"elementor-container elementor-column-gap-no\">\n\t\t\t\t\t<div class=\"elementor-column elementor-col-100 elementor-top-column elementor-element elementor-element-3d3e961\" data-id=\"3d3e961\" data-element_type=\"column\">\n\t\t\t<div class=\"elementor-widget-wrap elementor-element-populated\">\n\t\t\t\t\t\t<div class=\"elementor-element elementor-element-b54c99b animated-slow elementor-invisible elementor-widget elementor-widget-muzex_about\" data-id=\"b54c99b\" data-element_type=\"widget\" data-settings=\"{&quot;_animation&quot;:&quot;fadeIn&quot;,&quot;_animation_delay&quot;:200}\" data-widget_type=\"muzex_about.default\">\n\t\t\t\t<div class=\"elementor-widget-container\">\n\t\t\t\n\t\t        <section class=\"about-two \" style=\"background-image: url(https:\/\/www.fundatiagusa.ro\/wp-content\/uploads\/2023\/04\/sfondo-colore.jpg);\">\n\t\t\t\t\t\t\n\t\t\t            <div class=\"container\">\n                <div class=\"row\">\n                    <div class=\"col-lg-6\">\n                        <div class=\"about-two__content\">\n                            <div class=\"block-title\">\n                                <p>HONORARY WILL<\/p>\n                                <h3><\/h3>\n                            <\/div>\n                            <!-- \/.block-title -->\n                            <p class=\"about-two__highlight\">\n                                                            <\/p>\n                            <!-- \/.about-two__highlight -->\n                            <p>\n                                Am I accused of Romanism*? This pleases me, and I would like to deserve this accusation all my life (\u2026). A small country like ours, with a particular geostrategic position, will continue to be the target of many. I suppose and somehow feel that in the future Romania will be the focus of extraordinarily large interests (\u2026). Anyone who doesn't understand this means they don't understand Romanian, said General Stefan Gusa in an interview with an Army newspaper. This is not only a mark of national dignity, but also an honorific testament addressed at that time to the Romanians.\n<br><br>\n<small>*National sentiment of Romanians.<\/small>                            <\/p>\n                        <\/div>\n                        <!-- \/.about-two__content -->\n                    <\/div>\n                    <!-- \/.col-lg-6 -->\n                    <div class=\"col-lg-5\">\n                        <div class=\"about-two__image\">\n                            <img decoding=\"async\" src=\"https:\/\/www.fundatiagusa.ro\/wp-content\/uploads\/2023\/04\/generale-gusa.jpg\" alt=\"Image\" \/>\n                        <\/div>\n                        <!-- \/.about-two__image -->\n                    <\/div>\n                    <!-- \/.col-lg-5 -->\n                <\/div>\n                <!-- \/.row -->\n            <\/div>\n            <!-- \/.container -->\n        <\/section>\n            \n\t\t\t\t<\/div>\n\t\t\t\t<\/div>\n\t\t\t\t\t<\/div>\n\t\t<\/div>\n\t\t\t\t\t<\/div>\n\t\t<\/section>\n\t\t\t\t<section class=\"elementor-section elementor-top-section elementor-element elementor-element-59385b5 elementor-section-full_width elementor-section-stretched elementor-section-height-default elementor-section-height-default\" data-id=\"59385b5\" data-element_type=\"section\" data-settings=\"{&quot;stretch_section&quot;:&quot;section-stretched&quot;}\">\n\t\t\t\t\t\t<div class=\"elementor-container elementor-column-gap-no\">\n\t\t\t\t\t<div class=\"elementor-column elementor-col-100 elementor-top-column elementor-element elementor-element-ad59f85\" data-id=\"ad59f85\" data-element_type=\"column\" data-settings=\"{&quot;background_background&quot;:&quot;classic&quot;}\">\n\t\t\t<div class=\"elementor-widget-wrap elementor-element-populated\">\n\t\t\t\t\t\t<div class=\"elementor-element elementor-element-65e3565 elementor-widget elementor-widget-muzex_h4_funfact\" data-id=\"65e3565\" data-element_type=\"widget\" data-widget_type=\"muzex_h4_funfact.default\">\n\t\t\t\t<div class=\"elementor-widget-container\">\n\t\t\t\n        <!-- funfact-section -->\n        <section class=\" funfact-section\">\n\t\t\t            <div class=\"bg-layer\" style=\"background-image: url(https:\/\/www.fundatiagusa.ro\/wp-content\/uploads\/2023\/04\/Generalul-Stefan-Gusa.jpg);\">\n\t\t\t\t\t\t<\/div>\n            <div class=\"anim-icon\">\n\t\t\t\t                <div class=\"icon anim-icon-1\" style=\"background-image: url(https:\/\/www.fundatiagusa.ro\/wp-content\/uploads\/2023\/05\/shape-vuota.png);\">\n\t\t\t\t\t\t\t\t<\/div>\n                <div class=\"icon anim-icon-2\"><\/div>\n            <\/div>\n            <div class=\"outer-box clearfix\">\n                <div class=\"content-box\">\n                    <div class=\"content-inner\">\n\t\t\t\t\t\t                        <div class=\"block-title\">\n                            <p>OUR GOALS<\/p>\n                            <h3>The foundation in numbers<\/h3>\n                        <\/div>\n\t\t\t\t\t\t                        <div class=\"text\">\n                            <p>Since its inception, the Foundation has achieved several important milestones.\nHere are some numbers that testify to the activities carried out and the goals achieved.<\/p>\n                        <\/div>\n                        <div class=\"counter-outer\">\n                            <div class=\"row clearfix\">\n\t\t\t\t\t\t\t\t                                <div class=\"col-lg-4 col-md-6 col-sm-12 counter-block\">\n                                    <div class=\"counter-inner\">\n\t\t\t\t\t\t\t\t\t\t<div class=\"counter-box\"><span class=\"counter-num\">28<\/span><span><\/span><\/div>\n                                        <p>Years of Activity<\/p>\n                                    <\/div>\n                                <\/div>\n\t\t\t\t\t\t\t\t                                <div class=\"col-lg-4 col-md-6 col-sm-12 counter-block\">\n                                    <div class=\"counter-inner\">\n\t\t\t\t\t\t\t\t\t\t<div class=\"counter-box\"><span class=\"counter-num\">68<\/span><span><\/span><\/div>\n                                        <p>Diplomas assigned<\/p>\n                                    <\/div>\n                                <\/div>\n\t\t\t\t\t\t\t\t                                <div class=\"col-lg-4 col-md-6 col-sm-12 counter-block\">\n                                    <div class=\"counter-inner\">\n\t\t\t\t\t\t\t\t\t\t<div class=\"counter-box\"><span class=\"counter-num\">54<\/span><span><\/span><\/div>\n                                        <p>Events Organized<\/p>\n                                    <\/div>\n                                <\/div>\n\t\t\t\t\t\t\t\t                            <\/div>\n                        <\/div>\n                    <\/div>\n                <\/div>\n            <\/div>\n        <\/section>\n        <!-- funfact-section end -->\n            \n\t\t\t\t<\/div>\n\t\t\t\t<\/div>\n\t\t\t\t\t<\/div>\n\t\t<\/div>\n\t\t\t\t\t<\/div>\n\t\t<\/section>\n\t\t\t\t<section class=\"elementor-section elementor-top-section elementor-element elementor-element-357fd0e elementor-section-boxed elementor-section-height-default elementor-section-height-default\" data-id=\"357fd0e\" data-element_type=\"section\">\n\t\t\t\t\t\t<div class=\"elementor-container elementor-column-gap-default\">\n\t\t\t\t\t<div class=\"elementor-column elementor-col-100 elementor-top-column elementor-element elementor-element-12c27f6\" data-id=\"12c27f6\" data-element_type=\"column\">\n\t\t\t<div class=\"elementor-widget-wrap elementor-element-populated\">\n\t\t\t\t\t\t<div class=\"elementor-element elementor-element-888e564 elementor-widget elementor-widget-muzex_about\" data-id=\"888e564\" data-element_type=\"widget\" data-widget_type=\"muzex_about.default\">\n\t\t\t\t<div class=\"elementor-widget-container\">\n\t\t\t\n\t\t        <section class=\"about-two \" style=\"background-image: url(https:\/\/www.fundatiagusa.ro\/wp-content\/uploads\/2023\/04\/sfondo-colore.jpg);\">\n\t\t\t\t\t\t\n\t\t\t            <div class=\"container\">\n                <div class=\"row\">\n                    <div class=\"col-lg-6\">\n                        <div class=\"about-two__content\">\n                            <div class=\"block-title\">\n                                <p>ACTIVITY<\/p>\n                                <h3><\/h3>\n                            <\/div>\n                            <!-- \/.block-title -->\n                            <p class=\"about-two__highlight\">\n                                                            <\/p>\n                            <!-- \/.about-two__highlight -->\n                            <p>\n                                The support by the General \u015etefan Gu\u015f\u0103 Foundation in education and training activities is continuous: from fundamental and applied scientific research of teaching staff to scientific research of students and publishing activities carried out by military higher education institutions.\n<br><br>\n<a href=\"attivita\/\" style=\"color:#252930;\"><b>Find out more<\/b><\/a>                            <\/p>\n                        <\/div>\n                        <!-- \/.about-two__content -->\n                    <\/div>\n                    <!-- \/.col-lg-6 -->\n                    <div class=\"col-lg-5\">\n                        <div class=\"about-two__image\">\n                            <img decoding=\"async\" src=\"https:\/\/www.fundatiagusa.ro\/wp-content\/uploads\/2023\/06\/Oprea-Alexandru-Nicolae-21072010.jpg\" alt=\"Image\" \/>\n                        <\/div>\n                        <!-- \/.about-two__image -->\n                    <\/div>\n                    <!-- \/.col-lg-5 -->\n                <\/div>\n                <!-- \/.row -->\n            <\/div>\n            <!-- \/.container -->\n        <\/section>\n            \n\t\t\t\t<\/div>\n\t\t\t\t<\/div>\n\t\t\t\t\t<\/div>\n\t\t<\/div>\n\t\t\t\t\t<\/div>\n\t\t<\/section>\n\t\t\t\t<\/div>\n\t\t","protected":false},"excerpt":{"rendered":"<p>General Stefan GusaFoundation Il passato \u00e8 il nostro futuro Mission \u00a0 Created in 1997 on the initiative of Dr. Daniela Veronica Gu\u0219\u0103 de Dr\u0103gan.It is a non-governmental, non-profit organization with no political, religious, or other affiliations. The Foundation bears the name of Lieutenant General Engineer Gu\u0219\u0103 \u015etefan, Chief of Staff of the Romanian Army in [&hellip;]<\/p>\n","protected":false},"author":1,"featured_media":0,"parent":0,"menu_order":0,"comment_status":"closed","ping_status":"closed","template":"tpl-default-elementor.php","meta":{"footnotes":""},"class_list":["post-7420","page","type-page","status-publish","hentry"],"_links":{"self":[{"href":"https:\/\/www.fundatiagusa.ro\/en\/wp-json\/wp\/v2\/pages\/7420","targetHints":{"allow":["GET"]}}],"collection":[{"href":"https:\/\/www.fundatiagusa.ro\/en\/wp-json\/wp\/v2\/pages"}],"about":[{"href":"https:\/\/www.fundatiagusa.ro\/en\/wp-json\/wp\/v2\/types\/page"}],"author":[{"embeddable":true,"href":"https:\/\/www.fundatiagusa.ro\/en\/wp-json\/wp\/v2\/users\/1"}],"replies":[{"embeddable":true,"href":"https:\/\/www.fundatiagusa.ro\/en\/wp-json\/wp\/v2\/comments?post=7420"}],"version-history":[{"count":142,"href":"https:\/\/www.fundatiagusa.ro\/en\/wp-json\/wp\/v2\/pages\/7420\/revisions"}],"predecessor-version":[{"id":10357,"href":"https:\/\/www.fundatiagusa.ro\/en\/wp-json\/wp\/v2\/pages\/7420\/revisions\/10357"}],"wp:attachment":[{"href":"https:\/\/www.fundatiagusa.ro\/en\/wp-json\/wp\/v2\/media?parent=7420"}],"curies":[{"name":"wp","href":"https:\/\/api.w.org\/{rel}","templated":true}]}}