{"id":8825,"date":"2023-06-02T09:22:42","date_gmt":"2023-06-02T09:22:42","guid":{"rendered":"https:\/\/www.fundatiagusa.ro\/media\/"},"modified":"2023-09-18T15:45:55","modified_gmt":"2023-09-18T15:45:55","slug":"media","status":"publish","type":"page","link":"https:\/\/www.fundatiagusa.ro\/en\/media\/","title":{"rendered":"Media"},"content":{"rendered":"\t\t<div data-elementor-type=\"wp-page\" data-elementor-id=\"8825\" class=\"elementor elementor-8825 elementor-2545\">\n\t\t\t\t\t\t<section class=\"elementor-section elementor-top-section elementor-element elementor-element-5b10994 elementor-section-boxed elementor-section-height-default elementor-section-height-default\" data-id=\"5b10994\" data-element_type=\"section\" data-settings=\"{&quot;background_background&quot;:&quot;gradient&quot;}\">\n\t\t\t\t\t\t<div class=\"elementor-container elementor-column-gap-default\">\n\t\t\t\t\t<div class=\"elementor-column elementor-col-100 elementor-top-column elementor-element elementor-element-0c39cfd\" data-id=\"0c39cfd\" data-element_type=\"column\" data-settings=\"{&quot;background_background&quot;:&quot;classic&quot;}\">\n\t\t\t<div class=\"elementor-widget-wrap elementor-element-populated\">\n\t\t\t\t\t\t<div class=\"elementor-element elementor-element-20813a0 elementor-widget elementor-widget-muzex_event2\" data-id=\"20813a0\" data-element_type=\"widget\" data-widget_type=\"muzex_event2.default\">\n\t\t\t\t<div class=\"elementor-widget-container\">\n\t\t\t\n        <section class=\"event-two \">\n            <img decoding=\"async\" src=\"https:\/\/www.fundatiagusa.ro\/wp-content\/uploads\/2023\/05\/shape-vuota.png\" class=\"event-two__sculpture\" alt=\"Image\">\n            <div class=\"container\">\n                <div class=\"block-title-two text-center\">\n                    <span class=\"block-title-two__line\"><\/span><!-- \/.block-title-two__line -->\n                    <p><\/p>\n                    <h3>Media<\/h3>\n                <\/div><!-- \/.block-title-two -->\n\t\t\t\t\n\t\t\t\t\t\n\t\t\t\t\n                <div class=\"event-two__single\">\n                    <div class=\"row\">\n                        <div class=\"col-lg-5 wow fadeInLeft\" data-wow-duration=\"1500ms\">\n                            <div class=\"event-two__image\">\n                                <div class=\"event-two__image-inner\">\n                                    <img decoding=\"async\" src=\"https:\/\/www.fundatiagusa.ro\/wp-content\/uploads\/2023\/06\/media-background.png\" alt=\"Image\">\n                                <\/div><!-- \/.event-two__image-inner -->\n                            <\/div><!-- \/.event-two__image -->\n                        <\/div><!-- \/.col-lg-5 -->\n                        <div class=\"col-lg-7 d-flex\">\n                            <div class=\"my-auto\">\n                                <div class=\"event-two__content\">\n                                    <div class=\"block-title event-two__title\">\n                                        <p>August 2011<\/p>\n                                        <h3>The General \u015etefan Gu\u015f\u0103 Foundation supports excellence in military education<\/h3>\n                                    <\/div><!-- \/.event-two__title -->\n                                    <p>Military Observer No. 31                                    <\/p>\n                                    <a href=\"\/wp-content\/uploads\/2023\/07\/OM11august2011.jpg\" class=\"thm-btn event-two__btn\">Read<\/a><!-- \/.thm-btn event-two__btn -->\n                                <\/div><!-- \/.event-two__content -->\n\n                            <\/div><!-- \/.my-auto -->\n                        <\/div><!-- \/.col-lg-7 -->\n                    <\/div><!-- \/.row -->\n                <\/div><!-- \/.event-two__single -->\n\n\t\t\t\t\t\n\t\t\t\t\n                <div class=\"event-two__single\">\n                    <div class=\"row\">\n                        <div class=\"col-lg-5 wow fadeInLeft\" data-wow-duration=\"1500ms\">\n                            <div class=\"event-two__image\">\n                                <div class=\"event-two__image-inner\">\n                                    <img decoding=\"async\" src=\"https:\/\/www.fundatiagusa.ro\/wp-content\/uploads\/2023\/06\/media-background.png\" alt=\"Image\">\n                                <\/div><!-- \/.event-two__image-inner -->\n                            <\/div><!-- \/.event-two__image -->\n                        <\/div><!-- \/.col-lg-5 -->\n                        <div class=\"col-lg-7 d-flex\">\n                            <div class=\"my-auto\">\n                                <div class=\"event-two__content\">\n                                    <div class=\"block-title event-two__title\">\n                                        <p>April 14, 2010<\/p>\n                                        <h3>General \u015etefan Gu\u015f\u0103 lecture hall was inaugurated at the National Defense University\n<\/h3>\n                                    <\/div><!-- \/.event-two__title -->\n                                    <p>The Banatean Renaissance                                    <\/p>\n                                    <a href=\"\/wp-content\/uploads\/2023\/06\/La-Universitatea-Nationala-de-Aparare-a-fost-inaugurata-Sala-de-lectura-General-Stefan-Gusa.pdf\" class=\"thm-btn event-two__btn\">Read<\/a><!-- \/.thm-btn event-two__btn -->\n                                <\/div><!-- \/.event-two__content -->\n\n                            <\/div><!-- \/.my-auto -->\n                        <\/div><!-- \/.col-lg-7 -->\n                    <\/div><!-- \/.row -->\n                <\/div><!-- \/.event-two__single -->\n\n\t\t\t\t\t\n\t\t\t\t\n                <div class=\"event-two__single\">\n                    <div class=\"row\">\n                        <div class=\"col-lg-5 wow fadeInLeft\" data-wow-duration=\"1500ms\">\n                            <div class=\"event-two__image\">\n                                <div class=\"event-two__image-inner\">\n                                    <img decoding=\"async\" src=\"https:\/\/www.fundatiagusa.ro\/wp-content\/uploads\/2023\/06\/media-background.png\" alt=\"Image\">\n                                <\/div><!-- \/.event-two__image-inner -->\n                            <\/div><!-- \/.event-two__image -->\n                        <\/div><!-- \/.col-lg-5 -->\n                        <div class=\"col-lg-7 d-flex\">\n                            <div class=\"my-auto\">\n                                <div class=\"event-two__content\">\n                                    <div class=\"block-title event-two__title\">\n                                        <p>DECEMBER 2008<\/p>\n                                        <h3>In December '89\n<\/h3>\n                                    <\/div><!-- \/.event-two__title -->\n                                    <p>Military Observer N\u00b0 50 \u2013 51 (December 2008)\n                                    <\/p>\n                                    <a href=\"\/wp-content\/uploads\/2023\/06\/media-activitate-pdf-2.pdf\" class=\"thm-btn event-two__btn\">Read<\/a><!-- \/.thm-btn event-two__btn -->\n                                <\/div><!-- \/.event-two__content -->\n\n                            <\/div><!-- \/.my-auto -->\n                        <\/div><!-- \/.col-lg-7 -->\n                    <\/div><!-- \/.row -->\n                <\/div><!-- \/.event-two__single -->\n\n\t\t\t\t\t\n\t\t\t\t\n                <div class=\"event-two__single\">\n                    <div class=\"row\">\n                        <div class=\"col-lg-5 wow fadeInLeft\" data-wow-duration=\"1500ms\">\n                            <div class=\"event-two__image\">\n                                <div class=\"event-two__image-inner\">\n                                    <img decoding=\"async\" src=\"https:\/\/www.fundatiagusa.ro\/wp-content\/uploads\/2023\/06\/media-background.png\" alt=\"Image\">\n                                <\/div><!-- \/.event-two__image-inner -->\n                            <\/div><!-- \/.event-two__image -->\n                        <\/div><!-- \/.col-lg-5 -->\n                        <div class=\"col-lg-7 d-flex\">\n                            <div class=\"my-auto\">\n                                <div class=\"event-two__content\">\n                                    <div class=\"block-title event-two__title\">\n                                        <p>December 22, 2008<\/p>\n                                        <h3>The day of the revolution was marked at the monument of heroes martyrs\n\n<\/h3>\n                                    <\/div><!-- \/.event-two__title -->\n                                    <p>BUZAU LOCAL NEWS                                    <\/p>\n                                    <a href=\"\/wp-content\/uploads\/2023\/06\/media-activitate-pdf-3.pdf\" class=\"thm-btn event-two__btn\">Read<\/a><!-- \/.thm-btn event-two__btn -->\n                                <\/div><!-- \/.event-two__content -->\n\n                            <\/div><!-- \/.my-auto -->\n                        <\/div><!-- \/.col-lg-7 -->\n                    <\/div><!-- \/.row -->\n                <\/div><!-- \/.event-two__single -->\n\n\t\t\t\t\t\n\t\t\t\t\n                <div class=\"event-two__single\">\n                    <div class=\"row\">\n                        <div class=\"col-lg-5 wow fadeInLeft\" data-wow-duration=\"1500ms\">\n                            <div class=\"event-two__image\">\n                                <div class=\"event-two__image-inner\">\n                                    <img decoding=\"async\" src=\"https:\/\/www.fundatiagusa.ro\/wp-content\/uploads\/2023\/06\/media-background.png\" alt=\"Image\">\n                                <\/div><!-- \/.event-two__image-inner -->\n                            <\/div><!-- \/.event-two__image -->\n                        <\/div><!-- \/.col-lg-5 -->\n                        <div class=\"col-lg-7 d-flex\">\n                            <div class=\"my-auto\">\n                                <div class=\"event-two__content\">\n                                    <div class=\"block-title event-two__title\">\n                                        <p>December 19, 2008<\/p>\n                                        <h3>The martyrs of the revolution paid homage through a military and religious ceremonial\n\n<\/h3>\n                                    <\/div><!-- \/.event-two__title -->\n                                    <p>BUZAU LOCAL NEWS                                    <\/p>\n                                    <a href=\"\/wp-content\/uploads\/2023\/06\/media-activitate-pdf-4.pdf\" class=\"thm-btn event-two__btn\">Read<\/a><!-- \/.thm-btn event-two__btn -->\n                                <\/div><!-- \/.event-two__content -->\n\n                            <\/div><!-- \/.my-auto -->\n                        <\/div><!-- \/.col-lg-7 -->\n                    <\/div><!-- \/.row -->\n                <\/div><!-- \/.event-two__single -->\n\n\t\t\t\t\t\n\t\t\t\t\n                <div class=\"event-two__single\">\n                    <div class=\"row\">\n                        <div class=\"col-lg-5 wow fadeInLeft\" data-wow-duration=\"1500ms\">\n                            <div class=\"event-two__image\">\n                                <div class=\"event-two__image-inner\">\n                                    <img decoding=\"async\" src=\"https:\/\/www.fundatiagusa.ro\/wp-content\/uploads\/2023\/06\/media-background.png\" alt=\"Image\">\n                                <\/div><!-- \/.event-two__image-inner -->\n                            <\/div><!-- \/.event-two__image -->\n                        <\/div><!-- \/.col-lg-5 -->\n                        <div class=\"col-lg-7 d-flex\">\n                            <div class=\"my-auto\">\n                                <div class=\"event-two__content\">\n                                    <div class=\"block-title event-two__title\">\n                                        <p>December 8, 2006<\/p>\n                                        <h3>\"Student research in the third millennium\"\n\n<\/h3>\n                                    <\/div><!-- \/.event-two__title -->\n                                    <p>International Session of Scientific Communications 5th Edition, 8 \u2013 10 December 2006\nAZIMUTH: THE CULTURE                                    <\/p>\n                                    <a href=\"\/wp-content\/uploads\/2023\/06\/media-activitate-pdf-5.pdf\" class=\"thm-btn event-two__btn\">Read<\/a><!-- \/.thm-btn event-two__btn -->\n                                <\/div><!-- \/.event-two__content -->\n\n                            <\/div><!-- \/.my-auto -->\n                        <\/div><!-- \/.col-lg-7 -->\n                    <\/div><!-- \/.row -->\n                <\/div><!-- \/.event-two__single -->\n\n\t\t\t\t\t\n\t\t\t\t\n                <div class=\"event-two__single\">\n                    <div class=\"row\">\n                        <div class=\"col-lg-5 wow fadeInLeft\" data-wow-duration=\"1500ms\">\n                            <div class=\"event-two__image\">\n                                <div class=\"event-two__image-inner\">\n                                    <img decoding=\"async\" src=\"https:\/\/www.fundatiagusa.ro\/wp-content\/uploads\/2023\/06\/media-background.png\" alt=\"Image\">\n                                <\/div><!-- \/.event-two__image-inner -->\n                            <\/div><!-- \/.event-two__image -->\n                        <\/div><!-- \/.col-lg-5 -->\n                        <div class=\"col-lg-7 d-flex\">\n                            <div class=\"my-auto\">\n                                <div class=\"event-two__content\">\n                                    <div class=\"block-title event-two__title\">\n                                        <p>4-6 SEPTEMBER 2002<\/p>\n                                        <h3>1941 \u2013 1945 Priests in the trenches\n<\/h3>\n                                    <\/div><!-- \/.event-two__title -->\n                                    <p>The Nation No. 164\n                                    <\/p>\n                                    <a href=\"\/wp-content\/uploads\/2023\/06\/media-activitate-pdf-6.pdf\" class=\"thm-btn event-two__btn\">Read<\/a><!-- \/.thm-btn event-two__btn -->\n                                <\/div><!-- \/.event-two__content -->\n\n                            <\/div><!-- \/.my-auto -->\n                        <\/div><!-- \/.col-lg-7 -->\n                    <\/div><!-- \/.row -->\n                <\/div><!-- \/.event-two__single -->\n\n\t\t\t\t\t\n\t\t\t\t\n                <div class=\"event-two__single\">\n                    <div class=\"row\">\n                        <div class=\"col-lg-5 wow fadeInLeft\" data-wow-duration=\"1500ms\">\n                            <div class=\"event-two__image\">\n                                <div class=\"event-two__image-inner\">\n                                    <img decoding=\"async\" src=\"https:\/\/www.fundatiagusa.ro\/wp-content\/uploads\/2023\/06\/media-background.png\" alt=\"Image\">\n                                <\/div><!-- \/.event-two__image-inner -->\n                            <\/div><!-- \/.event-two__image -->\n                        <\/div><!-- \/.col-lg-5 -->\n                        <div class=\"col-lg-7 d-flex\">\n                            <div class=\"my-auto\">\n                                <div class=\"event-two__content\">\n                                    <div class=\"block-title event-two__title\">\n                                        <p>7-13 AUGUST 2002<\/p>\n                                        <h3>Fighting priests for the Great Union\n\n<\/h3>\n                                    <\/div><!-- \/.event-two__title -->\n                                    <p>The Nation No. 160\n                                    <\/p>\n                                    <a href=\"\/wp-content\/uploads\/2023\/06\/media-activitate-pdf-7.pdf\" class=\"thm-btn event-two__btn\">Read<\/a><!-- \/.thm-btn event-two__btn -->\n                                <\/div><!-- \/.event-two__content -->\n\n                            <\/div><!-- \/.my-auto -->\n                        <\/div><!-- \/.col-lg-7 -->\n                    <\/div><!-- \/.row -->\n                <\/div><!-- \/.event-two__single -->\n\n\t\t\t\t\t\n\t\t\t\t\n                <div class=\"event-two__single\">\n                    <div class=\"row\">\n                        <div class=\"col-lg-5 wow fadeInLeft\" data-wow-duration=\"1500ms\">\n                            <div class=\"event-two__image\">\n                                <div class=\"event-two__image-inner\">\n                                    <img decoding=\"async\" src=\"https:\/\/www.fundatiagusa.ro\/wp-content\/uploads\/2023\/06\/media-background.png\" alt=\"Image\">\n                                <\/div><!-- \/.event-two__image-inner -->\n                            <\/div><!-- \/.event-two__image -->\n                        <\/div><!-- \/.col-lg-5 -->\n                        <div class=\"col-lg-7 d-flex\">\n                            <div class=\"my-auto\">\n                                <div class=\"event-two__content\">\n                                    <div class=\"block-title event-two__title\">\n                                        <p>July 10-16, 2002<\/p>\n                                        <h3>Romania between the years 1939 \u2013 1994 and its relations with Germany\n<\/h3>\n                                    <\/div><!-- \/.event-two__title -->\n                                    <p>The Nation No. 156                                    <\/p>\n                                    <a href=\"\/wp-content\/uploads\/2023\/06\/media-activitate-pdf-8.pdf\" class=\"thm-btn event-two__btn\">Read<\/a><!-- \/.thm-btn event-two__btn -->\n                                <\/div><!-- \/.event-two__content -->\n\n                            <\/div><!-- \/.my-auto -->\n                        <\/div><!-- \/.col-lg-7 -->\n                    <\/div><!-- \/.row -->\n                <\/div><!-- \/.event-two__single -->\n\n\t\t\t\t\t\n\t\t\t\t\n                <div class=\"event-two__single\">\n                    <div class=\"row\">\n                        <div class=\"col-lg-5 wow fadeInLeft\" data-wow-duration=\"1500ms\">\n                            <div class=\"event-two__image\">\n                                <div class=\"event-two__image-inner\">\n                                    <img decoding=\"async\" src=\"https:\/\/www.fundatiagusa.ro\/wp-content\/uploads\/2023\/06\/media-background.png\" alt=\"Image\">\n                                <\/div><!-- \/.event-two__image-inner -->\n                            <\/div><!-- \/.event-two__image -->\n                        <\/div><!-- \/.col-lg-5 -->\n                        <div class=\"col-lg-7 d-flex\">\n                            <div class=\"my-auto\">\n                                <div class=\"event-two__content\">\n                                    <div class=\"block-title event-two__title\">\n                                        <p>July 10-16, 2002<\/p>\n                                        <h3>Military diplomacy\n<\/h3>\n                                    <\/div><!-- \/.event-two__title -->\n                                    <p>The Nation No. 156                                    <\/p>\n                                    <a href=\"\/wp-content\/uploads\/2023\/06\/media-activitate-pdf-9.pdf\" class=\"thm-btn event-two__btn\">Read<\/a><!-- \/.thm-btn event-two__btn -->\n                                <\/div><!-- \/.event-two__content -->\n\n                            <\/div><!-- \/.my-auto -->\n                        <\/div><!-- \/.col-lg-7 -->\n                    <\/div><!-- \/.row -->\n                <\/div><!-- \/.event-two__single -->\n\n\t\t\t\t\t\n\t\t\t\t\n                <div class=\"event-two__single\">\n                    <div class=\"row\">\n                        <div class=\"col-lg-5 wow fadeInLeft\" data-wow-duration=\"1500ms\">\n                            <div class=\"event-two__image\">\n                                <div class=\"event-two__image-inner\">\n                                    <img decoding=\"async\" src=\"https:\/\/www.fundatiagusa.ro\/wp-content\/uploads\/2023\/06\/media-background.png\" alt=\"Image\">\n                                <\/div><!-- \/.event-two__image-inner -->\n                            <\/div><!-- \/.event-two__image -->\n                        <\/div><!-- \/.col-lg-5 -->\n                        <div class=\"col-lg-7 d-flex\">\n                            <div class=\"my-auto\">\n                                <div class=\"event-two__content\">\n                                    <div class=\"block-title event-two__title\">\n                                        <p>MAY 2000<\/p>\n                                        <h3>Major General Stefan Gheorghe Gusa\n\n<\/h3>\n                                    <\/div><!-- \/.event-two__title -->\n                                    <p>Romanian Army Reserve No. 2                                    <\/p>\n                                    <a href=\"\/wp-content\/uploads\/2023\/06\/2000-2001_Rezerva_Ostirii_Romane.pdf\" class=\"thm-btn event-two__btn\">Read<\/a><!-- \/.thm-btn event-two__btn -->\n                                <\/div><!-- \/.event-two__content -->\n\n                            <\/div><!-- \/.my-auto -->\n                        <\/div><!-- \/.col-lg-7 -->\n                    <\/div><!-- \/.row -->\n                <\/div><!-- \/.event-two__single -->\n\n\t\t\t\t\t\n\t\t\t\t\n                <div class=\"event-two__single\">\n                    <div class=\"row\">\n                        <div class=\"col-lg-5 wow fadeInLeft\" data-wow-duration=\"1500ms\">\n                            <div class=\"event-two__image\">\n                                <div class=\"event-two__image-inner\">\n                                    <img decoding=\"async\" src=\"https:\/\/www.fundatiagusa.ro\/wp-content\/uploads\/2023\/06\/media-background.png\" alt=\"Image\">\n                                <\/div><!-- \/.event-two__image-inner -->\n                            <\/div><!-- \/.event-two__image -->\n                        <\/div><!-- \/.col-lg-5 -->\n                        <div class=\"col-lg-7 d-flex\">\n                            <div class=\"my-auto\">\n                                <div class=\"event-two__content\">\n                                    <div class=\"block-title event-two__title\">\n                                        <p>OCTOBER 28, 1997<\/p>\n                                        <h3>Romania was one step away from Soviet occupation\n\n<\/h3>\n                                    <\/div><!-- \/.event-two__title -->\n                                    <p>National newspaper                                    <\/p>\n                                    <a href=\"\/wp-content\/uploads\/2023\/06\/Ziarul-National.pdf\" class=\"thm-btn event-two__btn\">Read<\/a><!-- \/.thm-btn event-two__btn -->\n                                <\/div><!-- \/.event-two__content -->\n\n                            <\/div><!-- \/.my-auto -->\n                        <\/div><!-- \/.col-lg-7 -->\n                    <\/div><!-- \/.row -->\n                <\/div><!-- \/.event-two__single -->\n\n\t\t\t\t\n            <\/div><!-- \/.container -->\n        <\/section><!-- \/.event-two -->\n            \n\t\t\t\t<\/div>\n\t\t\t\t<\/div>\n\t\t\t\t\t<\/div>\n\t\t<\/div>\n\t\t\t\t\t<\/div>\n\t\t<\/section>\n\t\t\t\t<\/div>\n\t\t","protected":false},"excerpt":{"rendered":"<p>Media August 2011 The General \u015etefan Gu\u015f\u0103 Foundation supports excellence in military education Military Observer No. 31 Read April 14, 2010 General \u015etefan Gu\u015f\u0103 lecture hall was inaugurated at the National Defense University The Banatean Renaissance Read DECEMBER 2008 In December &#8217;89 Military Observer N\u00b0 50 \u2013 51 (December 2008) Read December 22, 2008 The [&hellip;]<\/p>\n","protected":false},"author":2,"featured_media":0,"parent":0,"menu_order":0,"comment_status":"closed","ping_status":"closed","template":"tpl-default-elementor.php","meta":{"footnotes":""},"class_list":["post-8825","page","type-page","status-publish","hentry"],"_links":{"self":[{"href":"https:\/\/www.fundatiagusa.ro\/en\/wp-json\/wp\/v2\/pages\/8825","targetHints":{"allow":["GET"]}}],"collection":[{"href":"https:\/\/www.fundatiagusa.ro\/en\/wp-json\/wp\/v2\/pages"}],"about":[{"href":"https:\/\/www.fundatiagusa.ro\/en\/wp-json\/wp\/v2\/types\/page"}],"author":[{"embeddable":true,"href":"https:\/\/www.fundatiagusa.ro\/en\/wp-json\/wp\/v2\/users\/2"}],"replies":[{"embeddable":true,"href":"https:\/\/www.fundatiagusa.ro\/en\/wp-json\/wp\/v2\/comments?post=8825"}],"version-history":[{"count":16,"href":"https:\/\/www.fundatiagusa.ro\/en\/wp-json\/wp\/v2\/pages\/8825\/revisions"}],"predecessor-version":[{"id":8841,"href":"https:\/\/www.fundatiagusa.ro\/en\/wp-json\/wp\/v2\/pages\/8825\/revisions\/8841"}],"wp:attachment":[{"href":"https:\/\/www.fundatiagusa.ro\/en\/wp-json\/wp\/v2\/media?parent=8825"}],"curies":[{"name":"wp","href":"https:\/\/api.w.org\/{rel}","templated":true}]}}