{"id":1881,"date":"2023-04-26T11:04:05","date_gmt":"2023-04-26T11:04:05","guid":{"rendered":"https:\/\/www.fundatiagusa.ro\/?page_id=1881"},"modified":"2023-08-31T18:15:21","modified_gmt":"2023-08-31T18:15:21","slug":"biografia","status":"publish","type":"page","link":"https:\/\/www.fundatiagusa.ro\/it\/biografia\/","title":{"rendered":"Biografia"},"content":{"rendered":"\t\t<div data-elementor-type=\"wp-page\" data-elementor-id=\"1881\" class=\"elementor elementor-1881\">\n\t\t\t\t\t\t<section class=\"elementor-section elementor-top-section elementor-element elementor-element-128c236e elementor-section-full_width elementor-section-content-middle elementor-section-height-default elementor-section-height-default\" data-id=\"128c236e\" data-element_type=\"section\">\n\t\t\t\t\t\t<div class=\"elementor-container elementor-column-gap-no\">\n\t\t\t\t\t<div class=\"elementor-column elementor-col-33 elementor-top-column elementor-element elementor-element-6cb98646\" data-id=\"6cb98646\" data-element_type=\"column\">\n\t\t\t<div class=\"elementor-widget-wrap elementor-element-populated\">\n\t\t\t\t\t\t<div class=\"elementor-element elementor-element-4d1fe632 elementor-invisible elementor-widget elementor-widget-image\" data-id=\"4d1fe632\" data-element_type=\"widget\" data-settings=\"{&quot;_animation&quot;:&quot;fadeInLeft&quot;}\" data-widget_type=\"image.default\">\n\t\t\t\t<div class=\"elementor-widget-container\">\n\t\t\t<style>\/*! elementor - v3.19.0 - 26-02-2024 *\/\n.elementor-widget-image{text-align:center}.elementor-widget-image a{display:inline-block}.elementor-widget-image a img[src$=\".svg\"]{width:48px}.elementor-widget-image img{vertical-align:middle;display:inline-block}<\/style>\t\t\t\t\t\t\t\t\t\t<img fetchpriority=\"high\" decoding=\"async\" width=\"1000\" height=\"1489\" src=\"https:\/\/www.fundatiagusa.ro\/wp-content\/uploads\/2023\/04\/gusa26_bro_small.jpg\" class=\"attachment-full size-full wp-image-1889\" alt=\"\" srcset=\"https:\/\/www.fundatiagusa.ro\/wp-content\/uploads\/2023\/04\/gusa26_bro_small.jpg 1000w, https:\/\/www.fundatiagusa.ro\/wp-content\/uploads\/2023\/04\/gusa26_bro_small-201x300.jpg 201w, https:\/\/www.fundatiagusa.ro\/wp-content\/uploads\/2023\/04\/gusa26_bro_small-688x1024.jpg 688w, https:\/\/www.fundatiagusa.ro\/wp-content\/uploads\/2023\/04\/gusa26_bro_small-768x1144.jpg 768w\" sizes=\"(max-width: 1000px) 100vw, 1000px\" \/>\t\t\t\t\t\t\t\t\t\t\t\t\t<\/div>\n\t\t\t\t<\/div>\n\t\t\t\t\t<\/div>\n\t\t<\/div>\n\t\t\t\t<div class=\"elementor-column elementor-col-33 elementor-top-column elementor-element elementor-element-4c522277 animated-slow elementor-invisible\" data-id=\"4c522277\" data-element_type=\"column\" data-settings=\"{&quot;animation&quot;:&quot;fadeIn&quot;}\">\n\t\t\t<div class=\"elementor-widget-wrap elementor-element-populated\">\n\t\t\t\t\t\t<div class=\"elementor-element elementor-element-1ce6d3fd elementor-widget elementor-widget-text-editor\" data-id=\"1ce6d3fd\" data-element_type=\"widget\" data-widget_type=\"text-editor.default\">\n\t\t\t\t<div class=\"elementor-widget-container\">\n\t\t\t<style>\/*! elementor - v3.19.0 - 26-02-2024 *\/\n.elementor-widget-text-editor.elementor-drop-cap-view-stacked .elementor-drop-cap{background-color:#69727d;color:#fff}.elementor-widget-text-editor.elementor-drop-cap-view-framed .elementor-drop-cap{color:#69727d;border:3px solid;background-color:transparent}.elementor-widget-text-editor:not(.elementor-drop-cap-view-default) .elementor-drop-cap{margin-top:8px}.elementor-widget-text-editor:not(.elementor-drop-cap-view-default) .elementor-drop-cap-letter{width:1em;height:1em}.elementor-widget-text-editor .elementor-drop-cap{float:left;text-align:center;line-height:1;font-size:50px}.elementor-widget-text-editor .elementor-drop-cap-letter{display:inline-block}<\/style>\t\t\t\t<p>Biografia<\/p>\t\t\t\t\t\t<\/div>\n\t\t\t\t<\/div>\n\t\t\t\t<div class=\"elementor-element elementor-element-5f35f316 elementor-widget elementor-widget-heading\" data-id=\"5f35f316\" data-element_type=\"widget\" data-widget_type=\"heading.default\">\n\t\t\t\t<div class=\"elementor-widget-container\">\n\t\t\t<style>\/*! elementor - v3.19.0 - 26-02-2024 *\/\n.elementor-heading-title{padding:0;margin:0;line-height:1}.elementor-widget-heading .elementor-heading-title[class*=elementor-size-]>a{color:inherit;font-size:inherit;line-height:inherit}.elementor-widget-heading .elementor-heading-title.elementor-size-small{font-size:15px}.elementor-widget-heading .elementor-heading-title.elementor-size-medium{font-size:19px}.elementor-widget-heading .elementor-heading-title.elementor-size-large{font-size:29px}.elementor-widget-heading .elementor-heading-title.elementor-size-xl{font-size:39px}.elementor-widget-heading .elementor-heading-title.elementor-size-xxl{font-size:59px}<\/style><h3 class=\"elementor-heading-title elementor-size-default\">Generale\nStefan Gusa<\/h3>\t\t<\/div>\n\t\t\t\t<\/div>\n\t\t\t\t<div class=\"elementor-element elementor-element-7cd284dd elementor-widget-divider--view-line elementor-widget elementor-widget-divider\" data-id=\"7cd284dd\" data-element_type=\"widget\" data-widget_type=\"divider.default\">\n\t\t\t\t<div class=\"elementor-widget-container\">\n\t\t\t<style>\/*! elementor - v3.19.0 - 26-02-2024 *\/\n.elementor-widget-divider{--divider-border-style:none;--divider-border-width:1px;--divider-color:#0c0d0e;--divider-icon-size:20px;--divider-element-spacing:10px;--divider-pattern-height:24px;--divider-pattern-size:20px;--divider-pattern-url:none;--divider-pattern-repeat:repeat-x}.elementor-widget-divider .elementor-divider{display:flex}.elementor-widget-divider .elementor-divider__text{font-size:15px;line-height:1;max-width:95%}.elementor-widget-divider .elementor-divider__element{margin:0 var(--divider-element-spacing);flex-shrink:0}.elementor-widget-divider .elementor-icon{font-size:var(--divider-icon-size)}.elementor-widget-divider .elementor-divider-separator{display:flex;margin:0;direction:ltr}.elementor-widget-divider--view-line_icon .elementor-divider-separator,.elementor-widget-divider--view-line_text .elementor-divider-separator{align-items:center}.elementor-widget-divider--view-line_icon .elementor-divider-separator:after,.elementor-widget-divider--view-line_icon .elementor-divider-separator:before,.elementor-widget-divider--view-line_text .elementor-divider-separator:after,.elementor-widget-divider--view-line_text .elementor-divider-separator:before{display:block;content:\"\";border-block-end:0;flex-grow:1;border-block-start:var(--divider-border-width) var(--divider-border-style) var(--divider-color)}.elementor-widget-divider--element-align-left .elementor-divider .elementor-divider-separator>.elementor-divider__svg:first-of-type{flex-grow:0;flex-shrink:100}.elementor-widget-divider--element-align-left .elementor-divider-separator:before{content:none}.elementor-widget-divider--element-align-left .elementor-divider__element{margin-left:0}.elementor-widget-divider--element-align-right .elementor-divider .elementor-divider-separator>.elementor-divider__svg:last-of-type{flex-grow:0;flex-shrink:100}.elementor-widget-divider--element-align-right .elementor-divider-separator:after{content:none}.elementor-widget-divider--element-align-right .elementor-divider__element{margin-right:0}.elementor-widget-divider--element-align-start .elementor-divider .elementor-divider-separator>.elementor-divider__svg:first-of-type{flex-grow:0;flex-shrink:100}.elementor-widget-divider--element-align-start .elementor-divider-separator:before{content:none}.elementor-widget-divider--element-align-start .elementor-divider__element{margin-inline-start:0}.elementor-widget-divider--element-align-end .elementor-divider .elementor-divider-separator>.elementor-divider__svg:last-of-type{flex-grow:0;flex-shrink:100}.elementor-widget-divider--element-align-end .elementor-divider-separator:after{content:none}.elementor-widget-divider--element-align-end .elementor-divider__element{margin-inline-end:0}.elementor-widget-divider:not(.elementor-widget-divider--view-line_text):not(.elementor-widget-divider--view-line_icon) .elementor-divider-separator{border-block-start:var(--divider-border-width) var(--divider-border-style) var(--divider-color)}.elementor-widget-divider--separator-type-pattern{--divider-border-style:none}.elementor-widget-divider--separator-type-pattern.elementor-widget-divider--view-line .elementor-divider-separator,.elementor-widget-divider--separator-type-pattern:not(.elementor-widget-divider--view-line) .elementor-divider-separator:after,.elementor-widget-divider--separator-type-pattern:not(.elementor-widget-divider--view-line) .elementor-divider-separator:before,.elementor-widget-divider--separator-type-pattern:not([class*=elementor-widget-divider--view]) .elementor-divider-separator{width:100%;min-height:var(--divider-pattern-height);-webkit-mask-size:var(--divider-pattern-size) 100%;mask-size:var(--divider-pattern-size) 100%;-webkit-mask-repeat:var(--divider-pattern-repeat);mask-repeat:var(--divider-pattern-repeat);background-color:var(--divider-color);-webkit-mask-image:var(--divider-pattern-url);mask-image:var(--divider-pattern-url)}.elementor-widget-divider--no-spacing{--divider-pattern-size:auto}.elementor-widget-divider--bg-round{--divider-pattern-repeat:round}.rtl .elementor-widget-divider .elementor-divider__text{direction:rtl}.e-con-inner>.elementor-widget-divider,.e-con>.elementor-widget-divider{width:var(--container-widget-width,100%);--flex-grow:var(--container-widget-flex-grow)}<\/style>\t\t<div class=\"elementor-divider\">\n\t\t\t<span class=\"elementor-divider-separator\">\n\t\t\t\t\t\t<\/span>\n\t\t<\/div>\n\t\t\t\t<\/div>\n\t\t\t\t<\/div>\n\t\t\t\t\t<\/div>\n\t\t<\/div>\n\t\t\t\t<div class=\"elementor-column elementor-col-33 elementor-top-column elementor-element elementor-element-6e4ed9ad\" data-id=\"6e4ed9ad\" data-element_type=\"column\">\n\t\t\t<div class=\"elementor-widget-wrap elementor-element-populated\">\n\t\t\t\t\t\t<div class=\"elementor-element elementor-element-63b52268 elementor-widget elementor-widget-text-editor\" data-id=\"63b52268\" data-element_type=\"widget\" data-widget_type=\"text-editor.default\">\n\t\t\t\t<div class=\"elementor-widget-container\">\n\t\t\t\t\t\t\t<p><strong>Il Generale Stefan Gusa<\/strong>\u00a0nacque il 17 aprile 1940 nel villaggio Spataru del comune di Costesti, in provincia di Buzau.<\/p><p>\u00a0<\/p><p>Frequent\u00f2 la scuola elementare di Spataru e il liceo \u201cBogdan Petriceicu Hasdeu\u201d di Buzau. Gli anni trascorsi qui sono segnati da una forte volont\u00e0 che lo indusse a perseverare e a riuscire a distinguersi attraverso l&#8217;istruzione. Nell\u2019autunno del 1957 si iscrisse alla Scuola Militare Ufficiali Attivi di Carri Armati e Auto di Pitesti, e ci\u00f2 segn\u00f2 l\u2019inizio di una carriera militare verso cui si sent\u00ec irrimediabilmente attratto e a cui sembrava essere predestinato.<\/p>\t\t\t\t\t\t<\/div>\n\t\t\t\t<\/div>\n\t\t\t\t\t<\/div>\n\t\t<\/div>\n\t\t\t\t\t<\/div>\n\t\t<\/section>\n\t\t\t\t<section class=\"elementor-section elementor-top-section elementor-element elementor-element-d7312e6 elementor-section-full_width elementor-section-height-default elementor-section-height-default\" data-id=\"d7312e6\" data-element_type=\"section\">\n\t\t\t\t\t\t<div class=\"elementor-container elementor-column-gap-default\">\n\t\t\t\t\t<div class=\"elementor-column elementor-col-100 elementor-top-column elementor-element elementor-element-0112356\" data-id=\"0112356\" data-element_type=\"column\">\n\t\t\t<div class=\"elementor-widget-wrap elementor-element-populated\">\n\t\t\t\t\t\t<div class=\"elementor-element elementor-element-8e02cd0 elementor-widget__width-inherit elementor-widget elementor-widget-text-editor\" data-id=\"8e02cd0\" data-element_type=\"widget\" data-widget_type=\"text-editor.default\">\n\t\t\t\t<div class=\"elementor-widget-container\">\n\t\t\t\t\t\t\t<p><span style=\"font-family: var( --e-global-typography-text-font-family ), Sans-serif;\">Nell\u2019estate del 1960, dopo aver conseguito la laurea per l\u2019arma carri armati con il massimo dei voti, gli venne conferito il grado di tenente e fu nominato comandante del 2\u00b0 Plotone Carri Armati della 4a Compagnia del 68\u00b0 Reggimento Carri Armati e Autocannoni.<\/span><\/p><p>Le sue qualit\u00e0 militari e pedagogiche fecero s\u00ec che fin dal primo anno di attivit\u00e0 si rivelasse un eccellente istruttore. Tra il 15 giugno 1961 e il 6 settembre 1966,\u00a0 ricopr\u00ec quindi le funzioni di comandante di Plotone e di Compagnia allievi alla Scuola Militare Superiore Ufficiali di Carri Armati e Auto di Pitesti. Il rispettivo periodo fu contrassegnato da notevoli risultati, il plotone istruito dal tenente Gusa essendo dichiarato la prima subunit\u00e0 di eminenti allievi dell\u2019Esercito.<\/p><p>Il 30 dicembre 1963 venne promosso al grado di tenente maggiore, ed eccezionalmente, soltanto due anni pi\u00f9 tardi, il 30 dicembre 1965, a quello di capitano.<br \/>Negli anni 1966 \u2013 1972, frequent\u00f2 i corsi dell\u2019Accademia Militare Generale, Sezione Carri Armati e Auto presso la Facolt\u00e0 Militare Tecnica dove, come studente,\u00a0 si fece notare fra l\u2019altro per le sue qualit\u00e0 di ricercatore scientifico nel campo dello studio della galleggiabilit\u00e0 dei veicoli blindati anfibi. Il 30 dicembre 1971 venne promosso al grado di maggiore. In segno di apprezzamento delle sue doti, dopo la laurea fu nominato docente presso la Cattedra Tecnica di Carri Armati e Auto, incarico che ricopr\u00ec da marzo a ottobre del 1972. Le notevoli qualit\u00e0 dimostrate nel periodo in cui svolse mansioni di comando portarono alla sua nomina il 7 ottobre 1972 a comandante del 6\u00b0 Reggimento Carri Armati \u201cIon Buteanu\u201d della guarnigione di Turda.<\/p><p>Mantenne questo incarico fino al 13 agosto 1976, con una piccola interruzione tra il 1\u00b0 dicembre 1975 e il 31 maggio 1976 quando frequent\u00f2 il Corso postaccademico di perfezionamento, Sezione armi riunite.<\/p><p>Le sue prestazioni al comando del 6\u00b0 Reggimento Carri Armati gli fecero ottenere eccezionalmente il 23 agosto 1974 un nuovo avanzamento al grado di tenente-colonnello. Il 13 agosto 1976 venne nominato a capo dello Stato Maggiore della 6a Divisione Carri Armati \u201cHoria, Closca e Crisan\u201d. Il 23 agosto 1979 fu avanzato al grado di colonnello ingegnere, anche questa volta prima della fine del periodo di stage di grado.<\/p><p>Bench\u00e9 l\u2019incarico di Capo di Stato Maggiore fosse particolarmente impegnativo, Stefan Gusa non trascur\u00f2 la sua preparazione professionale, frequentando dal 1\u00b0 agosto al 30 novembre 1978 un corso di perfezionamento della sua formazione in materia di organizzazione-mobilitazione.<\/p><p>L\u2019andamento ascendente della sua carriera militare, dovuto esclusivamente alle sue doti e ai risultati eccellenti ottenuti nell\u2019adempimento delle sue mansioni, prosegu\u00ec mediante la sua nomina, il 10 novembre 1981, al comando della 6a Divisione Carri Armati \u201cHoria, Closca e Crisan\u201d il cui Capo di Stato Maggiore era stato per sei anni.<\/p><p>Nel periodo 15 settembre 1982 \u2013 14 luglio 1983 frequent\u00f2 il Corso postaccademico superiore.<br \/>Il 23 agosto 1984 fu promosso al grado di generale-maggiore (generale di brigata), mentre il 25 settembre 1986 fu nominato Primo Viceministro della Difesa Nazionale e Capo del Grande Stato Maggiore.<br \/>Durante gli eventi di dicembre 1989, il generale Stefan Gusa era a capo del Grande Stato Maggiore. La sua attivit\u00e0 fu allora segnata da tre momenti che lo definirono come un grande patriota.<\/p><p>A Timisoara, quando vide l\u2019ampiezza e la natura delle manifestazioni &#8211; diverse da quanto affermato nei comunicati ufficiali \u2013 ordin\u00f2 di non sparare contro i manifestanti, mentre, in seguito alla sua visita presso una grande impresa di Timisoara, gli operai con cui parl\u00f2 lanciarono lo slogan \u201cL\u2019esercito \u00e8 con noi!\u201d, scandito successivamente nell\u2019intero Paese. Ritornato a Bucarest dove succedette al defunto generale Vasile Milea nella carica di Ministro della Difesa Nazionale, ordin\u00f2 alle truppe militari di ritornare nelle caserme e di difendere in seguito le istituzioni dello Stato che erano passate dalla parte della rivoluzione. Al contempo, si dichiar\u00f2 assolutamente contrario all\u2019entrata nel Paese di truppe straniere per difendere l\u2019indipendenza e la sovranit\u00e0 nazionale.<\/p><p>Il 28 dicembre 1989 fu dimesso dall\u2019incarico di Capo del Grande Stato Maggiore e nominato Capo di Stato Maggiore (e primo sostituto del comandante) presso la 4a Armata. Poco tempo dopo, il 26 febbraio 1990, fu nominato comandante della 2nda Armata, il cui comando era dislocato a Buzau.<br \/>Deteneva proprio l\u2019incarico di comandante della 2nda Armata in data del 28 marzo 1994 quando mor\u00ec in seguito a una spietata malattia che mise fine a una carriera militare di eccezione, privando l\u2019Esercito Romeno di uno dei suoi brillanti rappresentanti.<\/p>\t\t\t\t\t\t<\/div>\n\t\t\t\t<\/div>\n\t\t\t\t\t<\/div>\n\t\t<\/div>\n\t\t\t\t\t<\/div>\n\t\t<\/section>\n\t\t\t\t<section class=\"elementor-section elementor-top-section elementor-element elementor-element-4b3c94ae elementor-section-stretched elementor-section-full_width elementor-section-height-default elementor-section-height-default\" data-id=\"4b3c94ae\" data-element_type=\"section\" data-settings=\"{&quot;stretch_section&quot;:&quot;section-stretched&quot;}\">\n\t\t\t\t\t\t<div class=\"elementor-container elementor-column-gap-no\">\n\t\t\t\t\t<div class=\"elementor-column elementor-col-100 elementor-top-column elementor-element elementor-element-1675dbbe\" data-id=\"1675dbbe\" data-element_type=\"column\">\n\t\t\t<div class=\"elementor-widget-wrap elementor-element-populated\">\n\t\t\t\t\t\t<div class=\"elementor-element elementor-element-352fe17b elementor-widget elementor-widget-muzex_gallery2\" data-id=\"352fe17b\" data-element_type=\"widget\" data-widget_type=\"muzex_gallery2.default\">\n\t\t\t\t<div class=\"elementor-widget-container\">\n\t\t\t\n        <section class=\"collection-two \">\n            <div class=\"container-fluid\">\n                <div class=\"block-title-two text-center\">\n                    <p>Galleria Immagini<\/p>\n                    <h3><\/h3>\n                <\/div><!-- \/.block-title-two -->\n                <div class=\"collection-two__carousel shadowed__carousel thm__owl-carousel owl-carousel owl-theme\" data-options='{\n\t\t\t\"loop\": true, \"margin\": 0, \"autoplay\": true, \"autoplayTimeout\": 5000, \"autoplayHoverPause\": true, \"items\": 5, \"smartSpeed\": 700, \"dots\": false, \"nav\": true, \"responsive\": {\n\t\t\t\t\"1920\": { \"items\": 5},\n\t\t\t\t\"1440\": { \"items\": 4},\n\t\t\t\t\"1199\": { \"items\": 4},\n\t\t\t\t\"991\": { \"items\": 3},\n\t\t\t\t\"767\": { \"items\": 2},\n\t\t\t\t\"575\": { \"items\": 2},\n\t\t\t\t\"480\": { \"items\": 2},\n\t\t\t\t\"0\": { \"items\": 1}\n\t\t\t}\n\t\t}'>\n\t\t\n\t\t\t\t\t\t\n\t\t\n                    <div class=\"item\">\n                        <div class=\"collection-two__single\">\n                            <div class=\"collection-two__image\">\n                                <img decoding=\"async\" src=\"https:\/\/www.fundatiagusa.ro\/wp-content\/uploads\/2023\/04\/gusa16_008.jpg\" alt=\"Image\">\n                            <\/div><!-- \/.collection-two__image -->\n                            <div class=\"collection-two__content\">\n                                <h3><a href=\"\"><\/a><\/h3>\n                                <p><\/p>\n                            <\/div><!-- \/.collection-two__content -->\n                        <\/div><!-- \/.collection-two__single -->\n                    <\/div><!-- \/.item -->\n\t\t\t\t\t\n\t\t\t\t\t\t\n\t\t\n                    <div class=\"item\">\n                        <div class=\"collection-two__single\">\n                            <div class=\"collection-two__image\">\n                                <img decoding=\"async\" src=\"https:\/\/www.fundatiagusa.ro\/wp-content\/uploads\/2023\/04\/gusa19_008.jpg\" alt=\"Image\">\n                            <\/div><!-- \/.collection-two__image -->\n                            <div class=\"collection-two__content\">\n                                <h3><a href=\"#\"><\/a><\/h3>\n                                <p><\/p>\n                            <\/div><!-- \/.collection-two__content -->\n                        <\/div><!-- \/.collection-two__single -->\n                    <\/div><!-- \/.item -->\n\t\t\t\t\t\n\t\t\t\t\t\t\n\t\t\n                    <div class=\"item\">\n                        <div class=\"collection-two__single\">\n                            <div class=\"collection-two__image\">\n                                <img decoding=\"async\" src=\"https:\/\/www.fundatiagusa.ro\/wp-content\/uploads\/2023\/04\/gusa25_bro.jpg\" alt=\"Image\">\n                            <\/div><!-- \/.collection-two__image -->\n                            <div class=\"collection-two__content\">\n                                <h3><a href=\"#\"><\/a><\/h3>\n                                <p><\/p>\n                            <\/div><!-- \/.collection-two__content -->\n                        <\/div><!-- \/.collection-two__single -->\n                    <\/div><!-- \/.item -->\n\t\t\t\t\t\n\t\t\t\t\t\t\n\t\t\n                    <div class=\"item\">\n                        <div class=\"collection-two__single\">\n                            <div class=\"collection-two__image\">\n                                <img decoding=\"async\" src=\"https:\/\/www.fundatiagusa.ro\/wp-content\/uploads\/2023\/04\/gusa26_bro.jpg\" alt=\"Image\">\n                            <\/div><!-- \/.collection-two__image -->\n                            <div class=\"collection-two__content\">\n                                <h3><a href=\"#\"><\/a><\/h3>\n                                <p><\/p>\n                            <\/div><!-- \/.collection-two__content -->\n                        <\/div><!-- \/.collection-two__single -->\n                    <\/div><!-- \/.item -->\n\t\t\t\t\t\n\t\t\t\t\t\n                <\/div><!-- \/.collection-two__carousel shadowed__carousel thm__owl-carousel owl-carousel owl-theme -->\n            <\/div><!-- \/.container-fluid -->\n        <\/section><!-- \/.collection-two -->\n            \n\t\t\t\t<\/div>\n\t\t\t\t<\/div>\n\t\t\t\t\t<\/div>\n\t\t<\/div>\n\t\t\t\t\t<\/div>\n\t\t<\/section>\n\t\t\t\t<\/div>\n\t\t","protected":false},"excerpt":{"rendered":"<p>Biografia Generale Stefan Gusa Il Generale Stefan Gusa\u00a0nacque il 17 aprile 1940 nel villaggio Spataru del comune di Costesti, in provincia di Buzau. Frequent\u00f2 la scuola elementare di Spataru e il liceo \u201cBogdan Petriceicu Hasdeu\u201d di Buzau. Gli anni trascorsi qui sono segnati da una forte volont\u00e0 che lo indusse a perseverare e a riuscire [&hellip;]<\/p>\n","protected":false},"author":1,"featured_media":0,"parent":0,"menu_order":0,"comment_status":"closed","ping_status":"closed","template":"tpl-default-elementor.php","meta":{"footnotes":""},"class_list":["post-1881","page","type-page","status-publish","hentry"],"_links":{"self":[{"href":"https:\/\/www.fundatiagusa.ro\/it\/wp-json\/wp\/v2\/pages\/1881","targetHints":{"allow":["GET"]}}],"collection":[{"href":"https:\/\/www.fundatiagusa.ro\/it\/wp-json\/wp\/v2\/pages"}],"about":[{"href":"https:\/\/www.fundatiagusa.ro\/it\/wp-json\/wp\/v2\/types\/page"}],"author":[{"embeddable":true,"href":"https:\/\/www.fundatiagusa.ro\/it\/wp-json\/wp\/v2\/users\/1"}],"replies":[{"embeddable":true,"href":"https:\/\/www.fundatiagusa.ro\/it\/wp-json\/wp\/v2\/comments?post=1881"}],"version-history":[{"count":51,"href":"https:\/\/www.fundatiagusa.ro\/it\/wp-json\/wp\/v2\/pages\/1881\/revisions"}],"predecessor-version":[{"id":8659,"href":"https:\/\/www.fundatiagusa.ro\/it\/wp-json\/wp\/v2\/pages\/1881\/revisions\/8659"}],"wp:attachment":[{"href":"https:\/\/www.fundatiagusa.ro\/it\/wp-json\/wp\/v2\/media?parent=1881"}],"curies":[{"name":"wp","href":"https:\/\/api.w.org\/{rel}","templated":true}]}}