{"id":20,"date":"2020-05-14T02:08:04","date_gmt":"2020-05-14T02:08:04","guid":{"rendered":"https:\/\/old3.commonsupport.com\/wp\/muzex\/?page_id=20"},"modified":"2025-05-19T09:38:23","modified_gmt":"2025-05-19T09:38:23","slug":"home-01","status":"publish","type":"page","link":"https:\/\/www.fundatiagusa.ro\/it\/","title":{"rendered":"Home"},"content":{"rendered":"\t\t<div data-elementor-type=\"wp-page\" data-elementor-id=\"20\" class=\"elementor elementor-20\">\n\t\t\t\t\t\t<section class=\"elementor-section elementor-top-section elementor-element elementor-element-e0e7076 elementor-section-stretched elementor-section-full_width elementor-section-height-default elementor-section-height-default\" data-id=\"e0e7076\" data-element_type=\"section\" data-settings=\"{&quot;stretch_section&quot;:&quot;section-stretched&quot;}\">\n\t\t\t\t\t\t<div class=\"elementor-container elementor-column-gap-no\">\n\t\t\t\t\t<div class=\"elementor-column elementor-col-100 elementor-top-column elementor-element elementor-element-b8c0877\" data-id=\"b8c0877\" data-element_type=\"column\">\n\t\t\t<div class=\"elementor-widget-wrap elementor-element-populated\">\n\t\t\t\t\t\t<div class=\"elementor-element elementor-element-fbf5034 elementor-widget elementor-widget-muzex_theme_slider2\" data-id=\"fbf5034\" data-element_type=\"widget\" data-widget_type=\"muzex_theme_slider2.default\">\n\t\t\t\t<div class=\"elementor-widget-container\">\n\t\t\t\n        <section class=\"banner-section banner-section__home-two \">\n            <div class=\"banner-carousel thm__owl-carousel owl-theme owl-carousel\" data-options='{\"loop\": true, \"items\": 1, \"margin\": 0, \"dots\": false, \"nav\": true, \"animateOut\": \"fadeOut\", \"animateIn\": \"fadeIn\", \"active\": true, \"smartSpeed\": 1000, \"autoplay\": true, \"autoplayTimeout\": 6000, \"autoplayHoverPause\": false}'>\n\t\t\t\n\t\t\t\t\t\t\t\n                <!-- Slide Item -->\n                <div class=\"slide-item\">\n                    <div class=\"image-layer lazy-image\" style=\"background-image: url('https:\/\/www.fundatiagusa.ro\/wp-content\/uploads\/2023\/04\/gusa02_004-scaled.jpg');\"><\/div>\n                    <div class=\"container\">\n                        <div class=\"content-box text-center\">\n                            <h3><br><br><\/h3>\n                            <h2>Fondazione<br>Generale Stefan Gusa<\/h2>\n                            <div class=\"btn-box\">\n                                <a href=\"#\" class=\"thm-btn btn-style-one\">Il passato \u00e8 il nostro futuro<\/a>\n                            <\/div>\n                        <\/div>\n                    <\/div>\n                <\/div>\n\t\t\t\t\n\t\t\t\t\n            <\/div>\n        <\/section>\n            \n\t\t\t\t<\/div>\n\t\t\t\t<\/div>\n\t\t\t\t\t<\/div>\n\t\t<\/div>\n\t\t\t\t\t<\/div>\n\t\t<\/section>\n\t\t\t\t<section class=\"elementor-section elementor-top-section elementor-element elementor-element-5611d9b elementor-section-stretched elementor-section-full_width elementor-section-height-default elementor-section-height-default\" data-id=\"5611d9b\" data-element_type=\"section\" data-settings=\"{&quot;stretch_section&quot;:&quot;section-stretched&quot;}\">\n\t\t\t\t\t\t<div class=\"elementor-container elementor-column-gap-no\">\n\t\t\t\t\t<div class=\"elementor-column elementor-col-100 elementor-top-column elementor-element elementor-element-f7df5a2\" data-id=\"f7df5a2\" data-element_type=\"column\">\n\t\t\t<div class=\"elementor-widget-wrap elementor-element-populated\">\n\t\t\t\t\t\t<section class=\"elementor-section elementor-inner-section elementor-element elementor-element-06dfad4 elementor-section-boxed elementor-section-height-default elementor-section-height-default\" data-id=\"06dfad4\" data-element_type=\"section\">\n\t\t\t\t\t\t<div class=\"elementor-container elementor-column-gap-default\">\n\t\t\t\t\t<div class=\"elementor-column elementor-col-100 elementor-inner-column elementor-element elementor-element-6354c92\" data-id=\"6354c92\" data-element_type=\"column\">\n\t\t\t<div class=\"elementor-widget-wrap elementor-element-populated\">\n\t\t\t\t\t\t<div class=\"elementor-element elementor-element-334cdaa elementor-widget elementor-widget-text-editor\" data-id=\"334cdaa\" data-element_type=\"widget\" data-widget_type=\"text-editor.default\">\n\t\t\t\t<div class=\"elementor-widget-container\">\n\t\t\t<style>\/*! elementor - v3.19.0 - 26-02-2024 *\/\n.elementor-widget-text-editor.elementor-drop-cap-view-stacked .elementor-drop-cap{background-color:#69727d;color:#fff}.elementor-widget-text-editor.elementor-drop-cap-view-framed .elementor-drop-cap{color:#69727d;border:3px solid;background-color:transparent}.elementor-widget-text-editor:not(.elementor-drop-cap-view-default) .elementor-drop-cap{margin-top:8px}.elementor-widget-text-editor:not(.elementor-drop-cap-view-default) .elementor-drop-cap-letter{width:1em;height:1em}.elementor-widget-text-editor .elementor-drop-cap{float:left;text-align:center;line-height:1;font-size:50px}.elementor-widget-text-editor .elementor-drop-cap-letter{display:inline-block}<\/style>\t\t\t\t<div class=\"block-title\"><p>La Mission<\/p><h3>\u00a0<\/h3><\/div>\t\t\t\t\t\t<\/div>\n\t\t\t\t<\/div>\n\t\t\t\t\t<\/div>\n\t\t<\/div>\n\t\t\t\t\t<\/div>\n\t\t<\/section>\n\t\t\t\t<section class=\"elementor-section elementor-inner-section elementor-element elementor-element-6992487 elementor-section-boxed elementor-section-height-default elementor-section-height-default\" data-id=\"6992487\" data-element_type=\"section\">\n\t\t\t\t\t\t<div class=\"elementor-container elementor-column-gap-default\">\n\t\t\t\t\t<div class=\"elementor-column elementor-col-50 elementor-inner-column elementor-element elementor-element-8c6be3a\" data-id=\"8c6be3a\" data-element_type=\"column\">\n\t\t\t<div class=\"elementor-widget-wrap elementor-element-populated\">\n\t\t\t\t\t\t<div class=\"elementor-element elementor-element-90f44ae elementor-widget elementor-widget-text-editor\" data-id=\"90f44ae\" data-element_type=\"widget\" data-widget_type=\"text-editor.default\">\n\t\t\t\t<div class=\"elementor-widget-container\">\n\t\t\t\t\t\t\t<p>Creata nel 1997 per iniziativa della Dr.ssa Daniela Veronica Gu\u0219\u0103 de Dr\u0103gan.<br \/>\u00c8 un\u2019organizzazione non governativa senza scopi di lucro e senza affiliazioni politiche, religiose o di altra natura.<\/p><p>La Fondazione porta il nome dell\u2019ingegnere tenente generale ingegner Gu\u0219\u0103 \u015etefan, Capo di Stato Maggiore dell\u2019Esercito Romeno nel periodo che va dal 25 settembre 1986 al 28 dicembre 1989.<br \/>La sua missione \u00e8 quella di svolgere attivit\u00e0 che supportino lo studio e la promozione dei valori nazionali fondamentali che hanno animato l\u2019intera carriera militare e hanno costituito tratti distintivi della personalit\u00e0 del generale \u015etefan Gu\u015f\u0103, valori quali:<\/p>\t\t\t\t\t\t<\/div>\n\t\t\t\t<\/div>\n\t\t\t\t\t<\/div>\n\t\t<\/div>\n\t\t\t\t<div class=\"elementor-column elementor-col-50 elementor-inner-column elementor-element elementor-element-413e6ab\" data-id=\"413e6ab\" data-element_type=\"column\">\n\t\t\t<div class=\"elementor-widget-wrap elementor-element-populated\">\n\t\t\t\t\t\t<div class=\"elementor-element elementor-element-902eb28 elementor-widget elementor-widget-text-editor\" data-id=\"902eb28\" data-element_type=\"widget\" data-widget_type=\"text-editor.default\">\n\t\t\t\t<div class=\"elementor-widget-container\">\n\t\t\t\t\t\t\t<ul style=\"list-style: disc; margin-left: 10px;\"><li style=\"list-style: disc; margin-left: 10px;\">la fede nella continuit\u00e0 della patria e del popolo romeno;<\/li><li style=\"list-style: disc; margin-left: 10px;\">la passione per la storia del Paese e per la storia militare del popolo romeno;<\/li><li style=\"list-style: disc; margin-left: 10px;\">la fede in Dio che lo ha spinto ad assumersi il difficile impegno di far innalzare la chiesa del villaggio Spataru, provincia di Buzau.<\/li><li style=\"list-style: disc; margin-left: 10px;\">l\u2019amore per l\u2019Esercito Romeno che ha servito con competenza, devozione e amore, e con fiducia nel suo valore.<\/li><\/ul>\t\t\t\t\t\t<\/div>\n\t\t\t\t<\/div>\n\t\t\t\t\t<\/div>\n\t\t<\/div>\n\t\t\t\t\t<\/div>\n\t\t<\/section>\n\t\t\t\t<section class=\"elementor-section elementor-inner-section elementor-element elementor-element-f062f44 elementor-section-boxed elementor-section-height-default elementor-section-height-default\" data-id=\"f062f44\" data-element_type=\"section\">\n\t\t\t\t\t\t<div class=\"elementor-container elementor-column-gap-default\">\n\t\t\t\t\t<div class=\"elementor-column elementor-col-100 elementor-inner-column elementor-element elementor-element-50d3206\" data-id=\"50d3206\" data-element_type=\"column\">\n\t\t\t<div class=\"elementor-widget-wrap elementor-element-populated\">\n\t\t\t\t\t\t<div class=\"elementor-element elementor-element-42a9e9c elementor-widget elementor-widget-spacer\" data-id=\"42a9e9c\" data-element_type=\"widget\" data-widget_type=\"spacer.default\">\n\t\t\t\t<div class=\"elementor-widget-container\">\n\t\t\t<style>\/*! elementor - v3.19.0 - 26-02-2024 *\/\n.elementor-column .elementor-spacer-inner{height:var(--spacer-size)}.e-con{--container-widget-width:100%}.e-con-inner>.elementor-widget-spacer,.e-con>.elementor-widget-spacer{width:var(--container-widget-width,var(--spacer-size));--align-self:var(--container-widget-align-self,initial);--flex-shrink:0}.e-con-inner>.elementor-widget-spacer>.elementor-widget-container,.e-con>.elementor-widget-spacer>.elementor-widget-container{height:100%;width:100%}.e-con-inner>.elementor-widget-spacer>.elementor-widget-container>.elementor-spacer,.e-con>.elementor-widget-spacer>.elementor-widget-container>.elementor-spacer{height:100%}.e-con-inner>.elementor-widget-spacer>.elementor-widget-container>.elementor-spacer>.elementor-spacer-inner,.e-con>.elementor-widget-spacer>.elementor-widget-container>.elementor-spacer>.elementor-spacer-inner{height:var(--container-widget-height,var(--spacer-size))}.e-con-inner>.elementor-widget-spacer.elementor-widget-empty,.e-con>.elementor-widget-spacer.elementor-widget-empty{position:relative;min-height:22px;min-width:22px}.e-con-inner>.elementor-widget-spacer.elementor-widget-empty .elementor-widget-empty-icon,.e-con>.elementor-widget-spacer.elementor-widget-empty .elementor-widget-empty-icon{position:absolute;top:0;bottom:0;left:0;right:0;margin:auto;padding:0;width:22px;height:22px}<\/style>\t\t<div class=\"elementor-spacer\">\n\t\t\t<div class=\"elementor-spacer-inner\"><\/div>\n\t\t<\/div>\n\t\t\t\t<\/div>\n\t\t\t\t<\/div>\n\t\t\t\t\t<\/div>\n\t\t<\/div>\n\t\t\t\t\t<\/div>\n\t\t<\/section>\n\t\t\t\t\t<\/div>\n\t\t<\/div>\n\t\t\t\t\t<\/div>\n\t\t<\/section>\n\t\t\t\t<section class=\"elementor-section elementor-top-section elementor-element elementor-element-508a04b elementor-section-stretched elementor-section-full_width elementor-section-height-default elementor-section-height-default\" data-id=\"508a04b\" data-element_type=\"section\" data-settings=\"{&quot;stretch_section&quot;:&quot;section-stretched&quot;}\">\n\t\t\t\t\t\t<div class=\"elementor-container elementor-column-gap-no\">\n\t\t\t\t\t<div class=\"elementor-column elementor-col-100 elementor-top-column elementor-element elementor-element-5f98fc3\" data-id=\"5f98fc3\" data-element_type=\"column\">\n\t\t\t<div class=\"elementor-widget-wrap elementor-element-populated\">\n\t\t\t\t\t\t<div class=\"elementor-element elementor-element-eb5f339 elementor-widget elementor-widget-muzex_about2\" data-id=\"eb5f339\" data-element_type=\"widget\" data-widget_type=\"muzex_about2.default\">\n\t\t\t\t<div class=\"elementor-widget-container\">\n\t\t\t\n        <section class=\"about-three \">\n            <div class=\"container-fluid\">\n                <div class=\"row no-gutters\">\n                    <div class=\"col-lg-6\">\n                        <div class=\"about-three__image clearfix\">\n                            <img decoding=\"async\" src=\"https:\/\/www.fundatiagusa.ro\/wp-content\/uploads\/2023\/04\/gusa09_005-scaled.jpg\" alt=\"Image\">\n                        <\/div><!-- \/.about-three__image -->\n                    <\/div><!-- \/.col-lg-6 -->\n                    <div class=\"col-lg-6 d-flex\">\n                        <div class=\"my-auto\">\n                            <div class=\"about-three__content\">\n                                <div class=\"block-title\">\n                                    <p>Un gesto storico<\/p>\n                                    <h3><\/h3>\n                                <\/div><!-- \/.block-title -->\n                                <p class=\"about-three__highlight\"><\/p>\n                                <p>Il principale scopo della Fondazione \u00e8 quello di assicurare una conoscenza pi\u00f9 ampia possibile della personalit\u00e0 del generale \u015etefan Gu\u015f\u0103 e delle azioni da lui intraprese lungo la sua carriera militare, ma soprattutto in un momento di importanza storica per la libert\u00e0 della nazione, per l\u2019indipendenza e l\u2019integrit\u00e0 della Romania. Il rifiuto del cosiddetto \u201caiuto fraterno\u201d delle truppe sovietiche, pronte ad intervenire negli scontri in atto sul territorio rumeno, resta una delle azioni determinanti generale \u015etefan Gu\u015f\u0103, un gesto memorabile compiuto con lucidit\u00e0, che ha cambiato il destino della Romania. Il generale ingegner \u015etefan Gu\u015f\u0103 ha fatto il suo dovere sperando che, in un futuro pi\u00f9 generoso con questa nazione, i romeni avrebbero appreso la verit\u00e0, \"rendendoli migliori, pi\u00f9 umani e pi\u00f9 fiduciosi nella loro buona stella\".<\/p>\n                            <\/div><!-- \/.about-three__content -->\n                        <\/div><!-- \/.my-auto -->\n                    <\/div><!-- \/.col-lg-6 -->\n                <\/div><!-- \/.row no-gutters -->\n            <\/div><!-- \/.container-fluid -->\n        <\/section><!-- \/.about-three -->\n            \n\t\t\t\t<\/div>\n\t\t\t\t<\/div>\n\t\t\t\t\t<\/div>\n\t\t<\/div>\n\t\t\t\t\t<\/div>\n\t\t<\/section>\n\t\t\t\t<section class=\"elementor-section elementor-top-section elementor-element elementor-element-f8350d1 elementor-section-stretched elementor-section-full_width elementor-section-height-default elementor-section-height-default\" data-id=\"f8350d1\" data-element_type=\"section\" data-settings=\"{&quot;stretch_section&quot;:&quot;section-stretched&quot;}\">\n\t\t\t\t\t\t<div class=\"elementor-container elementor-column-gap-no\">\n\t\t\t\t\t<div class=\"elementor-column elementor-col-100 elementor-top-column elementor-element elementor-element-3d3e961\" data-id=\"3d3e961\" data-element_type=\"column\">\n\t\t\t<div class=\"elementor-widget-wrap elementor-element-populated\">\n\t\t\t\t\t\t<div class=\"elementor-element elementor-element-b54c99b animated-slow elementor-invisible elementor-widget elementor-widget-muzex_about\" data-id=\"b54c99b\" data-element_type=\"widget\" data-settings=\"{&quot;_animation&quot;:&quot;fadeIn&quot;,&quot;_animation_delay&quot;:200}\" data-widget_type=\"muzex_about.default\">\n\t\t\t\t<div class=\"elementor-widget-container\">\n\t\t\t\n\t\t        <section class=\"about-two \" style=\"background-image: url(https:\/\/www.fundatiagusa.ro\/wp-content\/uploads\/2023\/04\/sfondo-colore.jpg);\">\n\t\t\t\t\t\t\n\t\t\t            <div class=\"container\">\n                <div class=\"row\">\n                    <div class=\"col-lg-6\">\n                        <div class=\"about-two__content\">\n                            <div class=\"block-title\">\n                                <p>Testamento onorifico<\/p>\n                                <h3><\/h3>\n                            <\/div>\n                            <!-- \/.block-title -->\n                            <p class=\"about-two__highlight\">\n                                                            <\/p>\n                            <!-- \/.about-two__highlight -->\n                            <p>\n                                Vengo accusato di romanism*? Questo mi fa proprio piacere e vorrei meritarmi tutta la vita quest\u2019accusa (\u2026). Un Paese piccolo come il nostro, con una particolare posizione geostrategica, continuer\u00e0 a essere il bersaglio di molti. Suppongo e sento in qualche modo che nel futuro la Romania sar\u00e0 al centro di  interessi straordinariamente grandi (\u2026). Chi non capisce questo significa che non capisce il romeno, diceva il generale Stefan Gusa in un\u2019intervista rilasciata a un giornale dell\u2019Esercito.\nCi\u00f2 non costituisce soltanto un contrassegno della dignit\u00e0 nazionale, ma anche un testamento onorifico indirizzato in quel momento ai romeni.\n<br><br>\n<small>*Sentimento nazionale dei romeni.<\/small>                            <\/p>\n                        <\/div>\n                        <!-- \/.about-two__content -->\n                    <\/div>\n                    <!-- \/.col-lg-6 -->\n                    <div class=\"col-lg-5\">\n                        <div class=\"about-two__image\">\n                            <img decoding=\"async\" src=\"https:\/\/www.fundatiagusa.ro\/wp-content\/uploads\/2023\/04\/generale-gusa.jpg\" alt=\"Image\" \/>\n                        <\/div>\n                        <!-- \/.about-two__image -->\n                    <\/div>\n                    <!-- \/.col-lg-5 -->\n                <\/div>\n                <!-- \/.row -->\n            <\/div>\n            <!-- \/.container -->\n        <\/section>\n            \n\t\t\t\t<\/div>\n\t\t\t\t<\/div>\n\t\t\t\t\t<\/div>\n\t\t<\/div>\n\t\t\t\t\t<\/div>\n\t\t<\/section>\n\t\t\t\t<section class=\"elementor-section elementor-top-section elementor-element elementor-element-59385b5 elementor-section-full_width elementor-section-stretched elementor-section-height-default elementor-section-height-default\" data-id=\"59385b5\" data-element_type=\"section\" data-settings=\"{&quot;stretch_section&quot;:&quot;section-stretched&quot;}\">\n\t\t\t\t\t\t<div class=\"elementor-container elementor-column-gap-no\">\n\t\t\t\t\t<div class=\"elementor-column elementor-col-100 elementor-top-column elementor-element elementor-element-ad59f85\" data-id=\"ad59f85\" data-element_type=\"column\" data-settings=\"{&quot;background_background&quot;:&quot;classic&quot;}\">\n\t\t\t<div class=\"elementor-widget-wrap elementor-element-populated\">\n\t\t\t\t\t\t<div class=\"elementor-element elementor-element-65e3565 elementor-widget elementor-widget-muzex_h4_funfact\" data-id=\"65e3565\" data-element_type=\"widget\" data-widget_type=\"muzex_h4_funfact.default\">\n\t\t\t\t<div class=\"elementor-widget-container\">\n\t\t\t\n        <!-- funfact-section -->\n        <section class=\" funfact-section\">\n\t\t\t            <div class=\"bg-layer\" style=\"background-image: url(https:\/\/www.fundatiagusa.ro\/wp-content\/uploads\/2023\/04\/Generalul-Stefan-Gusa.jpg);\">\n\t\t\t\t\t\t<\/div>\n            <div class=\"anim-icon\">\n\t\t\t\t                <div class=\"icon anim-icon-1\" style=\"background-image: url(https:\/\/www.fundatiagusa.ro\/wp-content\/uploads\/2023\/05\/shape-vuota.png);\">\n\t\t\t\t\t\t\t\t<\/div>\n                <div class=\"icon anim-icon-2\"><\/div>\n            <\/div>\n            <div class=\"outer-box clearfix\">\n                <div class=\"content-box\">\n                    <div class=\"content-inner\">\n\t\t\t\t\t\t                        <div class=\"block-title\">\n                            <p>I nostri traguardi<\/p>\n                            <h3>La fondazione in numeri<\/h3>\n                        <\/div>\n\t\t\t\t\t\t                        <div class=\"text\">\n                            <p>Dalla sua nascita, la Fondazione, ha raggiunto una serie di importanti traguardi.<br>\nEcco alcuni numeri che testimoniano le attivit\u00e0 svolte e i traguardi raggiunti.<\/p>\n                        <\/div>\n                        <div class=\"counter-outer\">\n                            <div class=\"row clearfix\">\n\t\t\t\t\t\t\t\t                                <div class=\"col-lg-4 col-md-6 col-sm-12 counter-block\">\n                                    <div class=\"counter-inner\">\n\t\t\t\t\t\t\t\t\t\t<div class=\"counter-box\"><span class=\"counter-num\">28<\/span><span><\/span><\/div>\n                                        <p>Anni di<br>attivit\u00e0<\/p>\n                                    <\/div>\n                                <\/div>\n\t\t\t\t\t\t\t\t                                <div class=\"col-lg-4 col-md-6 col-sm-12 counter-block\">\n                                    <div class=\"counter-inner\">\n\t\t\t\t\t\t\t\t\t\t<div class=\"counter-box\"><span class=\"counter-num\">68<\/span><span><\/span><\/div>\n                                        <p>Diplomi<br>assegnati<\/p>\n                                    <\/div>\n                                <\/div>\n\t\t\t\t\t\t\t\t                                <div class=\"col-lg-4 col-md-6 col-sm-12 counter-block\">\n                                    <div class=\"counter-inner\">\n\t\t\t\t\t\t\t\t\t\t<div class=\"counter-box\"><span class=\"counter-num\">54<\/span><span><\/span><\/div>\n                                        <p>Eventi<br>organizzati<\/p>\n                                    <\/div>\n                                <\/div>\n\t\t\t\t\t\t\t\t                            <\/div>\n                        <\/div>\n                    <\/div>\n                <\/div>\n            <\/div>\n        <\/section>\n        <!-- funfact-section end -->\n            \n\t\t\t\t<\/div>\n\t\t\t\t<\/div>\n\t\t\t\t\t<\/div>\n\t\t<\/div>\n\t\t\t\t\t<\/div>\n\t\t<\/section>\n\t\t\t\t<section class=\"elementor-section elementor-top-section elementor-element elementor-element-357fd0e elementor-section-boxed elementor-section-height-default elementor-section-height-default\" data-id=\"357fd0e\" data-element_type=\"section\">\n\t\t\t\t\t\t<div class=\"elementor-container elementor-column-gap-default\">\n\t\t\t\t\t<div class=\"elementor-column elementor-col-100 elementor-top-column elementor-element elementor-element-12c27f6\" data-id=\"12c27f6\" data-element_type=\"column\">\n\t\t\t<div class=\"elementor-widget-wrap elementor-element-populated\">\n\t\t\t\t\t\t<div class=\"elementor-element elementor-element-888e564 elementor-widget elementor-widget-muzex_about\" data-id=\"888e564\" data-element_type=\"widget\" data-widget_type=\"muzex_about.default\">\n\t\t\t\t<div class=\"elementor-widget-container\">\n\t\t\t\n\t\t        <section class=\"about-two \" style=\"background-image: url(https:\/\/www.fundatiagusa.ro\/wp-content\/uploads\/2023\/04\/sfondo-colore.jpg);\">\n\t\t\t\t\t\t\n\t\t\t            <div class=\"container\">\n                <div class=\"row\">\n                    <div class=\"col-lg-6\">\n                        <div class=\"about-two__content\">\n                            <div class=\"block-title\">\n                                <p>Attivit\u00e0<\/p>\n                                <h3><\/h3>\n                            <\/div>\n                            <!-- \/.block-title -->\n                            <p class=\"about-two__highlight\">\n                                                            <\/p>\n                            <!-- \/.about-two__highlight -->\n                            <p>\n                                Il sostegno da parte della Fondazione Generale \u015etefan Gu\u015f\u0103 nelle attivit\u00e0 di istruzione e formazione \u00e8 continua: dalla ricerca scientifica fondamentale e applicata del personale docente, alla ricerca scientifica degli studenti e delle attivit\u00e0 editoriali svolte dagli istituti di istruzione superiore militare.\n<br><br>\n<a href=\"attivita\/\" style=\"color:#252930;\"><b>Scopri di pi\u00f9<\/b><\/a>                            <\/p>\n                        <\/div>\n                        <!-- \/.about-two__content -->\n                    <\/div>\n                    <!-- \/.col-lg-6 -->\n                    <div class=\"col-lg-5\">\n                        <div class=\"about-two__image\">\n                            <img decoding=\"async\" src=\"https:\/\/www.fundatiagusa.ro\/wp-content\/uploads\/2023\/06\/Oprea-Alexandru-Nicolae-21072010.jpg\" alt=\"Image\" \/>\n                        <\/div>\n                        <!-- \/.about-two__image -->\n                    <\/div>\n                    <!-- \/.col-lg-5 -->\n                <\/div>\n                <!-- \/.row -->\n            <\/div>\n            <!-- \/.container -->\n        <\/section>\n            \n\t\t\t\t<\/div>\n\t\t\t\t<\/div>\n\t\t\t\t\t<\/div>\n\t\t<\/div>\n\t\t\t\t\t<\/div>\n\t\t<\/section>\n\t\t\t\t<\/div>\n\t\t","protected":false},"excerpt":{"rendered":"<p>FondazioneGenerale Stefan Gusa Il passato \u00e8 il nostro futuro La Mission \u00a0 Creata nel 1997 per iniziativa della Dr.ssa Daniela Veronica Gu\u0219\u0103 de Dr\u0103gan.\u00c8 un\u2019organizzazione non governativa senza scopi di lucro e senza affiliazioni politiche, religiose o di altra natura. La Fondazione porta il nome dell\u2019ingegnere tenente generale ingegner Gu\u0219\u0103 \u015etefan, Capo di Stato Maggiore [&hellip;]<\/p>\n","protected":false},"author":1,"featured_media":0,"parent":0,"menu_order":0,"comment_status":"closed","ping_status":"closed","template":"tpl-default-elementor.php","meta":{"footnotes":""},"class_list":["post-20","page","type-page","status-publish","hentry"],"_links":{"self":[{"href":"https:\/\/www.fundatiagusa.ro\/it\/wp-json\/wp\/v2\/pages\/20","targetHints":{"allow":["GET"]}}],"collection":[{"href":"https:\/\/www.fundatiagusa.ro\/it\/wp-json\/wp\/v2\/pages"}],"about":[{"href":"https:\/\/www.fundatiagusa.ro\/it\/wp-json\/wp\/v2\/types\/page"}],"author":[{"embeddable":true,"href":"https:\/\/www.fundatiagusa.ro\/it\/wp-json\/wp\/v2\/users\/1"}],"replies":[{"embeddable":true,"href":"https:\/\/www.fundatiagusa.ro\/it\/wp-json\/wp\/v2\/comments?post=20"}],"version-history":[{"count":153,"href":"https:\/\/www.fundatiagusa.ro\/it\/wp-json\/wp\/v2\/pages\/20\/revisions"}],"predecessor-version":[{"id":10360,"href":"https:\/\/www.fundatiagusa.ro\/it\/wp-json\/wp\/v2\/pages\/20\/revisions\/10360"}],"wp:attachment":[{"href":"https:\/\/www.fundatiagusa.ro\/it\/wp-json\/wp\/v2\/media?parent=20"}],"curies":[{"name":"wp","href":"https:\/\/api.w.org\/{rel}","templated":true}]}}