{"id":23,"date":"2020-05-14T02:08:39","date_gmt":"2020-05-14T02:08:39","guid":{"rendered":"https:\/\/old3.commonsupport.com\/wp\/muzex\/?page_id=23"},"modified":"2023-08-31T18:19:35","modified_gmt":"2023-08-31T18:19:35","slug":"about-us","status":"publish","type":"page","link":"https:\/\/www.fundatiagusa.ro\/it\/about-us\/","title":{"rendered":"Fondazione"},"content":{"rendered":"\t\t<div data-elementor-type=\"wp-page\" data-elementor-id=\"23\" class=\"elementor elementor-23\">\n\t\t\t\t\t\t<section class=\"elementor-section elementor-top-section elementor-element elementor-element-3ec263f7 elementor-section-stretched elementor-section-full_width elementor-section-height-default elementor-section-height-default\" data-id=\"3ec263f7\" data-element_type=\"section\" data-settings=\"{&quot;stretch_section&quot;:&quot;section-stretched&quot;}\">\n\t\t\t\t\t\t<div class=\"elementor-container elementor-column-gap-no\">\n\t\t\t\t\t<div class=\"elementor-column elementor-col-100 elementor-top-column elementor-element elementor-element-3b7f00b9\" data-id=\"3b7f00b9\" data-element_type=\"column\">\n\t\t\t<div class=\"elementor-widget-wrap elementor-element-populated\">\n\t\t\t\t\t\t<div class=\"elementor-element elementor-element-3555961a elementor-widget elementor-widget-muzex_about3\" data-id=\"3555961a\" data-element_type=\"widget\" data-widget_type=\"muzex_about3.default\">\n\t\t\t\t<div class=\"elementor-widget-container\">\n\t\t\t\n        <section class=\"about-four \">\n            <div class=\"container\">\n                <div class=\"about-four__image wow fadeInRight\" data-wow-duration=\"1500ms\">\n                    <img decoding=\"async\" src=\"https:\/\/www.fundatiagusa.ro\/wp-content\/uploads\/2023\/04\/generale-gusa.jpg\" alt=\"Image\">\n                <\/div><!-- \/.about-four__image -->\n                <div class=\"row\">\n                    <div class=\"col-lg-6\">\n                        <div class=\"about-four__content\">\n                            <div class=\"block-title\">\n                                <p>Missione<\/p>\n                                <h3><\/h3>\n                            <\/div><!-- \/.block-title -->\n                            <div class=\"about-four__highlite-text\">\n                                <p><\/p>\n                            <\/div><!-- \/.about-four__highlite-text -->\n                            <p>La missione della Fondazione \"General \u015etefan Gu\u015f\u0103\" \u00e8 quella di assicurare la pi\u00f9 dettagliata conoscenza della personalit\u00e0 del Generale \u015etefan Gu\u015f\u0103, delle cariche ricoperte e delle azioni intraprese, di importanza storica per l'indipendenza e l'integrit\u00e0 della Romania.<\/p>\n                            <p>Inoltre, la Fondazione \"General \u015etefan Gu\u015f\u0103\" mira a contribuire alla conoscenza della verit\u00e0 storica dallo spazio rumeno e, allo stesso tempo, all'integrazione storico-culturale europea.<\/p>\n                        <\/div><!-- \/.about-four__content -->\n                    <\/div><!-- \/.col-lg-6 -->\n                <\/div><!-- \/.row -->\n            <\/div><!-- \/.container -->\n        <\/section><!-- \/.about-four -->\n            \n\t\t\t\t<\/div>\n\t\t\t\t<\/div>\n\t\t\t\t\t<\/div>\n\t\t<\/div>\n\t\t\t\t\t<\/div>\n\t\t<\/section>\n\t\t\t\t<section class=\"elementor-section elementor-top-section elementor-element elementor-element-174dc8c5 elementor-section-stretched elementor-section-full_width elementor-section-height-default elementor-section-height-default\" data-id=\"174dc8c5\" data-element_type=\"section\" data-settings=\"{&quot;stretch_section&quot;:&quot;section-stretched&quot;}\">\n\t\t\t\t\t\t<div class=\"elementor-container elementor-column-gap-no\">\n\t\t\t\t\t<div class=\"elementor-column elementor-col-100 elementor-top-column elementor-element elementor-element-47d26160\" data-id=\"47d26160\" data-element_type=\"column\">\n\t\t\t<div class=\"elementor-widget-wrap elementor-element-populated\">\n\t\t\t\t\t\t<div class=\"elementor-element elementor-element-69637402 elementor-widget elementor-widget-muzex_history\" data-id=\"69637402\" data-element_type=\"widget\" data-widget_type=\"muzex_history.default\">\n\t\t\t\t<div class=\"elementor-widget-container\">\n\t\t\t\n        <section class=\"history-one \">\n            <img decoding=\"async\" src=\"https:\/\/old3.commonsupport.com\/wp\/muzex\/wp-content\/uploads\/2021\/01\/shape-8.png\" class=\"history-one__sculp\" alt=\"Image\">\n            <div class=\"container\">\n                <div class=\"block-title-two text-center\">\n                    <p>Obiettivi<\/p>\n                    <h3><\/h3>\n                <\/div><!-- \/.block-title-two -->\n\t\t\t\t\n\t\t\t\t\t\t\t\t\n                <div class=\"history-one__single\">\n                    <div class=\"row\">\n                        <div class=\"col-lg-6\">\n                            <div class=\"history-one__image wow fadeInLeft\" data-wow-duration=\"1500ms\">\n                                <img decoding=\"async\" src=\"https:\/\/old3.commonsupport.com\/wp\/muzex\/wp-content\/uploads\/2020\/05\/history-1-1.jpg\" alt=\"Image\">\n                            <\/div><!-- \/.history-one__image -->\n                        <\/div><!-- \/.col-lg-6 -->\n                        <div class=\"col-lg-6 d-flex\">\n                            <div class=\"history-one__content my-auto\">\n                                <div class=\"history-one__top block-title\">\n                                    <p>Conferenze<\/p>\n                                    <h3><\/h3>\n                                <\/div><!-- \/.history-one__top block-title -->\n                                <p>La Fondazione \"General \u015etefan Gu\u015f\u0103\" mira a raggiungere gli scopi prefissati, organizzando conferenze e corsi e pubblicando opere di storia militare, strategia politico-militare, nonch\u00e9 volumi di documenti di importanza storica.<\/p>\n                            <\/div><!-- \/.history-one__content -->\n                        <\/div><!-- \/.col-lg-6 -->\n                    <\/div><!-- \/.row -->\n                <\/div><!-- \/.history-one__single -->\n\t\t\t\t\n\t\t\t\t\t\t\t\t\n                <div class=\"history-one__single\">\n                    <div class=\"row\">\n                        <div class=\"col-lg-6\">\n                            <div class=\"history-one__image wow fadeInLeft\" data-wow-duration=\"1500ms\">\n                                <img decoding=\"async\" src=\"https:\/\/www.fundatiagusa.ro\/wp-content\/uploads\/2023\/04\/Libro-Generale-Gusa.jpg\" alt=\"Image\">\n                            <\/div><!-- \/.history-one__image -->\n                        <\/div><!-- \/.col-lg-6 -->\n                        <div class=\"col-lg-6 d-flex\">\n                            <div class=\"history-one__content my-auto\">\n                                <div class=\"history-one__top block-title\">\n                                    <p>Opere storico-culturali<\/p>\n                                    <h3><\/h3>\n                                <\/div><!-- \/.history-one__top block-title -->\n                                <p>Numerose opere culturali e storiche sono gi\u00e0 state e saranno pubblicate in futuro sotto l\u2019egida della fondazione. La fondazione ha anche in programma di pubblicare un libro dedicato alla vita e all'opera del generale \u015etefan Gu\u015f\u0103.<\/p>\n                            <\/div><!-- \/.history-one__content -->\n                        <\/div><!-- \/.col-lg-6 -->\n                    <\/div><!-- \/.row -->\n                <\/div><!-- \/.history-one__single -->\n\t\t\t\t\n\t\t\t\t\t\t\t\t\n                <div class=\"history-one__single\">\n                    <div class=\"row\">\n                        <div class=\"col-lg-6\">\n                            <div class=\"history-one__image wow fadeInLeft\" data-wow-duration=\"1500ms\">\n                                <img decoding=\"async\" src=\"https:\/\/www.fundatiagusa.ro\/wp-content\/uploads\/2023\/04\/Generalul-Stefan-Gusa.jpg\" alt=\"Image\">\n                            <\/div><!-- \/.history-one__image -->\n                        <\/div><!-- \/.col-lg-6 -->\n                        <div class=\"col-lg-6 d-flex\">\n                            <div class=\"history-one__content my-auto\">\n                                <div class=\"history-one__top block-title\">\n                                    <p>Commemorazioni<\/p>\n                                    <h3><\/h3>\n                                <\/div><!-- \/.history-one__top block-title -->\n                                <p>Ogni annno verranno solennemente commemorati i seguenti giorni:  23 dicembre 1989 \u2013 giorno dell\u2019azione salvatrice compiuta dal generale Stefan Gusa,  25 ottobre \u2013 giorno dell\u2019esercito e  28 marzo 1994 - giorno della morte da martire del generale.\n<\/p>\n                            <\/div><!-- \/.history-one__content -->\n                        <\/div><!-- \/.col-lg-6 -->\n                    <\/div><!-- \/.row -->\n                <\/div><!-- \/.history-one__single -->\n\t\t\t\t\n\t\t\t\t\t\t\t\t\n                <div class=\"history-one__single\">\n                    <div class=\"row\">\n                        <div class=\"col-lg-6\">\n                            <div class=\"history-one__image wow fadeInLeft\" data-wow-duration=\"1500ms\">\n                                <img decoding=\"async\" src=\"https:\/\/www.fundatiagusa.ro\/wp-content\/uploads\/2023\/04\/Monument-Generalul-Stefan-Gusa.jpg\" alt=\"Image\">\n                            <\/div><!-- \/.history-one__image -->\n                        <\/div><!-- \/.col-lg-6 -->\n                        <div class=\"col-lg-6 d-flex\">\n                            <div class=\"history-one__content my-auto\">\n                                <div class=\"history-one__top block-title\">\n                                    <p>Monumenti<\/p>\n                                    <h3><\/h3>\n                                <\/div><!-- \/.history-one__top block-title -->\n                                <p>Verr\u00e0 assicurata la cura della tomba del generale Stefan Gusa, del monumento con busto in marmo di Carrara a lui dedicato, e della chiesa da lui fondata nel villaggio Spataru.\n\n\n<\/p>\n                            <\/div><!-- \/.history-one__content -->\n                        <\/div><!-- \/.col-lg-6 -->\n                    <\/div><!-- \/.row -->\n                <\/div><!-- \/.history-one__single -->\n\t\t\t\t\n\t\t\t\t\t\t\t\t\n                <div class=\"history-one__single\">\n                    <div class=\"row\">\n                        <div class=\"col-lg-6\">\n                            <div class=\"history-one__image wow fadeInLeft\" data-wow-duration=\"1500ms\">\n                                <img decoding=\"async\" src=\"https:\/\/www.fundatiagusa.ro\/wp-content\/uploads\/2023\/04\/Premi-Fondazione-Gusa-scaled.jpg\" alt=\"Image\">\n                            <\/div><!-- \/.history-one__image -->\n                        <\/div><!-- \/.col-lg-6 -->\n                        <div class=\"col-lg-6 d-flex\">\n                            <div class=\"history-one__content my-auto\">\n                                <div class=\"history-one__top block-title\">\n                                    <p>Premi e borse di studio<\/p>\n                                    <h3><\/h3>\n                                <\/div><!-- \/.history-one__top block-title -->\n                                <p>Verr\u00e0 istituito un premio della Fondazione e verranno assegnate borse di studio nel Paese e all\u2019estero, recanti il nome \u201cGenerale Stefan Gusa\u201d.<\/p>\n                            <\/div><!-- \/.history-one__content -->\n                        <\/div><!-- \/.col-lg-6 -->\n                    <\/div><!-- \/.row -->\n                <\/div><!-- \/.history-one__single -->\n\t\t\t\t\n\t\t\t\t\n            <\/div><!-- \/.container -->\n        <\/section><!-- \/.history-one -->\n            \n\t\t\t\t<\/div>\n\t\t\t\t<\/div>\n\t\t\t\t\t<\/div>\n\t\t<\/div>\n\t\t\t\t\t<\/div>\n\t\t<\/section>\n\t\t\t\t<\/div>\n\t\t","protected":false},"excerpt":{"rendered":"<p>Missione La missione della Fondazione &#8220;General \u015etefan Gu\u015f\u0103&#8221; \u00e8 quella di assicurare la pi\u00f9 dettagliata conoscenza della personalit\u00e0 del Generale \u015etefan Gu\u015f\u0103, delle cariche ricoperte e delle azioni intraprese, di importanza storica per l&#8217;indipendenza e l&#8217;integrit\u00e0 della Romania. Inoltre, la Fondazione &#8220;General \u015etefan Gu\u015f\u0103&#8221; mira a contribuire alla conoscenza della verit\u00e0 storica dallo spazio rumeno [&hellip;]<\/p>\n","protected":false},"author":1,"featured_media":0,"parent":0,"menu_order":0,"comment_status":"closed","ping_status":"closed","template":"tpl-default-elementor.php","meta":{"footnotes":""},"class_list":["post-23","page","type-page","status-publish","hentry"],"_links":{"self":[{"href":"https:\/\/www.fundatiagusa.ro\/it\/wp-json\/wp\/v2\/pages\/23","targetHints":{"allow":["GET"]}}],"collection":[{"href":"https:\/\/www.fundatiagusa.ro\/it\/wp-json\/wp\/v2\/pages"}],"about":[{"href":"https:\/\/www.fundatiagusa.ro\/it\/wp-json\/wp\/v2\/types\/page"}],"author":[{"embeddable":true,"href":"https:\/\/www.fundatiagusa.ro\/it\/wp-json\/wp\/v2\/users\/1"}],"replies":[{"embeddable":true,"href":"https:\/\/www.fundatiagusa.ro\/it\/wp-json\/wp\/v2\/comments?post=23"}],"version-history":[{"count":49,"href":"https:\/\/www.fundatiagusa.ro\/it\/wp-json\/wp\/v2\/pages\/23\/revisions"}],"predecessor-version":[{"id":8664,"href":"https:\/\/www.fundatiagusa.ro\/it\/wp-json\/wp\/v2\/pages\/23\/revisions\/8664"}],"wp:attachment":[{"href":"https:\/\/www.fundatiagusa.ro\/it\/wp-json\/wp\/v2\/media?parent=23"}],"curies":[{"name":"wp","href":"https:\/\/api.w.org\/{rel}","templated":true}]}}