{"id":25,"date":"2020-05-14T02:09:03","date_gmt":"2020-05-14T02:09:03","guid":{"rendered":"https:\/\/old3.commonsupport.com\/wp\/muzex\/?page_id=25"},"modified":"2026-04-22T08:53:19","modified_gmt":"2026-04-22T08:53:19","slug":"donazioni","status":"publish","type":"page","link":"https:\/\/www.fundatiagusa.ro\/it\/donazioni\/","title":{"rendered":"Donazioni"},"content":{"rendered":"\t\t<div data-elementor-type=\"wp-page\" data-elementor-id=\"25\" class=\"elementor elementor-25\">\n\t\t\t\t\t\t<section class=\"elementor-section elementor-top-section elementor-element elementor-element-50cd636e elementor-section-stretched elementor-section-full_width elementor-section-height-default elementor-section-height-default\" data-id=\"50cd636e\" data-element_type=\"section\" data-settings=\"{&quot;stretch_section&quot;:&quot;section-stretched&quot;}\">\n\t\t\t\t\t\t<div class=\"elementor-container elementor-column-gap-no\">\n\t\t\t\t\t<div class=\"elementor-column elementor-col-100 elementor-top-column elementor-element elementor-element-597c9702\" data-id=\"597c9702\" data-element_type=\"column\">\n\t\t\t<div class=\"elementor-widget-wrap elementor-element-populated\">\n\t\t\t\t\t\t<div class=\"elementor-element elementor-element-523d06a4 elementor-widget elementor-widget-muzex_donate\" data-id=\"523d06a4\" data-element_type=\"widget\" data-widget_type=\"muzex_donate.default\">\n\t\t\t\t<div class=\"elementor-widget-container\">\n\t\t\t\n        <section class=\"donate-one \">\n            <img decoding=\"async\" src=\"\" class=\"donate-one__sculpture\" alt=\"Image\">\n            <div class=\"container\">\n                <div class=\"row\">\n                    <div class=\"col-xl-4\">\n                        <div class=\"donate-one__block\">\n                            <div class=\"block-title\">\n                                <p>Donazioni<\/p>\n                                <h3>Un sostegno importante<\/h3>\n                            <\/div><!-- \/.block-title -->\n                            <p>Il tuo contributo \u00e8 un aiuto importante per continuare a mantenere viva e a diffondere la conoscenza delle azioni del Generale Gusa.<br> <br> \n\nLe donazioni alla Fondazione Generale Stefan Gusa permettono di organizzare eventi e conferenze, istituire premi e borse di studio, offrire assistenza alle organizzazioni dei veterani di guerra e molto altro ancora.<br><br>\nContattaci per scoprire come sostenere la Fondazione!<\/p>\n                        <\/div><!-- \/.donate-one__block -->\n                    <\/div><!-- \/.col-lg-4 -->\n                    <div class=\"col-xl-8\">\n                        \n<div class=\"wpcf7 no-js\" id=\"wpcf7-f1870-o1\" lang=\"en-US\" dir=\"ltr\" data-wpcf7-id=\"1870\">\n<div class=\"screen-reader-response\"><p role=\"status\" aria-live=\"polite\" aria-atomic=\"true\"><\/p> <ul><\/ul><\/div>\n<form action=\"\/it\/wp-json\/wp\/v2\/pages\/25#wpcf7-f1870-o1\" method=\"post\" class=\"wpcf7-form init\" aria-label=\"Contact form\" novalidate=\"novalidate\" data-status=\"init\">\n<fieldset class=\"hidden-fields-container\"><input type=\"hidden\" name=\"_wpcf7\" value=\"1870\" \/><input type=\"hidden\" name=\"_wpcf7_version\" value=\"6.1.5\" \/><input type=\"hidden\" name=\"_wpcf7_locale\" value=\"en_US\" \/><input type=\"hidden\" name=\"_wpcf7_unit_tag\" value=\"wpcf7-f1870-o1\" \/><input type=\"hidden\" name=\"_wpcf7_container_post\" value=\"0\" \/><input type=\"hidden\" name=\"_wpcf7_posted_data_hash\" value=\"\" \/>\n<\/fieldset>\n<div class=\"donate-one__form\">\n\t<h3 class=\"donate-one__title\">Contattaci per fare una donazione\n\t<\/h3>\n\t<h4 class=\"donate-one__subtitle\">Informazioni personali\n\t<\/h4>\n\t<div class=\"row\">\n\t\t<div class=\"col-lg-12\">\n\t\t\t<div class=\"donate-one__input\">\n\t\t\t\t<p><label>Nome <span>*<\/span><\/label><span class=\"wpcf7-form-control-wrap\" data-name=\"text-348\"><input size=\"40\" maxlength=\"400\" class=\"wpcf7-form-control wpcf7-text wpcf7-validates-as-required\" aria-required=\"true\" aria-invalid=\"false\" placeholder=\"Nome\" value=\"\" type=\"text\" name=\"text-348\" \/><\/span>\n\t\t\t\t<\/p>\n\t\t\t<\/div>\n\t\t<\/div>\n\t\t<div class=\"col-lg-12\">\n\t\t\t<div class=\"donate-one__input\">\n\t\t\t\t<p><label>Cognome<\/label><span class=\"wpcf7-form-control-wrap\" data-name=\"text-78\"><input size=\"40\" maxlength=\"400\" class=\"wpcf7-form-control wpcf7-text wpcf7-validates-as-required\" aria-required=\"true\" aria-invalid=\"false\" placeholder=\"Cognome\" value=\"\" type=\"text\" name=\"text-78\" \/><\/span>\n\t\t\t\t<\/p>\n\t\t\t<\/div>\n\t\t<\/div>\n\t\t<div class=\"col-lg-12\">\n\t\t\t<div class=\"donate-one__input\">\n\t\t\t\t<p><label>Indirizzo Email <span>*<\/span><\/label><span class=\"wpcf7-form-control-wrap\" data-name=\"email-476\"><input size=\"40\" maxlength=\"400\" class=\"wpcf7-form-control wpcf7-email wpcf7-validates-as-required wpcf7-text wpcf7-validates-as-email\" aria-required=\"true\" aria-invalid=\"false\" placeholder=\"Email\" value=\"\" type=\"email\" name=\"email-476\" \/><\/span>\n\t\t\t\t<\/p>\n\t\t\t<\/div>\n\t\t<\/div>\n\t\t<div class=\"col-lg-12\">\n\t\t\t<div class=\"donate-one__input\">\n\t\t\t\t<p><label>Oggetto <\/label><span class=\"wpcf7-form-control-wrap\" data-name=\"text-203\"><input size=\"40\" maxlength=\"400\" class=\"wpcf7-form-control wpcf7-text wpcf7-validates-as-required\" aria-required=\"true\" aria-invalid=\"false\" placeholder=\"Soggetto\" value=\"\" type=\"text\" name=\"text-203\" \/><\/span>\n\t\t\t\t<\/p>\n\t\t\t<\/div>\n\t\t<\/div>\n\t\t<div class=\"col-lg-12\">\n\t\t\t<p><input class=\"wpcf7-form-control wpcf7-submit has-spinner thm-btn donate-one__btn\" type=\"submit\" value=\"Invia\" \/>\n\t\t\t<\/p>\n\t\t<\/div>\n\t<\/div>\n<\/div><div class=\"wpcf7-response-output\" aria-hidden=\"true\"><\/div>\n<\/form>\n<\/div>\n                    <\/div><!-- \/.col-lg-8 -->\n                <\/div><!-- \/.row -->\n            <\/div><!-- \/.container -->\n        <\/section><!-- \/.donate-one -->\n            \n\t\t\t\t<\/div>\n\t\t\t\t<\/div>\n\t\t\t\t\t<\/div>\n\t\t<\/div>\n\t\t\t\t\t<\/div>\n\t\t<\/section>\n\t\t\t\t<section class=\"elementor-section elementor-top-section elementor-element elementor-element-a5df486 elementor-section-boxed elementor-section-height-default elementor-section-height-default\" data-id=\"a5df486\" data-element_type=\"section\">\n\t\t\t\t\t\t<div class=\"elementor-container elementor-column-gap-default\">\n\t\t\t\t\t<div class=\"elementor-column elementor-col-100 elementor-top-column elementor-element elementor-element-6637091\" data-id=\"6637091\" data-element_type=\"column\">\n\t\t\t<div class=\"elementor-widget-wrap elementor-element-populated\">\n\t\t\t\t\t\t<div class=\"elementor-element elementor-element-170735b elementor-widget elementor-widget-text-editor\" data-id=\"170735b\" data-element_type=\"widget\" data-widget_type=\"text-editor.default\">\n\t\t\t\t<div class=\"elementor-widget-container\">\n\t\t\t<style>\/*! elementor - v3.19.0 - 26-02-2024 *\/\n.elementor-widget-text-editor.elementor-drop-cap-view-stacked .elementor-drop-cap{background-color:#69727d;color:#fff}.elementor-widget-text-editor.elementor-drop-cap-view-framed .elementor-drop-cap{color:#69727d;border:3px solid;background-color:transparent}.elementor-widget-text-editor:not(.elementor-drop-cap-view-default) .elementor-drop-cap{margin-top:8px}.elementor-widget-text-editor:not(.elementor-drop-cap-view-default) .elementor-drop-cap-letter{width:1em;height:1em}.elementor-widget-text-editor .elementor-drop-cap{float:left;text-align:center;line-height:1;font-size:50px}.elementor-widget-text-editor .elementor-drop-cap-letter{display:inline-block}<\/style>\t\t\t\t<p>Ogni cittadino contribuente pu\u00f2 scegliere che il 3,5% dell&#8217;imposta sul reddito che versa al bilancio dello Stato vada a un ente senza scopo di lucro. Destinare il 3,5% dell&#8217;Irpef non \u00e8 una donazione e non comporta alcun tipo di costo per te: i soldi che scegli di devolvere a un ente non profit torneranno comunque allo Stato.<\/p><p>Dirigere il 3,5% della tua tassa \u00e8 un&#8217;opzione e non un obbligo.<\/p><p>\u00a0<\/p><p>&#8211; Vuoi che i soldi restino nella tua comunit\u00e0? Scegli un&#8217;organizzazione locale!<\/p><p>&#8211; Sei interessato a una certa regione (dove sei cresciuto, a cui sei legato per qualche motivo)? Scegli un&#8217;organizzazione che lavora l\u00ec!<\/p><p>&#8211; Esiste un settore che vi sta particolarmente a cuore? Vorreste che esso si sviluppasse? Reindirizza questa tassa alle organizzazioni che scegli, siano esse attive nella cultura e nell&#8217;arte, nell&#8217;istruzione, nella salute, nella protezione dell&#8217;ambiente o altro!<\/p><p>\u00a0<\/p><p>Puoi cos\u00ec decidere a chi va il 3,5% delle tue tasse, ma anche di pi\u00f9:<\/p><p>\u2013 non vi coster\u00e0 nulla;<\/p><p>&#8211; contribuite a rendere pi\u00f9 efficiente il modo di spendere il denaro pubblico &#8211; implicitamente anche tuo!<\/p><p>\u2013 puoi aiutare a risolvere un problema nella tua comunit\u00e0 indirizzando il 3,5% a un&#8217;organizzazione che lavora in quel campo;<\/p><p>La ridirezione di un importo che rappresenta fino al 3,5% dell&#8217;Irpef \u00e8 un semplice meccanismo attraverso il quale ognuno di noi pu\u00f2 decidere di contribuire alla soluzione di un problema sociale o di sostenere una causa in cui crede. \u00c8 un gesto responsabile di solidariet\u00e0 sociale e un esempio di partecipazione civica.<\/p><p><strong>Scegli l&#8217;organizzazione che desideri! \u00c8 un tuo diritto!<\/strong><\/p><p><strong>Tutto quello che devi fare \u00e8<\/strong><\/p><p><strong>\u00a0<\/strong><\/p><p>Compila e invia i seguenti moduli:<\/p><p>&#8211; <strong>modello 230<\/strong> &#8220;Richiesta di destinazione dell&#8217;importo fino al 3,5% dell&#8217;imposta annuale dovuto&#8221;<\/p><p>&#8211; <strong>modello 212<\/strong> &#8220;Dichiarazione unica in materia di imposte sui redditi e contributi sociali dovuti da persone fisiche&#8221;<\/p><p><strong><br \/>NOTA<\/strong>: Gli Enti Non Profit\/Unit\u00e0 Culturali beneficiano di importi fino a 3,5% dell&#8217;imposta dovuta sul reddito imponibile netto annuo se al momento del loro versamento da parte dell&#8217;ente fiscale risulta nel Registro enti\/unit\u00e0 di culto per i quali sono concesse le detrazioni fiscali.<\/p><p>\u00a0<\/p><p><strong>Se vuoi reindirizzare il 3,5% delle tue tasse alla nostra fondazione o vuoi aderire alle nostre iniziative attraverso donazioni<\/strong>, hai bisogno delle seguenti informazioni:<\/p><p>\u00a0&#8211; Nome dell&#8217;organizzazione: FONDAZIONE GENERALE STEFAN GUSA<\/p><p>&#8211; Codice identificativo fiscale (codice fiscale): CUI 11647704<\/p><p>&#8211; Il conto dell&#8217;organizzazione in formato IBAN: UNICREDIT BANK ROMANIA S.A.<\/p><p><br \/>RO11BACX0000000194822000 (RON)<br \/>RO81BACX0000000194822001 (EURO)<\/p><p><br \/>Qualsiasi donazione sar\u00e0 accettata solo con l&#8217;approvazione del Consiglio di Amministrazione e sar\u00e0 effettuata attraverso un&#8217;offerta scritta specificandone l&#8217;origine e lo scopo (progetto) a cui si desidera indirizzare.<\/p><p>Tutte le donazioni sono registrate nel Registro delle donazioni.<\/p>\t\t\t\t\t\t<\/div>\n\t\t\t\t<\/div>\n\t\t\t\t\t<\/div>\n\t\t<\/div>\n\t\t\t\t\t<\/div>\n\t\t<\/section>\n\t\t\t\t<\/div>\n\t\t","protected":false},"excerpt":{"rendered":"<p>Donazioni Un sostegno importante Il tuo contributo \u00e8 un aiuto importante per continuare a mantenere viva e a diffondere la conoscenza delle azioni del Generale Gusa. Le donazioni alla Fondazione Generale Stefan Gusa permettono di organizzare eventi e conferenze, istituire premi e borse di studio, offrire assistenza alle organizzazioni dei veterani di guerra e molto [&hellip;]<\/p>\n","protected":false},"author":1,"featured_media":0,"parent":0,"menu_order":0,"comment_status":"closed","ping_status":"closed","template":"tpl-default-elementor.php","meta":{"footnotes":""},"class_list":["post-25","page","type-page","status-publish","hentry"],"_links":{"self":[{"href":"https:\/\/www.fundatiagusa.ro\/it\/wp-json\/wp\/v2\/pages\/25","targetHints":{"allow":["GET"]}}],"collection":[{"href":"https:\/\/www.fundatiagusa.ro\/it\/wp-json\/wp\/v2\/pages"}],"about":[{"href":"https:\/\/www.fundatiagusa.ro\/it\/wp-json\/wp\/v2\/types\/page"}],"author":[{"embeddable":true,"href":"https:\/\/www.fundatiagusa.ro\/it\/wp-json\/wp\/v2\/users\/1"}],"replies":[{"embeddable":true,"href":"https:\/\/www.fundatiagusa.ro\/it\/wp-json\/wp\/v2\/comments?post=25"}],"version-history":[{"count":18,"href":"https:\/\/www.fundatiagusa.ro\/it\/wp-json\/wp\/v2\/pages\/25\/revisions"}],"predecessor-version":[{"id":11026,"href":"https:\/\/www.fundatiagusa.ro\/it\/wp-json\/wp\/v2\/pages\/25\/revisions\/11026"}],"wp:attachment":[{"href":"https:\/\/www.fundatiagusa.ro\/it\/wp-json\/wp\/v2\/media?parent=25"}],"curies":[{"name":"wp","href":"https:\/\/api.w.org\/{rel}","templated":true}]}}