{"id":2545,"date":"2023-06-02T09:22:42","date_gmt":"2023-06-02T09:22:42","guid":{"rendered":"https:\/\/www.fundatiagusa.ro\/?page_id=2545"},"modified":"2023-08-31T18:22:36","modified_gmt":"2023-08-31T18:22:36","slug":"media","status":"publish","type":"page","link":"https:\/\/www.fundatiagusa.ro\/it\/media\/","title":{"rendered":"Media"},"content":{"rendered":"\t\t<div data-elementor-type=\"wp-page\" data-elementor-id=\"2545\" class=\"elementor elementor-2545\">\n\t\t\t\t\t\t<section class=\"elementor-section elementor-top-section elementor-element elementor-element-5b10994 elementor-section-boxed elementor-section-height-default elementor-section-height-default\" data-id=\"5b10994\" data-element_type=\"section\" data-settings=\"{&quot;background_background&quot;:&quot;gradient&quot;}\">\n\t\t\t\t\t\t<div class=\"elementor-container elementor-column-gap-default\">\n\t\t\t\t\t<div class=\"elementor-column elementor-col-100 elementor-top-column elementor-element elementor-element-0c39cfd\" data-id=\"0c39cfd\" data-element_type=\"column\" data-settings=\"{&quot;background_background&quot;:&quot;classic&quot;}\">\n\t\t\t<div class=\"elementor-widget-wrap elementor-element-populated\">\n\t\t\t\t\t\t<div class=\"elementor-element elementor-element-20813a0 elementor-widget elementor-widget-muzex_event2\" data-id=\"20813a0\" data-element_type=\"widget\" data-widget_type=\"muzex_event2.default\">\n\t\t\t\t<div class=\"elementor-widget-container\">\n\t\t\t\n        <section class=\"event-two \">\n            <img decoding=\"async\" src=\"https:\/\/www.fundatiagusa.ro\/wp-content\/uploads\/2023\/05\/shape-vuota.png\" class=\"event-two__sculpture\" alt=\"Image\">\n            <div class=\"container\">\n                <div class=\"block-title-two text-center\">\n                    <span class=\"block-title-two__line\"><\/span><!-- \/.block-title-two__line -->\n                    <p><\/p>\n                    <h3>Media<\/h3>\n                <\/div><!-- \/.block-title-two -->\n\t\t\t\t\n\t\t\t\t\t\n\t\t\t\t\n                <div class=\"event-two__single\">\n                    <div class=\"row\">\n                        <div class=\"col-lg-5 wow fadeInLeft\" data-wow-duration=\"1500ms\">\n                            <div class=\"event-two__image\">\n                                <div class=\"event-two__image-inner\">\n                                    <img decoding=\"async\" src=\"https:\/\/www.fundatiagusa.ro\/wp-content\/uploads\/2023\/06\/media-background.png\" alt=\"Image\">\n                                <\/div><!-- \/.event-two__image-inner -->\n                            <\/div><!-- \/.event-two__image -->\n                        <\/div><!-- \/.col-lg-5 -->\n                        <div class=\"col-lg-7 d-flex\">\n                            <div class=\"my-auto\">\n                                <div class=\"event-two__content\">\n                                    <div class=\"block-title event-two__title\">\n                                        <p>2011<\/p>\n                                        <h3>La Fondazione Generale Stefan Gusa sostiene la promozione delle tradizioni militari nazionali e lo spirito dell'esercito<\/h3>\n                                    <\/div><!-- \/.event-two__title -->\n                                    <p>Bollettino D.M.R.U. N. 2                                    <\/p>\n                                    <a href=\"\/wp-content\/uploads\/2023\/06\/Funfatia-General-Stefan-Gusa-sustine-promovarea-traditiilor-militare-nationale-si-spiritul-de-corp-al-armatei.pdf\" class=\"thm-btn event-two__btn\">Leggi<\/a><!-- \/.thm-btn event-two__btn -->\n                                <\/div><!-- \/.event-two__content -->\n\n                            <\/div><!-- \/.my-auto -->\n                        <\/div><!-- \/.col-lg-7 -->\n                    <\/div><!-- \/.row -->\n                <\/div><!-- \/.event-two__single -->\n\n\t\t\t\t\t\n\t\t\t\t\n                <div class=\"event-two__single\">\n                    <div class=\"row\">\n                        <div class=\"col-lg-5 wow fadeInLeft\" data-wow-duration=\"1500ms\">\n                            <div class=\"event-two__image\">\n                                <div class=\"event-two__image-inner\">\n                                    <img decoding=\"async\" src=\"https:\/\/www.fundatiagusa.ro\/wp-content\/uploads\/2023\/06\/media-background.png\" alt=\"Image\">\n                                <\/div><!-- \/.event-two__image-inner -->\n                            <\/div><!-- \/.event-two__image -->\n                        <\/div><!-- \/.col-lg-5 -->\n                        <div class=\"col-lg-7 d-flex\">\n                            <div class=\"my-auto\">\n                                <div class=\"event-two__content\">\n                                    <div class=\"block-title event-two__title\">\n                                        <p>Agosto 2011<\/p>\n                                        <h3>La Fondazione General \u015etefan Gu\u015f\u0103 sostiene l'eccellenza nell'istruzione militare<\/h3>\n                                    <\/div><!-- \/.event-two__title -->\n                                    <p>L\u2019Osservatore militare\nN\u00b0 31                                    <\/p>\n                                    <a href=\"\/wp-content\/uploads\/2023\/07\/OM11august2011.jpg\" class=\"thm-btn event-two__btn\">Leggi<\/a><!-- \/.thm-btn event-two__btn -->\n                                <\/div><!-- \/.event-two__content -->\n\n                            <\/div><!-- \/.my-auto -->\n                        <\/div><!-- \/.col-lg-7 -->\n                    <\/div><!-- \/.row -->\n                <\/div><!-- \/.event-two__single -->\n\n\t\t\t\t\t\n\t\t\t\t\n                <div class=\"event-two__single\">\n                    <div class=\"row\">\n                        <div class=\"col-lg-5 wow fadeInLeft\" data-wow-duration=\"1500ms\">\n                            <div class=\"event-two__image\">\n                                <div class=\"event-two__image-inner\">\n                                    <img decoding=\"async\" src=\"https:\/\/www.fundatiagusa.ro\/wp-content\/uploads\/2023\/06\/media-background.png\" alt=\"Image\">\n                                <\/div><!-- \/.event-two__image-inner -->\n                            <\/div><!-- \/.event-two__image -->\n                        <\/div><!-- \/.col-lg-5 -->\n                        <div class=\"col-lg-7 d-flex\">\n                            <div class=\"my-auto\">\n                                <div class=\"event-two__content\">\n                                    <div class=\"block-title event-two__title\">\n                                        <p>14 APRILE 2010<\/p>\n                                        <h3>L'aula magna del generale \u015etefan Gu\u015f\u0103 \u00e8 stata inaugurata presso l'Universit\u00e0 della Difesa Nazionale<\/h3>\n                                    <\/div><!-- \/.event-two__title -->\n                                    <p>Il Rinascimento Banateano                                    <\/p>\n                                    <a href=\"\/wp-content\/uploads\/2023\/06\/La-Universitatea-Nationala-de-Aparare-a-fost-inaugurata-Sala-de-lectura-General-Stefan-Gusa.pdf\" class=\"thm-btn event-two__btn\">Leggi<\/a><!-- \/.thm-btn event-two__btn -->\n                                <\/div><!-- \/.event-two__content -->\n\n                            <\/div><!-- \/.my-auto -->\n                        <\/div><!-- \/.col-lg-7 -->\n                    <\/div><!-- \/.row -->\n                <\/div><!-- \/.event-two__single -->\n\n\t\t\t\t\t\n\t\t\t\t\n                <div class=\"event-two__single\">\n                    <div class=\"row\">\n                        <div class=\"col-lg-5 wow fadeInLeft\" data-wow-duration=\"1500ms\">\n                            <div class=\"event-two__image\">\n                                <div class=\"event-two__image-inner\">\n                                    <img decoding=\"async\" src=\"https:\/\/www.fundatiagusa.ro\/wp-content\/uploads\/2023\/06\/media-background.png\" alt=\"Image\">\n                                <\/div><!-- \/.event-two__image-inner -->\n                            <\/div><!-- \/.event-two__image -->\n                        <\/div><!-- \/.col-lg-5 -->\n                        <div class=\"col-lg-7 d-flex\">\n                            <div class=\"my-auto\">\n                                <div class=\"event-two__content\">\n                                    <div class=\"block-title event-two__title\">\n                                        <p>Dicembre 2008<\/p>\n                                        <h3>A dicembre \u201989<\/h3>\n                                    <\/div><!-- \/.event-two__title -->\n                                    <p>L\u2019Osservatore militare\nN\u00b0 50 \u2013 51 (dicembre 2008)                                    <\/p>\n                                    <a href=\"\/wp-content\/uploads\/2023\/06\/media-activitate-pdf-2.pdf\" class=\"thm-btn event-two__btn\">Leggi<\/a><!-- \/.thm-btn event-two__btn -->\n                                <\/div><!-- \/.event-two__content -->\n\n                            <\/div><!-- \/.my-auto -->\n                        <\/div><!-- \/.col-lg-7 -->\n                    <\/div><!-- \/.row -->\n                <\/div><!-- \/.event-two__single -->\n\n\t\t\t\t\t\n\t\t\t\t\n                <div class=\"event-two__single\">\n                    <div class=\"row\">\n                        <div class=\"col-lg-5 wow fadeInLeft\" data-wow-duration=\"1500ms\">\n                            <div class=\"event-two__image\">\n                                <div class=\"event-two__image-inner\">\n                                    <img decoding=\"async\" src=\"https:\/\/www.fundatiagusa.ro\/wp-content\/uploads\/2023\/06\/media-background.png\" alt=\"Image\">\n                                <\/div><!-- \/.event-two__image-inner -->\n                            <\/div><!-- \/.event-two__image -->\n                        <\/div><!-- \/.col-lg-5 -->\n                        <div class=\"col-lg-7 d-flex\">\n                            <div class=\"my-auto\">\n                                <div class=\"event-two__content\">\n                                    <div class=\"block-title event-two__title\">\n                                        <p>22 Dicembre 2008<\/p>\n                                        <h3>Il giorno della rivoluzione contrassegnato al monumento degli eroi martiri<\/h3>\n                                    <\/div><!-- \/.event-two__title -->\n                                    <p>NOTIZIE LOCALI DI BUZAU                                    <\/p>\n                                    <a href=\"\/wp-content\/uploads\/2023\/06\/media-activitate-pdf-3.pdf\" class=\"thm-btn event-two__btn\">Leggi<\/a><!-- \/.thm-btn event-two__btn -->\n                                <\/div><!-- \/.event-two__content -->\n\n                            <\/div><!-- \/.my-auto -->\n                        <\/div><!-- \/.col-lg-7 -->\n                    <\/div><!-- \/.row -->\n                <\/div><!-- \/.event-two__single -->\n\n\t\t\t\t\t\n\t\t\t\t\n                <div class=\"event-two__single\">\n                    <div class=\"row\">\n                        <div class=\"col-lg-5 wow fadeInLeft\" data-wow-duration=\"1500ms\">\n                            <div class=\"event-two__image\">\n                                <div class=\"event-two__image-inner\">\n                                    <img decoding=\"async\" src=\"https:\/\/www.fundatiagusa.ro\/wp-content\/uploads\/2023\/06\/media-background.png\" alt=\"Image\">\n                                <\/div><!-- \/.event-two__image-inner -->\n                            <\/div><!-- \/.event-two__image -->\n                        <\/div><!-- \/.col-lg-5 -->\n                        <div class=\"col-lg-7 d-flex\">\n                            <div class=\"my-auto\">\n                                <div class=\"event-two__content\">\n                                    <div class=\"block-title event-two__title\">\n                                        <p>19 Dicembre 2008<\/p>\n                                        <h3>I martiri della rivoluzione omaggiati mediante un cerimoniale militare e religioso<\/h3>\n                                    <\/div><!-- \/.event-two__title -->\n                                    <p>NOTIZIE LOCALI DI BUZAU                                    <\/p>\n                                    <a href=\"\/wp-content\/uploads\/2023\/06\/media-activitate-pdf-4.pdf\" class=\"thm-btn event-two__btn\">Leggi<\/a><!-- \/.thm-btn event-two__btn -->\n                                <\/div><!-- \/.event-two__content -->\n\n                            <\/div><!-- \/.my-auto -->\n                        <\/div><!-- \/.col-lg-7 -->\n                    <\/div><!-- \/.row -->\n                <\/div><!-- \/.event-two__single -->\n\n\t\t\t\t\t\n\t\t\t\t\n                <div class=\"event-two__single\">\n                    <div class=\"row\">\n                        <div class=\"col-lg-5 wow fadeInLeft\" data-wow-duration=\"1500ms\">\n                            <div class=\"event-two__image\">\n                                <div class=\"event-two__image-inner\">\n                                    <img decoding=\"async\" src=\"https:\/\/www.fundatiagusa.ro\/wp-content\/uploads\/2023\/06\/media-background.png\" alt=\"Image\">\n                                <\/div><!-- \/.event-two__image-inner -->\n                            <\/div><!-- \/.event-two__image -->\n                        <\/div><!-- \/.col-lg-5 -->\n                        <div class=\"col-lg-7 d-flex\">\n                            <div class=\"my-auto\">\n                                <div class=\"event-two__content\">\n                                    <div class=\"block-title event-two__title\">\n                                        <p>8 Dicembre 2006<\/p>\n                                        <h3>\u201cLa ricerca studentesca nel III\u00b0 millennio\u201d <\/h3>\n                                    <\/div><!-- \/.event-two__title -->\n                                    <p>Sessione Internazionale di Comunicazioni Scientifiche\n5a Edizione, 8 \u2013 10 dicembre 2006\nAZIMUT: LA CULTURA                                    <\/p>\n                                    <a href=\"\/wp-content\/uploads\/2023\/06\/media-activitate-pdf-5.pdf\" class=\"thm-btn event-two__btn\">Leggi<\/a><!-- \/.thm-btn event-two__btn -->\n                                <\/div><!-- \/.event-two__content -->\n\n                            <\/div><!-- \/.my-auto -->\n                        <\/div><!-- \/.col-lg-7 -->\n                    <\/div><!-- \/.row -->\n                <\/div><!-- \/.event-two__single -->\n\n\t\t\t\t\t\n\t\t\t\t\n                <div class=\"event-two__single\">\n                    <div class=\"row\">\n                        <div class=\"col-lg-5 wow fadeInLeft\" data-wow-duration=\"1500ms\">\n                            <div class=\"event-two__image\">\n                                <div class=\"event-two__image-inner\">\n                                    <img decoding=\"async\" src=\"https:\/\/www.fundatiagusa.ro\/wp-content\/uploads\/2023\/06\/media-background.png\" alt=\"Image\">\n                                <\/div><!-- \/.event-two__image-inner -->\n                            <\/div><!-- \/.event-two__image -->\n                        <\/div><!-- \/.col-lg-5 -->\n                        <div class=\"col-lg-7 d-flex\">\n                            <div class=\"my-auto\">\n                                <div class=\"event-two__content\">\n                                    <div class=\"block-title event-two__title\">\n                                        <p>4-6 Settembre 2002<\/p>\n                                        <h3>1941 \u2013 1945 Preti in trincea<\/h3>\n                                    <\/div><!-- \/.event-two__title -->\n                                    <p>La Nazione N\u00b0 164\n                                    <\/p>\n                                    <a href=\"\/wp-content\/uploads\/2023\/06\/media-activitate-pdf-6.pdf\" class=\"thm-btn event-two__btn\">Leggi<\/a><!-- \/.thm-btn event-two__btn -->\n                                <\/div><!-- \/.event-two__content -->\n\n                            <\/div><!-- \/.my-auto -->\n                        <\/div><!-- \/.col-lg-7 -->\n                    <\/div><!-- \/.row -->\n                <\/div><!-- \/.event-two__single -->\n\n\t\t\t\t\t\n\t\t\t\t\n                <div class=\"event-two__single\">\n                    <div class=\"row\">\n                        <div class=\"col-lg-5 wow fadeInLeft\" data-wow-duration=\"1500ms\">\n                            <div class=\"event-two__image\">\n                                <div class=\"event-two__image-inner\">\n                                    <img decoding=\"async\" src=\"https:\/\/www.fundatiagusa.ro\/wp-content\/uploads\/2023\/06\/media-background.png\" alt=\"Image\">\n                                <\/div><!-- \/.event-two__image-inner -->\n                            <\/div><!-- \/.event-two__image -->\n                        <\/div><!-- \/.col-lg-5 -->\n                        <div class=\"col-lg-7 d-flex\">\n                            <div class=\"my-auto\">\n                                <div class=\"event-two__content\">\n                                    <div class=\"block-title event-two__title\">\n                                        <p>7-13 Agosto 2002<\/p>\n                                        <h3>Preti combattenti per la Grande Unione<\/h3>\n                                    <\/div><!-- \/.event-two__title -->\n                                    <p>La Nazione N\u00b0 160                                    <\/p>\n                                    <a href=\"\/wp-content\/uploads\/2023\/06\/media-activitate-pdf-7.pdf\" class=\"thm-btn event-two__btn\">Leggi<\/a><!-- \/.thm-btn event-two__btn -->\n                                <\/div><!-- \/.event-two__content -->\n\n                            <\/div><!-- \/.my-auto -->\n                        <\/div><!-- \/.col-lg-7 -->\n                    <\/div><!-- \/.row -->\n                <\/div><!-- \/.event-two__single -->\n\n\t\t\t\t\t\n\t\t\t\t\n                <div class=\"event-two__single\">\n                    <div class=\"row\">\n                        <div class=\"col-lg-5 wow fadeInLeft\" data-wow-duration=\"1500ms\">\n                            <div class=\"event-two__image\">\n                                <div class=\"event-two__image-inner\">\n                                    <img decoding=\"async\" src=\"https:\/\/www.fundatiagusa.ro\/wp-content\/uploads\/2023\/06\/media-background.png\" alt=\"Image\">\n                                <\/div><!-- \/.event-two__image-inner -->\n                            <\/div><!-- \/.event-two__image -->\n                        <\/div><!-- \/.col-lg-5 -->\n                        <div class=\"col-lg-7 d-flex\">\n                            <div class=\"my-auto\">\n                                <div class=\"event-two__content\">\n                                    <div class=\"block-title event-two__title\">\n                                        <p>10-16 Luglio 2002<\/p>\n                                        <h3>La Romania tra gli anni 1939 \u2013 1994 e i suoi rapporti con la Germania<\/h3>\n                                    <\/div><!-- \/.event-two__title -->\n                                    <p>La Nazione N\u00b0 156                                    <\/p>\n                                    <a href=\"\/wp-content\/uploads\/2023\/06\/media-activitate-pdf-8.pdf\" class=\"thm-btn event-two__btn\">Leggi<\/a><!-- \/.thm-btn event-two__btn -->\n                                <\/div><!-- \/.event-two__content -->\n\n                            <\/div><!-- \/.my-auto -->\n                        <\/div><!-- \/.col-lg-7 -->\n                    <\/div><!-- \/.row -->\n                <\/div><!-- \/.event-two__single -->\n\n\t\t\t\t\t\n\t\t\t\t\n                <div class=\"event-two__single\">\n                    <div class=\"row\">\n                        <div class=\"col-lg-5 wow fadeInLeft\" data-wow-duration=\"1500ms\">\n                            <div class=\"event-two__image\">\n                                <div class=\"event-two__image-inner\">\n                                    <img decoding=\"async\" src=\"https:\/\/www.fundatiagusa.ro\/wp-content\/uploads\/2023\/06\/media-background.png\" alt=\"Image\">\n                                <\/div><!-- \/.event-two__image-inner -->\n                            <\/div><!-- \/.event-two__image -->\n                        <\/div><!-- \/.col-lg-5 -->\n                        <div class=\"col-lg-7 d-flex\">\n                            <div class=\"my-auto\">\n                                <div class=\"event-two__content\">\n                                    <div class=\"block-title event-two__title\">\n                                        <p>10-16 Luglio 2002<\/p>\n                                        <h3>La diplomazia militare<\/h3>\n                                    <\/div><!-- \/.event-two__title -->\n                                    <p>La Nazione N\u00b0 156                                    <\/p>\n                                    <a href=\"\/wp-content\/uploads\/2023\/06\/media-activitate-pdf-9.pdf\" class=\"thm-btn event-two__btn\">Leggi<\/a><!-- \/.thm-btn event-two__btn -->\n                                <\/div><!-- \/.event-two__content -->\n\n                            <\/div><!-- \/.my-auto -->\n                        <\/div><!-- \/.col-lg-7 -->\n                    <\/div><!-- \/.row -->\n                <\/div><!-- \/.event-two__single -->\n\n\t\t\t\t\t\n\t\t\t\t\n                <div class=\"event-two__single\">\n                    <div class=\"row\">\n                        <div class=\"col-lg-5 wow fadeInLeft\" data-wow-duration=\"1500ms\">\n                            <div class=\"event-two__image\">\n                                <div class=\"event-two__image-inner\">\n                                    <img decoding=\"async\" src=\"https:\/\/www.fundatiagusa.ro\/wp-content\/uploads\/2023\/06\/media-background.png\" alt=\"Image\">\n                                <\/div><!-- \/.event-two__image-inner -->\n                            <\/div><!-- \/.event-two__image -->\n                        <\/div><!-- \/.col-lg-5 -->\n                        <div class=\"col-lg-7 d-flex\">\n                            <div class=\"my-auto\">\n                                <div class=\"event-two__content\">\n                                    <div class=\"block-title event-two__title\">\n                                        <p>MAGGIO 2000<\/p>\n                                        <h3>Il maggiore generale Stefan Gheorghe Gusa<\/h3>\n                                    <\/div><!-- \/.event-two__title -->\n                                    <p>Riserva dell'esercito rumeno n. 2                                    <\/p>\n                                    <a href=\"\/wp-content\/uploads\/2023\/06\/2000-2001_Rezerva_Ostirii_Romane.pdf\" class=\"thm-btn event-two__btn\">Leggi<\/a><!-- \/.thm-btn event-two__btn -->\n                                <\/div><!-- \/.event-two__content -->\n\n                            <\/div><!-- \/.my-auto -->\n                        <\/div><!-- \/.col-lg-7 -->\n                    <\/div><!-- \/.row -->\n                <\/div><!-- \/.event-two__single -->\n\n\t\t\t\t\t\n\t\t\t\t\n                <div class=\"event-two__single\">\n                    <div class=\"row\">\n                        <div class=\"col-lg-5 wow fadeInLeft\" data-wow-duration=\"1500ms\">\n                            <div class=\"event-two__image\">\n                                <div class=\"event-two__image-inner\">\n                                    <img decoding=\"async\" src=\"https:\/\/www.fundatiagusa.ro\/wp-content\/uploads\/2023\/06\/media-background.png\" alt=\"Image\">\n                                <\/div><!-- \/.event-two__image-inner -->\n                            <\/div><!-- \/.event-two__image -->\n                        <\/div><!-- \/.col-lg-5 -->\n                        <div class=\"col-lg-7 d-flex\">\n                            <div class=\"my-auto\">\n                                <div class=\"event-two__content\">\n                                    <div class=\"block-title event-two__title\">\n                                        <p>28 OTTOBRE 1997<\/p>\n                                        <h3>La Romania era a un passo dall'occupazione sovietica<\/h3>\n                                    <\/div><!-- \/.event-two__title -->\n                                    <p>Quotidiano nazionale                                    <\/p>\n                                    <a href=\"\/wp-content\/uploads\/2023\/06\/Ziarul-National.pdf\" class=\"thm-btn event-two__btn\">Leggi<\/a><!-- \/.thm-btn event-two__btn -->\n                                <\/div><!-- \/.event-two__content -->\n\n                            <\/div><!-- \/.my-auto -->\n                        <\/div><!-- \/.col-lg-7 -->\n                    <\/div><!-- \/.row -->\n                <\/div><!-- \/.event-two__single -->\n\n\t\t\t\t\n            <\/div><!-- \/.container -->\n        <\/section><!-- \/.event-two -->\n            \n\t\t\t\t<\/div>\n\t\t\t\t<\/div>\n\t\t\t\t\t<\/div>\n\t\t<\/div>\n\t\t\t\t\t<\/div>\n\t\t<\/section>\n\t\t\t\t<\/div>\n\t\t","protected":false},"excerpt":{"rendered":"<p>Media 2011 La Fondazione Generale Stefan Gusa sostiene la promozione delle tradizioni militari nazionali e lo spirito dell&#8217;esercito Bollettino D.M.R.U. N. 2 Leggi Agosto 2011 La Fondazione General \u015etefan Gu\u015f\u0103 sostiene l&#8217;eccellenza nell&#8217;istruzione militare L\u2019Osservatore militare N\u00b0 31 Leggi 14 APRILE 2010 L&#8217;aula magna del generale \u015etefan Gu\u015f\u0103 \u00e8 stata inaugurata presso l&#8217;Universit\u00e0 della Difesa [&hellip;]<\/p>\n","protected":false},"author":2,"featured_media":0,"parent":0,"menu_order":0,"comment_status":"closed","ping_status":"closed","template":"tpl-default-elementor.php","meta":{"footnotes":""},"class_list":["post-2545","page","type-page","status-publish","hentry"],"_links":{"self":[{"href":"https:\/\/www.fundatiagusa.ro\/it\/wp-json\/wp\/v2\/pages\/2545","targetHints":{"allow":["GET"]}}],"collection":[{"href":"https:\/\/www.fundatiagusa.ro\/it\/wp-json\/wp\/v2\/pages"}],"about":[{"href":"https:\/\/www.fundatiagusa.ro\/it\/wp-json\/wp\/v2\/types\/page"}],"author":[{"embeddable":true,"href":"https:\/\/www.fundatiagusa.ro\/it\/wp-json\/wp\/v2\/users\/2"}],"replies":[{"embeddable":true,"href":"https:\/\/www.fundatiagusa.ro\/it\/wp-json\/wp\/v2\/comments?post=2545"}],"version-history":[{"count":81,"href":"https:\/\/www.fundatiagusa.ro\/it\/wp-json\/wp\/v2\/pages\/2545\/revisions"}],"predecessor-version":[{"id":8670,"href":"https:\/\/www.fundatiagusa.ro\/it\/wp-json\/wp\/v2\/pages\/2545\/revisions\/8670"}],"wp:attachment":[{"href":"https:\/\/www.fundatiagusa.ro\/it\/wp-json\/wp\/v2\/media?parent=2545"}],"curies":[{"name":"wp","href":"https:\/\/api.w.org\/{rel}","templated":true}]}}