{"id":27,"date":"2020-05-14T02:09:20","date_gmt":"2020-05-14T02:09:20","guid":{"rendered":"https:\/\/old3.commonsupport.com\/wp\/muzex\/?page_id=27"},"modified":"2026-04-22T08:11:38","modified_gmt":"2026-04-22T08:11:38","slug":"attivita","status":"publish","type":"page","link":"https:\/\/www.fundatiagusa.ro\/it\/attivita\/","title":{"rendered":"Programmi e Attivit\u00e0"},"content":{"rendered":"\t\t<div data-elementor-type=\"wp-page\" data-elementor-id=\"27\" class=\"elementor elementor-27\">\n\t\t\t\t\t\t<section class=\"elementor-section elementor-top-section elementor-element elementor-element-67ab208 elementor-section-boxed elementor-section-height-default elementor-section-height-default\" data-id=\"67ab208\" data-element_type=\"section\">\n\t\t\t\t\t\t<div class=\"elementor-container elementor-column-gap-default\">\n\t\t\t\t\t<div class=\"elementor-column elementor-col-66 elementor-top-column elementor-element elementor-element-0195dcd\" data-id=\"0195dcd\" data-element_type=\"column\">\n\t\t\t<div class=\"elementor-widget-wrap elementor-element-populated\">\n\t\t\t\t\t\t<section class=\"elementor-section elementor-inner-section elementor-element elementor-element-9530efe elementor-section-boxed elementor-section-height-default elementor-section-height-default\" data-id=\"9530efe\" data-element_type=\"section\">\n\t\t\t\t\t\t<div class=\"elementor-container elementor-column-gap-default\">\n\t\t\t\t\t<div class=\"elementor-column elementor-col-100 elementor-inner-column elementor-element elementor-element-eb7320f\" data-id=\"eb7320f\" data-element_type=\"column\">\n\t\t\t<div class=\"elementor-widget-wrap elementor-element-populated\">\n\t\t\t\t\t\t<div class=\"elementor-element elementor-element-af12ada elementor-widget elementor-widget-text-editor\" data-id=\"af12ada\" data-element_type=\"widget\" data-widget_type=\"text-editor.default\">\n\t\t\t\t<div class=\"elementor-widget-container\">\n\t\t\t<style>\/*! elementor - v3.19.0 - 26-02-2024 *\/\n.elementor-widget-text-editor.elementor-drop-cap-view-stacked .elementor-drop-cap{background-color:#69727d;color:#fff}.elementor-widget-text-editor.elementor-drop-cap-view-framed .elementor-drop-cap{color:#69727d;border:3px solid;background-color:transparent}.elementor-widget-text-editor:not(.elementor-drop-cap-view-default) .elementor-drop-cap{margin-top:8px}.elementor-widget-text-editor:not(.elementor-drop-cap-view-default) .elementor-drop-cap-letter{width:1em;height:1em}.elementor-widget-text-editor .elementor-drop-cap{float:left;text-align:center;line-height:1;font-size:50px}.elementor-widget-text-editor .elementor-drop-cap-letter{display:inline-block}<\/style>\t\t\t\tLo scopo della nostra fondazione \u00e8 quello di sostenere attivit\u00e0 scientifiche e culturali aventi come obiettivi la ricerca della verit\u00e0 nella storia politica e militare contemporanea del popolo romeno, la messa in evidenza del ruolo svolto dall\u2019esercito nei momenti cruciali della nostra evoluzione nazionale, e l\u2019educazione\u00a0 delle giovani generazioni nel rispetto dei valori definitori della cultura nazionale e della loro integrazione nell\u2019insieme storico-culturale europeo.\nIn base allo statuto della Fondazione \u201cGenerale Stefan Gusa\u201d, continueremo anche in futuro ad organizzare e sostenere lo svolgimento di manifestazioni scientifiche\u00a0 &#8211; conferenze, simposi e corsi a livello nazionale e internazionale -, la stampa di libri sia sulla\u00a0 strategia politico-militare e di sicurezza della Romania, sia di memorialistica, cos\u00ec come l\u2019assistenza umanitaria ai militari in difficolt\u00e0 per motivi di lavoro, e alle loro famiglie (veterani feriti nel corso di operazioni militari, oppure che abbiano subito incidenti, orfani, vedove in situazioni mediche critiche, ecc.).\n\nNel realizzare quanto sopra, intendiamo stabilire una cooperazione pubblico-privato tra la Fondazione \u201cGenerale Stefan Gusa\u201d, da una parte, e gli istituti di settore dell\u2019esercito, l\u2019Universit\u00e0 Nazionale di Difesa, le Accademie e le Scuole di Addestramento\u00a0 delle varie categorie di forze militari e di armi, d\u2019altra parte, mediante la stipula di protocolli in cui vengano specificate, in linea di massima, la nostra offerta e le modalit\u00e0 di realizzazione degli obiettivi della cooperazione.\nDalla sua creazione ad oggi, la nostra fondazione ha\u00a0 avviato una serie di iniziative tra cui ricordiamo le seguenti:\n\n&#8211; finanziamento dell\u2019edizione e della stampa di oltre\u00a0<a style=\"color: black; text-decoration: underline;\" href=\"https:\/\/www.fundatiagusa.ro\/it\/libri-pubblicati\/\"><strong>20 opere di memorialistica e storia militare<\/strong><\/a>, di cui\u00a0 alcune sono state premiate in quanto ritenute le migliori opere di storia pubblicate nell\u2019anno 2000. Con il sostegno della fondazione sono stati inoltre organizzati lanci e presentazioni di libri presso istituti militari di insegnamento, circoli militari, biblioteche e istituzioni civili;\n&#8211; finanziamento,\u00a0 costruzione e inaugurazione nel cortile della chiesa fondata dal Generale Gusa, del complesso funebre di Spataru (il busto in marmo di Carrara raffigurante l\u2019ex Capo del Grande Stato Maggiore dell\u2019Esercito Romeno, e il mosaico in minerali di Murano sul frontespizio della chiesa \u2013 1977);\n&#8211; finanziamento e sistemazione di una sala protocollare nella Scuola di Applicazione per Carri Armati e Autoveicoli \u201cMihai Viteazul\u201d di Pitesti\u201d, e rifacimento delle placche di marmo su cui sono incisi i nomi dei laureati con massimi voti e dei comandanti della scuola \u2013 2002);\n&#8211; partecipazione della fondazione all\u2019organizzazione e allo svolgimento di numerose sessioni scientifiche e conferenze (\u201c100 anni dalla nascita di Stefan Odobleja\u201d; \u201cTendenze nello sviluppo della cibernetica nel III\u00b0 millennio, ecc.), e patrocinio di diversi cicli di comunicazioni su tematiche di storia militare destinate agli studenti dell\u2019Accademia di Forze Terrestri, oltre che dell\u2019organizzazione della Sessione nazionale di comunicazioni scientifiche dei circoli studenteschi delle Facolt\u00e0 di Storia \u2013 (2002 \u2013 2003);\n&#8211; erogazione di denaro e materiali per la costruzione di un moderno complesso composto di una casa di riposo per anziani, di un centro sanitario e di una chiesa, costruito dalla Congregazione delle Suore Benedettine a Magura, a beneficio di anziani soli e indigenti;\n&#8211; finanziamento della costruzione della scuola generale e del giardino d\u2019infanzia del villaggio di Spataru \u2013 un centro di insegnamento civile, funzionale, con dotazioni moderne.\n&#8211; diffusione da parte dell\u2019emittente radiofonica \u201cEuropa Nova\u201d di un ciclo di trasmissioni settimanali su temi inediti di storia militare.\t\t\t\t\t\t<\/div>\n\t\t\t\t<\/div>\n\t\t\t\t\t<\/div>\n\t\t<\/div>\n\t\t\t\t\t<\/div>\n\t\t<\/section>\n\t\t\t\t\t<\/div>\n\t\t<\/div>\n\t\t\t\t<div class=\"elementor-column elementor-col-33 elementor-top-column elementor-element elementor-element-f1fa2f6\" data-id=\"f1fa2f6\" data-element_type=\"column\">\n\t\t\t<div class=\"elementor-widget-wrap elementor-element-populated\">\n\t\t\t\t\t\t<div class=\"elementor-element elementor-element-99b5558 elementor-widget elementor-widget-sidebar\" data-id=\"99b5558\" data-element_type=\"widget\" data-widget_type=\"sidebar.default\">\n\t\t\t\t<div class=\"elementor-widget-container\">\n\t\t\t<div id=\"categories-2\" class=\"mrsidebar widget sidebar-widget single-sidebar widget_categories\"><div class=\"widget-title\"><h3>Anni<\/h3><\/div>\n\t\t\t<ul>\n\t\t\t\t\t<li class=\"cat-item cat-item-134\"><a href=\"https:\/\/www.fundatiagusa.ro\/it\/category\/attivita-2025\/\">2025<\/a>\n<\/li>\n\t<li class=\"cat-item cat-item-132\"><a href=\"https:\/\/www.fundatiagusa.ro\/it\/category\/attivita-2024\/\">2024<\/a>\n<\/li>\n\t<li class=\"cat-item cat-item-131\"><a href=\"https:\/\/www.fundatiagusa.ro\/it\/category\/attivita-2023\/\">2023<\/a>\n<\/li>\n\t<li class=\"cat-item cat-item-130\"><a href=\"https:\/\/www.fundatiagusa.ro\/it\/category\/attivita-2022\/\">2022<\/a>\n<\/li>\n\t<li class=\"cat-item cat-item-129\"><a href=\"https:\/\/www.fundatiagusa.ro\/it\/category\/attivita-2021\/\">2021<\/a>\n<\/li>\n\t<li class=\"cat-item cat-item-128\"><a href=\"https:\/\/www.fundatiagusa.ro\/it\/category\/attivita-2020\/\">2020<\/a>\n<\/li>\n\t<li class=\"cat-item cat-item-127\"><a href=\"https:\/\/www.fundatiagusa.ro\/it\/category\/attivita-2019\/\">2019<\/a>\n<\/li>\n\t<li class=\"cat-item cat-item-126\"><a href=\"https:\/\/www.fundatiagusa.ro\/it\/category\/attivita-2018\/\">2018<\/a>\n<\/li>\n\t<li class=\"cat-item cat-item-125\"><a href=\"https:\/\/www.fundatiagusa.ro\/it\/category\/attivita-2017\/\">2017<\/a>\n<\/li>\n\t<li class=\"cat-item cat-item-124\"><a href=\"https:\/\/www.fundatiagusa.ro\/it\/category\/attivita-2016\/\">2016<\/a>\n<\/li>\n\t<li class=\"cat-item cat-item-123\"><a href=\"https:\/\/www.fundatiagusa.ro\/it\/category\/attivita-2015\/\">2015<\/a>\n<\/li>\n\t<li class=\"cat-item cat-item-122\"><a href=\"https:\/\/www.fundatiagusa.ro\/it\/category\/attivita-2014\/\">2014<\/a>\n<\/li>\n\t<li class=\"cat-item cat-item-121\"><a href=\"https:\/\/www.fundatiagusa.ro\/it\/category\/attivita-2013\/\">2013<\/a>\n<\/li>\n\t<li class=\"cat-item cat-item-120\"><a href=\"https:\/\/www.fundatiagusa.ro\/it\/category\/attivita-2012\/\">2012<\/a>\n<\/li>\n\t<li class=\"cat-item cat-item-104\"><a href=\"https:\/\/www.fundatiagusa.ro\/it\/category\/attivita-2011\/\">2011<\/a>\n<\/li>\n\t<li class=\"cat-item cat-item-103\"><a href=\"https:\/\/www.fundatiagusa.ro\/it\/category\/attivita-2010\/\">2010<\/a>\n<\/li>\n\t<li class=\"cat-item cat-item-102\"><a href=\"https:\/\/www.fundatiagusa.ro\/it\/category\/attivita-2009\/\">2009<\/a>\n<\/li>\n\t<li class=\"cat-item cat-item-101\"><a href=\"https:\/\/www.fundatiagusa.ro\/it\/category\/attivita-2008\/\">2008<\/a>\n<\/li>\n\t<li class=\"cat-item cat-item-100\"><a href=\"https:\/\/www.fundatiagusa.ro\/it\/category\/attivita-2007\/\">2007<\/a>\n<\/li>\n\t<li class=\"cat-item cat-item-99\"><a href=\"https:\/\/www.fundatiagusa.ro\/it\/category\/attivita-2006\/\">2006<\/a>\n<\/li>\n\t<li class=\"cat-item cat-item-98\"><a href=\"https:\/\/www.fundatiagusa.ro\/it\/category\/attivita-2005\/\">2005<\/a>\n<\/li>\n\t<li class=\"cat-item cat-item-96\"><a href=\"https:\/\/www.fundatiagusa.ro\/it\/category\/attivita-2004\/\">2004<\/a>\n<\/li>\n\t<li class=\"cat-item cat-item-97\"><a href=\"https:\/\/www.fundatiagusa.ro\/it\/category\/attivita-2003\/\">2003<\/a>\n<\/li>\n\t<li class=\"cat-item cat-item-38\"><a href=\"https:\/\/www.fundatiagusa.ro\/it\/category\/attivita-2002\/\">2002<\/a>\n<\/li>\n\t<li class=\"cat-item cat-item-37\"><a href=\"https:\/\/www.fundatiagusa.ro\/it\/category\/attivita-2001\/\">2001<\/a>\n<\/li>\n\t<li class=\"cat-item cat-item-36\"><a href=\"https:\/\/www.fundatiagusa.ro\/it\/category\/attivita-2000\/\">2000<\/a>\n<\/li>\n\t<li class=\"cat-item cat-item-35\"><a href=\"https:\/\/www.fundatiagusa.ro\/it\/category\/attivita-1999\/\">1999<\/a>\n<\/li>\n\t<li class=\"cat-item cat-item-32\"><a href=\"https:\/\/www.fundatiagusa.ro\/it\/category\/attivita-1998\/\">1998<\/a>\n<\/li>\n\t<li class=\"cat-item cat-item-2\"><a href=\"https:\/\/www.fundatiagusa.ro\/it\/category\/attivita-1997\/\">1997<\/a>\n<\/li>\n\t\t\t<\/ul>\n\n\t\t\t<\/div>\t\t<\/div>\n\t\t\t\t<\/div>\n\t\t\t\t\t<\/div>\n\t\t<\/div>\n\t\t\t\t\t<\/div>\n\t\t<\/section>\n\t\t\t\t<\/div>\n\t\t","protected":false},"excerpt":{"rendered":"<p>Lo scopo della nostra fondazione \u00e8 quello di sostenere attivit\u00e0 scientifiche e culturali aventi come obiettivi la ricerca della verit\u00e0 nella storia politica e militare contemporanea del popolo romeno, la messa in evidenza del ruolo svolto dall\u2019esercito nei momenti cruciali della nostra evoluzione nazionale, e l\u2019educazione\u00a0 delle giovani generazioni nel rispetto dei valori definitori della [&hellip;]<\/p>\n","protected":false},"author":1,"featured_media":0,"parent":0,"menu_order":0,"comment_status":"closed","ping_status":"closed","template":"tpl-default-elementor.php","meta":{"footnotes":""},"class_list":["post-27","page","type-page","status-publish","hentry"],"_links":{"self":[{"href":"https:\/\/www.fundatiagusa.ro\/it\/wp-json\/wp\/v2\/pages\/27","targetHints":{"allow":["GET"]}}],"collection":[{"href":"https:\/\/www.fundatiagusa.ro\/it\/wp-json\/wp\/v2\/pages"}],"about":[{"href":"https:\/\/www.fundatiagusa.ro\/it\/wp-json\/wp\/v2\/types\/page"}],"author":[{"embeddable":true,"href":"https:\/\/www.fundatiagusa.ro\/it\/wp-json\/wp\/v2\/users\/1"}],"replies":[{"embeddable":true,"href":"https:\/\/www.fundatiagusa.ro\/it\/wp-json\/wp\/v2\/comments?post=27"}],"version-history":[{"count":39,"href":"https:\/\/www.fundatiagusa.ro\/it\/wp-json\/wp\/v2\/pages\/27\/revisions"}],"predecessor-version":[{"id":11001,"href":"https:\/\/www.fundatiagusa.ro\/it\/wp-json\/wp\/v2\/pages\/27\/revisions\/11001"}],"wp:attachment":[{"href":"https:\/\/www.fundatiagusa.ro\/it\/wp-json\/wp\/v2\/media?parent=27"}],"curies":[{"name":"wp","href":"https:\/\/api.w.org\/{rel}","templated":true}]}}