{"id":2948,"date":"2023-06-17T16:46:33","date_gmt":"2023-06-17T16:46:33","guid":{"rendered":"https:\/\/www.fundatiagusa.ro\/?page_id=2948"},"modified":"2026-05-05T11:16:40","modified_gmt":"2026-05-05T11:16:40","slug":"borse-e-sponsorizzazioni","status":"publish","type":"page","link":"https:\/\/www.fundatiagusa.ro\/it\/borse-e-sponsorizzazioni\/","title":{"rendered":"Borse e Sponsorizzazioni"},"content":{"rendered":"\t\t<div data-elementor-type=\"wp-page\" data-elementor-id=\"2948\" class=\"elementor elementor-2948\">\n\t\t\t\t\t\t<section class=\"elementor-section elementor-top-section elementor-element elementor-element-f306a62 elementor-section-boxed elementor-section-height-default elementor-section-height-default\" data-id=\"f306a62\" data-element_type=\"section\">\n\t\t\t\t\t\t<div class=\"elementor-container elementor-column-gap-default\">\n\t\t\t\t\t<div class=\"elementor-column elementor-col-100 elementor-top-column elementor-element elementor-element-4a762e3\" data-id=\"4a762e3\" data-element_type=\"column\">\n\t\t\t<div class=\"elementor-widget-wrap elementor-element-populated\">\n\t\t\t\t\t\t<div class=\"elementor-element elementor-element-1fef05f elementor-widget-divider--view-line elementor-widget elementor-widget-divider\" data-id=\"1fef05f\" data-element_type=\"widget\" data-widget_type=\"divider.default\">\n\t\t\t\t<div class=\"elementor-widget-container\">\n\t\t\t<style>\/*! elementor - v3.19.0 - 26-02-2024 *\/\n.elementor-widget-divider{--divider-border-style:none;--divider-border-width:1px;--divider-color:#0c0d0e;--divider-icon-size:20px;--divider-element-spacing:10px;--divider-pattern-height:24px;--divider-pattern-size:20px;--divider-pattern-url:none;--divider-pattern-repeat:repeat-x}.elementor-widget-divider .elementor-divider{display:flex}.elementor-widget-divider .elementor-divider__text{font-size:15px;line-height:1;max-width:95%}.elementor-widget-divider .elementor-divider__element{margin:0 var(--divider-element-spacing);flex-shrink:0}.elementor-widget-divider .elementor-icon{font-size:var(--divider-icon-size)}.elementor-widget-divider .elementor-divider-separator{display:flex;margin:0;direction:ltr}.elementor-widget-divider--view-line_icon .elementor-divider-separator,.elementor-widget-divider--view-line_text .elementor-divider-separator{align-items:center}.elementor-widget-divider--view-line_icon .elementor-divider-separator:after,.elementor-widget-divider--view-line_icon .elementor-divider-separator:before,.elementor-widget-divider--view-line_text .elementor-divider-separator:after,.elementor-widget-divider--view-line_text .elementor-divider-separator:before{display:block;content:\"\";border-block-end:0;flex-grow:1;border-block-start:var(--divider-border-width) var(--divider-border-style) var(--divider-color)}.elementor-widget-divider--element-align-left .elementor-divider .elementor-divider-separator>.elementor-divider__svg:first-of-type{flex-grow:0;flex-shrink:100}.elementor-widget-divider--element-align-left .elementor-divider-separator:before{content:none}.elementor-widget-divider--element-align-left .elementor-divider__element{margin-left:0}.elementor-widget-divider--element-align-right .elementor-divider .elementor-divider-separator>.elementor-divider__svg:last-of-type{flex-grow:0;flex-shrink:100}.elementor-widget-divider--element-align-right .elementor-divider-separator:after{content:none}.elementor-widget-divider--element-align-right .elementor-divider__element{margin-right:0}.elementor-widget-divider--element-align-start .elementor-divider .elementor-divider-separator>.elementor-divider__svg:first-of-type{flex-grow:0;flex-shrink:100}.elementor-widget-divider--element-align-start .elementor-divider-separator:before{content:none}.elementor-widget-divider--element-align-start .elementor-divider__element{margin-inline-start:0}.elementor-widget-divider--element-align-end .elementor-divider .elementor-divider-separator>.elementor-divider__svg:last-of-type{flex-grow:0;flex-shrink:100}.elementor-widget-divider--element-align-end .elementor-divider-separator:after{content:none}.elementor-widget-divider--element-align-end .elementor-divider__element{margin-inline-end:0}.elementor-widget-divider:not(.elementor-widget-divider--view-line_text):not(.elementor-widget-divider--view-line_icon) .elementor-divider-separator{border-block-start:var(--divider-border-width) var(--divider-border-style) var(--divider-color)}.elementor-widget-divider--separator-type-pattern{--divider-border-style:none}.elementor-widget-divider--separator-type-pattern.elementor-widget-divider--view-line .elementor-divider-separator,.elementor-widget-divider--separator-type-pattern:not(.elementor-widget-divider--view-line) .elementor-divider-separator:after,.elementor-widget-divider--separator-type-pattern:not(.elementor-widget-divider--view-line) .elementor-divider-separator:before,.elementor-widget-divider--separator-type-pattern:not([class*=elementor-widget-divider--view]) .elementor-divider-separator{width:100%;min-height:var(--divider-pattern-height);-webkit-mask-size:var(--divider-pattern-size) 100%;mask-size:var(--divider-pattern-size) 100%;-webkit-mask-repeat:var(--divider-pattern-repeat);mask-repeat:var(--divider-pattern-repeat);background-color:var(--divider-color);-webkit-mask-image:var(--divider-pattern-url);mask-image:var(--divider-pattern-url)}.elementor-widget-divider--no-spacing{--divider-pattern-size:auto}.elementor-widget-divider--bg-round{--divider-pattern-repeat:round}.rtl .elementor-widget-divider .elementor-divider__text{direction:rtl}.e-con-inner>.elementor-widget-divider,.e-con>.elementor-widget-divider{width:var(--container-widget-width,100%);--flex-grow:var(--container-widget-flex-grow)}<\/style>\t\t<div class=\"elementor-divider\">\n\t\t\t<span class=\"elementor-divider-separator\">\n\t\t\t\t\t\t<\/span>\n\t\t<\/div>\n\t\t\t\t<\/div>\n\t\t\t\t<\/div>\n\t\t\t\t\t<\/div>\n\t\t<\/div>\n\t\t\t\t\t<\/div>\n\t\t<\/section>\n\t\t\t\t<section class=\"elementor-section elementor-top-section elementor-element elementor-element-128c236e elementor-section-full_width elementor-section-content-middle elementor-section-height-default elementor-section-height-default\" data-id=\"128c236e\" data-element_type=\"section\">\n\t\t\t\t\t\t<div class=\"elementor-container elementor-column-gap-no\">\n\t\t\t\t\t<div class=\"elementor-column elementor-col-33 elementor-top-column elementor-element elementor-element-4c522277 animated-slow elementor-invisible\" data-id=\"4c522277\" data-element_type=\"column\" data-settings=\"{&quot;animation&quot;:&quot;fadeIn&quot;}\">\n\t\t\t<div class=\"elementor-widget-wrap elementor-element-populated\">\n\t\t\t\t\t\t<div class=\"elementor-element elementor-element-1ce6d3fd elementor-widget elementor-widget-text-editor\" data-id=\"1ce6d3fd\" data-element_type=\"widget\" data-widget_type=\"text-editor.default\">\n\t\t\t\t<div class=\"elementor-widget-container\">\n\t\t\t<style>\/*! elementor - v3.19.0 - 26-02-2024 *\/\n.elementor-widget-text-editor.elementor-drop-cap-view-stacked .elementor-drop-cap{background-color:#69727d;color:#fff}.elementor-widget-text-editor.elementor-drop-cap-view-framed .elementor-drop-cap{color:#69727d;border:3px solid;background-color:transparent}.elementor-widget-text-editor:not(.elementor-drop-cap-view-default) .elementor-drop-cap{margin-top:8px}.elementor-widget-text-editor:not(.elementor-drop-cap-view-default) .elementor-drop-cap-letter{width:1em;height:1em}.elementor-widget-text-editor .elementor-drop-cap{float:left;text-align:center;line-height:1;font-size:50px}.elementor-widget-text-editor .elementor-drop-cap-letter{display:inline-block}<\/style>\t\t\t\t<p>Sostegno alla crescita culturale<\/p>\t\t\t\t\t\t<\/div>\n\t\t\t\t<\/div>\n\t\t\t\t<div class=\"elementor-element elementor-element-5f35f316 elementor-widget elementor-widget-heading\" data-id=\"5f35f316\" data-element_type=\"widget\" data-widget_type=\"heading.default\">\n\t\t\t\t<div class=\"elementor-widget-container\">\n\t\t\t<style>\/*! elementor - v3.19.0 - 26-02-2024 *\/\n.elementor-heading-title{padding:0;margin:0;line-height:1}.elementor-widget-heading .elementor-heading-title[class*=elementor-size-]>a{color:inherit;font-size:inherit;line-height:inherit}.elementor-widget-heading .elementor-heading-title.elementor-size-small{font-size:15px}.elementor-widget-heading .elementor-heading-title.elementor-size-medium{font-size:19px}.elementor-widget-heading .elementor-heading-title.elementor-size-large{font-size:29px}.elementor-widget-heading .elementor-heading-title.elementor-size-xl{font-size:39px}.elementor-widget-heading .elementor-heading-title.elementor-size-xxl{font-size:59px}<\/style><h6 class=\"elementor-heading-title elementor-size-default\">Il contributo della Fondazione<\/h6>\t\t<\/div>\n\t\t\t\t<\/div>\n\t\t\t\t<div class=\"elementor-element elementor-element-7cd284dd elementor-widget-divider--view-line elementor-widget elementor-widget-divider\" data-id=\"7cd284dd\" data-element_type=\"widget\" data-widget_type=\"divider.default\">\n\t\t\t\t<div class=\"elementor-widget-container\">\n\t\t\t\t\t<div class=\"elementor-divider\">\n\t\t\t<span class=\"elementor-divider-separator\">\n\t\t\t\t\t\t<\/span>\n\t\t<\/div>\n\t\t\t\t<\/div>\n\t\t\t\t<\/div>\n\t\t\t\t\t<\/div>\n\t\t<\/div>\n\t\t\t\t<div class=\"elementor-column elementor-col-66 elementor-top-column elementor-element elementor-element-6e4ed9ad\" data-id=\"6e4ed9ad\" data-element_type=\"column\">\n\t\t\t<div class=\"elementor-widget-wrap elementor-element-populated\">\n\t\t\t\t\t\t<div class=\"elementor-element elementor-element-63b52268 elementor-widget elementor-widget-text-editor\" data-id=\"63b52268\" data-element_type=\"widget\" data-widget_type=\"text-editor.default\">\n\t\t\t\t<div class=\"elementor-widget-container\">\n\t\t\t\t\t\t\t<p>La Fondazione Generale Stefan Gusa sosterr\u00e0 l&#8217;organizzazione di eventi finalizzati, prima di tutto, all&#8217;educazione nella direzione di coltivare il rispetto per il tesoro dei valori fondamentali della patria e del popolo rumeno, per la verit\u00e0 storica, e a promuovere iniziative atte a combattere la denigrazione di questi valori e dell\u2019Esercito Romeno.<br \/><br \/><\/p><p>Il sostegno da parte della Fondazione Generale Stefan Gusa dell&#8217;eccellenza nelle attivit\u00e0 di istruzione e formazione continua, della ricerca scientifica del personale docente, della ricerca scientifica degli studenti e dell&#8217;attivit\u00e0 editoriale ed editoriale svolta dagli istituti di istruzione superiore militare si basa su accordi di cooperazione stipulati con queste istituzioni. La collaborazione \u00e8 finalizzata, in via prioritaria, a sostenere da parte della Fondazione, mediante premi in denaro o in beni, borse di studio, abbonamenti a pubblicazioni specialistiche estere o nazionali concesse a quei docenti che abbiano contributi di rilievo come autori di opere originali nel campo della difesa e della sicurezza nazionale, come gli studenti ufficiali che conseguono risultati accademici eccezionali ma non hanno le risorse per approfondirli attraverso studi universitari di master o dottorato.<\/p><p>\u00a0<\/p><p>Oltre a questi indirizzi prioritari, la Fondazione prester\u00e0 assistenza, compatibilmente con le risorse disponibili, in altri ambiti di attivit\u00e0 educative, di ricerca e di formazione, il cui profilo sia compatibile con l&#8217;oggetto della sua attivit\u00e0, e si occuper\u00e0 di assistere le organizzazioni di veterani di guerra e del personale militare e la concessione di aiuti alle famiglie dei militari in difficolt\u00e0.<\/p>\t\t\t\t\t\t<\/div>\n\t\t\t\t<\/div>\n\t\t\t\t\t<\/div>\n\t\t<\/div>\n\t\t\t\t\t<\/div>\n\t\t<\/section>\n\t\t\t\t<section class=\"elementor-section elementor-top-section elementor-element elementor-element-65bee87 elementor-section-full_width elementor-section-height-default elementor-section-height-default\" data-id=\"65bee87\" data-element_type=\"section\">\n\t\t\t\t\t\t<div class=\"elementor-container elementor-column-gap-default\">\n\t\t\t\t\t<div class=\"elementor-column elementor-col-100 elementor-top-column elementor-element elementor-element-d7cf147\" data-id=\"d7cf147\" data-element_type=\"column\">\n\t\t\t<div class=\"elementor-widget-wrap elementor-element-populated\">\n\t\t\t\t\t\t<div class=\"elementor-element elementor-element-544430c elementor-widget elementor-widget-muzex_about2\" data-id=\"544430c\" data-element_type=\"widget\" data-widget_type=\"muzex_about2.default\">\n\t\t\t\t<div class=\"elementor-widget-container\">\n\t\t\t\n        <section class=\"about-three \">\n            <div class=\"container-fluid\">\n                <div class=\"row no-gutters\">\n                    <div class=\"col-lg-6\">\n                        <div class=\"about-three__image clearfix\">\n                            <img decoding=\"async\" src=\"https:\/\/www.fundatiagusa.ro\/wp-content\/uploads\/2023\/06\/Barbu-Cristina-Denisa-41073112.jpg\" alt=\"Image\">\n                        <\/div><!-- \/.about-three__image -->\n                    <\/div><!-- \/.col-lg-6 -->\n                    <div class=\"col-lg-6 d-flex\">\n                        <div class=\"my-auto\">\n                            <div class=\"about-three__content\">\n                                <div class=\"block-title\">\n                                    <p>Borse di studio\/premi\/patrocini concessi<\/p>\n                                    <h3><\/h3>\n                                <\/div><!-- \/.block-title -->\n                                <p class=\"about-three__highlight\"><\/p>\n                                <p>La Fondazione Generale Stefan Gusa sostiene l'eccellenza nelle attivit\u00e0 di istruzione e formazione continua, la ricerca scientifica del personale docente, la ricerca scientifica degli studenti e l'attivit\u00e0 editoriale svolta dagli istituti di istruzione superiore militare.\n<br><br>\n<a href=\"\/it\/borse-di-studio-premi-sponsorizzazioni-assegnate\/\" style=\"color:#252930;\"><b>Scopri di pi\u00f9<\/b><\/a><\/p>\n                            <\/div><!-- \/.about-three__content -->\n                        <\/div><!-- \/.my-auto -->\n                    <\/div><!-- \/.col-lg-6 -->\n                <\/div><!-- \/.row no-gutters -->\n            <\/div><!-- \/.container-fluid -->\n        <\/section><!-- \/.about-three -->\n            \n\t\t\t\t<\/div>\n\t\t\t\t<\/div>\n\t\t\t\t\t<\/div>\n\t\t<\/div>\n\t\t\t\t\t<\/div>\n\t\t<\/section>\n\t\t\t\t<section class=\"elementor-section elementor-top-section elementor-element elementor-element-ca589e1 elementor-section-full_width elementor-section-content-middle elementor-section-height-default elementor-section-height-default\" data-id=\"ca589e1\" data-element_type=\"section\">\n\t\t\t\t\t\t<div class=\"elementor-container elementor-column-gap-no\">\n\t\t\t\t\t<div class=\"elementor-column elementor-col-33 elementor-top-column elementor-element elementor-element-b66339c animated-slow elementor-invisible\" data-id=\"b66339c\" data-element_type=\"column\" data-settings=\"{&quot;animation&quot;:&quot;fadeIn&quot;}\">\n\t\t\t<div class=\"elementor-widget-wrap elementor-element-populated\">\n\t\t\t\t\t\t<div class=\"elementor-element elementor-element-22e4fab elementor-widget elementor-widget-text-editor\" data-id=\"22e4fab\" data-element_type=\"widget\" data-widget_type=\"text-editor.default\">\n\t\t\t\t<div class=\"elementor-widget-container\">\n\t\t\t\t\t\t\t<p><strong>REGOLAMENTO<br \/><\/strong><strong>conferimento di Diplomi, Premi e Borse di studio <\/strong><strong>Fondazione &#8220;GENERAL \u015eTEFAN GUS\u0102&#8221;.<\/strong><\/p>\t\t\t\t\t\t<\/div>\n\t\t\t\t<\/div>\n\t\t\t\t<div class=\"elementor-element elementor-element-186fdd1 elementor-widget-divider--view-line elementor-widget elementor-widget-divider\" data-id=\"186fdd1\" data-element_type=\"widget\" data-widget_type=\"divider.default\">\n\t\t\t\t<div class=\"elementor-widget-container\">\n\t\t\t\t\t<div class=\"elementor-divider\">\n\t\t\t<span class=\"elementor-divider-separator\">\n\t\t\t\t\t\t<\/span>\n\t\t<\/div>\n\t\t\t\t<\/div>\n\t\t\t\t<\/div>\n\t\t\t\t\t<\/div>\n\t\t<\/div>\n\t\t\t\t<div class=\"elementor-column elementor-col-66 elementor-top-column elementor-element elementor-element-d8a3cfc\" data-id=\"d8a3cfc\" data-element_type=\"column\">\n\t\t\t<div class=\"elementor-widget-wrap elementor-element-populated\">\n\t\t\t\t\t\t<div class=\"elementor-element elementor-element-4aa6c91 elementor-widget elementor-widget-text-editor\" data-id=\"4aa6c91\" data-element_type=\"widget\" data-widget_type=\"text-editor.default\">\n\t\t\t\t<div class=\"elementor-widget-container\">\n\t\t\t\t\t\t\t<p><strong>Il consiglio di amministrazione della Fondazione &#8220;General \u015etefan Gu\u015f\u0103&#8221; adotta il presente regolamento.<\/strong><\/p><p>\u00a0<\/p><p><strong>Art. 1.<\/strong> &#8211; La Fondazione &#8220;General \u015etefan Gu\u015f\u0103&#8221; concede diplomi, premi in denaro o oggetti e borse di studio che promuovono l&#8217;eccellenza nella ricerca scientifica nei campi della difesa e della sicurezza nazionale e nell&#8217;attivit\u00e0 di istruzione e formazione continua del personale docente, ufficiale, tirocinanti, alunni e studenti delle istituzioni militari e civili di istruzione superiore, con un profilo compatibile con l&#8217;oggetto dell&#8217;attivit\u00e0 e lo scopo della fondazione.<\/p><p><strong>Art. 2.<\/strong> \u2013 Il numero e l&#8217;ammontare dei premi e delle borse di studio sono stabiliti annualmente, entro il 15 dicembre per l&#8217;anno successivo, dal Consiglio di Amministrazione, unitamente all&#8217;approvazione del Programma e del Bilancio preventivo della Fondazione, delle entrate e delle uscite,<\/p><p><strong>Art. 3.<\/strong> \u2013 <strong>(1)<\/strong> Le borse di studio sono concesse, nei limiti delle risorse finanziarie disponibili, in particolare per corsi di formazione continua, master o dottorati presso universit\u00e0 e scuole di difesa o centri di ricerca, formazione nei settori della difesa e della sicurezza, dal paese e dall&#8217;estero, principalmente:<\/p><p><strong>a)<\/strong> dottorandi di Istituti o istituzioni militari, per gli studi politici della difesa e di storia militare e docenti di rango universitario-accademico che abbiano eminenti contributi all&#8217;elaborazione di opere originali nel campo della difesa e della sicurezza nazionale, della promozione dei valori \u200be tradizioni dell&#8217;esercito rumeno;<\/p><p><strong>b)<\/strong> studenti ufficiali e tirocinanti delle universit\u00e0 e delle accademie militari, che ottengono risultati eccezionali negli studi e non dispongono delle risorse necessarie per approfondirli.<\/p><p><strong>(2)<\/strong> I premi, accompagnati dai diplomi di eccellenza, sono assegnati a ricercatori e docenti autori di lavori scientifici originali di un certo valore e a laureati che siano responsabili della promozione di istituti scolastici militari o che abbiano i lavori di diploma pi\u00f9 interessanti.<\/p><p><strong>Art. 4.<\/strong> &#8211; La selezione e la raccomandazione dei candidati per l&#8217;assegnazione di borse di studio, diplomi e premi &#8220;General \u015etefan Gu\u015f\u0103&#8221; viene effettuata su richiesta del consiglio di amministrazione della fondazione, a seconda dei casi, dai senati o dai professori consigli delle universit\u00e0, accademie, scuole di applicazione e centri di addestramento delle categorie delle forze armate e delle armi, con l&#8217;approvazione dei livelli superiori competenti, con i quali la Fondazione &#8220;General \u015etefan Gu\u015f\u0103&#8221; ha concluso accordi di cooperazione.<\/p><p>Tale regolamento \u00e8 stato adottato dal consiglio di amministrazione della Fondazione &#8220;General \u015etefan Gu\u015f\u0103&#8221;, in ottemperanza a quanto previsto dall&#8217;art. 29 par. (2) dalla Legge n. 246 del 2005 in materia di associazioni e fondazioni.<\/p>\t\t\t\t\t\t<\/div>\n\t\t\t\t<\/div>\n\t\t\t\t\t<\/div>\n\t\t<\/div>\n\t\t\t\t\t<\/div>\n\t\t<\/section>\n\t\t\t\t<\/div>\n\t\t","protected":false},"excerpt":{"rendered":"<p>Sostegno alla crescita culturale Il contributo della Fondazione La Fondazione Generale Stefan Gusa sosterr\u00e0 l&#8217;organizzazione di eventi finalizzati, prima di tutto, all&#8217;educazione nella direzione di coltivare il rispetto per il tesoro dei valori fondamentali della patria e del popolo rumeno, per la verit\u00e0 storica, e a promuovere iniziative atte a combattere la denigrazione di questi [&hellip;]<\/p>\n","protected":false},"author":2,"featured_media":0,"parent":0,"menu_order":0,"comment_status":"closed","ping_status":"closed","template":"tpl-default-elementor.php","meta":{"footnotes":""},"class_list":["post-2948","page","type-page","status-publish","hentry"],"_links":{"self":[{"href":"https:\/\/www.fundatiagusa.ro\/it\/wp-json\/wp\/v2\/pages\/2948","targetHints":{"allow":["GET"]}}],"collection":[{"href":"https:\/\/www.fundatiagusa.ro\/it\/wp-json\/wp\/v2\/pages"}],"about":[{"href":"https:\/\/www.fundatiagusa.ro\/it\/wp-json\/wp\/v2\/types\/page"}],"author":[{"embeddable":true,"href":"https:\/\/www.fundatiagusa.ro\/it\/wp-json\/wp\/v2\/users\/2"}],"replies":[{"embeddable":true,"href":"https:\/\/www.fundatiagusa.ro\/it\/wp-json\/wp\/v2\/comments?post=2948"}],"version-history":[{"count":36,"href":"https:\/\/www.fundatiagusa.ro\/it\/wp-json\/wp\/v2\/pages\/2948\/revisions"}],"predecessor-version":[{"id":11671,"href":"https:\/\/www.fundatiagusa.ro\/it\/wp-json\/wp\/v2\/pages\/2948\/revisions\/11671"}],"wp:attachment":[{"href":"https:\/\/www.fundatiagusa.ro\/it\/wp-json\/wp\/v2\/media?parent=2948"}],"curies":[{"name":"wp","href":"https:\/\/api.w.org\/{rel}","templated":true}]}}