{"id":9613,"date":"2023-11-07T08:48:15","date_gmt":"2023-11-07T08:48:15","guid":{"rendered":"https:\/\/www.fundatiagusa.ro\/scoala-general-stefan-gusa-spataru\/"},"modified":"2024-02-28T09:38:59","modified_gmt":"2024-02-28T09:38:59","slug":"scoala-general-stefan-gusa-spataru","status":"publish","type":"page","link":"https:\/\/www.fundatiagusa.ro\/it\/scoala-general-stefan-gusa-spataru\/","title":{"rendered":"Scuola Generale \u0218tefan Gu\u0219\u0103 Sp\u0103taru"},"content":{"rendered":"\t\t<div data-elementor-type=\"wp-page\" data-elementor-id=\"9613\" class=\"elementor elementor-9613 elementor-9515\">\n\t\t\t\t\t\t<section class=\"elementor-section elementor-top-section elementor-element elementor-element-c27ab39 elementor-section-full_width elementor-section-height-default elementor-section-height-default\" data-id=\"c27ab39\" data-element_type=\"section\">\n\t\t\t\t\t\t<div class=\"elementor-container elementor-column-gap-default\">\n\t\t\t\t\t<div class=\"elementor-column elementor-col-100 elementor-top-column elementor-element elementor-element-206a416\" data-id=\"206a416\" data-element_type=\"column\" data-settings=\"{&quot;background_background&quot;:&quot;classic&quot;}\">\n\t\t\t<div class=\"elementor-widget-wrap elementor-element-populated\">\n\t\t\t\t\t\t<div class=\"elementor-element elementor-element-ae48d7f elementor-widget elementor-widget-muzex_about2\" data-id=\"ae48d7f\" data-element_type=\"widget\" data-widget_type=\"muzex_about2.default\">\n\t\t\t\t<div class=\"elementor-widget-container\">\n\t\t\t\n        <section class=\"about-three \">\n            <div class=\"container-fluid\">\n                <div class=\"row no-gutters\">\n                    <div class=\"col-lg-6\">\n                        <div class=\"about-three__image clearfix\">\n                            <img decoding=\"async\" src=\"https:\/\/www.fundatiagusa.ro\/wp-content\/uploads\/2023\/11\/foto-Inaugurare-scoala-2004-si-deschidere-2023-2.png\" alt=\"Image\">\n                        <\/div><!-- \/.about-three__image -->\n                    <\/div><!-- \/.col-lg-6 -->\n                    <div class=\"col-lg-6 d-flex\">\n                        <div class=\"my-auto\">\n                            <div class=\"about-three__content\">\n                                <div class=\"block-title\">\n                                    <p>FONDAZIONE \"GENERALE \u0218TEFAN GU\u0218\u0102\"<\/p>\n                                    <h3><\/h3>\n                                <\/div><!-- \/.block-title -->\n                                <p class=\"about-three__highlight\"><\/p>\n                                <p>La Fondazione \"Generale \u0218tefan Gu\u0219\u0103\" \u00e8 stata fondata nel 1997. \u00c8 un'organizzazione non a scopo di lucro, senza fini di lucro e senza affiliazioni politiche, religiose o di altro tipo. La missione della fondazione \u00e8 quella di svolgere attivit\u00e0 volte a sostenere lo studio e la coltivazione dei valori nazionali fondamentali che hanno animato l'intera carriera militare e costituiscono tratti distintivi della personalit\u00e0 del Generale \u0218tefan Gu\u0219\u0103. A tal fine, la fondazione sostiene attivit\u00e0 scientifiche e culturali con l'obiettivo di esplorare la verit\u00e0 nella storia politica e militare contemporanea del popolo rumeno, evidenziare il ruolo dell'esercito nei momenti cruciali dell'evoluzione nazionale, educare le giovani generazioni nello spirito del rispetto per i valori distintivi della cultura nazionale e della loro integrazione nell'insieme culturale-storico europeo.<\/p>\n                            <\/div><!-- \/.about-three__content -->\n                        <\/div><!-- \/.my-auto -->\n                    <\/div><!-- \/.col-lg-6 -->\n                <\/div><!-- \/.row no-gutters -->\n            <\/div><!-- \/.container-fluid -->\n        <\/section><!-- \/.about-three -->\n            \n\t\t\t\t<\/div>\n\t\t\t\t<\/div>\n\t\t\t\t\t<\/div>\n\t\t<\/div>\n\t\t\t\t\t<\/div>\n\t\t<\/section>\n\t\t\t\t<section class=\"elementor-section elementor-top-section elementor-element elementor-element-d7312e6 elementor-section-full_width elementor-section-height-default elementor-section-height-default\" data-id=\"d7312e6\" data-element_type=\"section\">\n\t\t\t\t\t\t<div class=\"elementor-container elementor-column-gap-default\">\n\t\t\t\t\t<div class=\"elementor-column elementor-col-100 elementor-top-column elementor-element elementor-element-0112356\" data-id=\"0112356\" data-element_type=\"column\">\n\t\t\t<div class=\"elementor-widget-wrap elementor-element-populated\">\n\t\t\t\t\t\t<div class=\"elementor-element elementor-element-8e02cd0 elementor-widget__width-inherit elementor-widget elementor-widget-text-editor\" data-id=\"8e02cd0\" data-element_type=\"widget\" data-widget_type=\"text-editor.default\">\n\t\t\t\t<div class=\"elementor-widget-container\">\n\t\t\t<style>\/*! elementor - v3.19.0 - 26-02-2024 *\/\n.elementor-widget-text-editor.elementor-drop-cap-view-stacked .elementor-drop-cap{background-color:#69727d;color:#fff}.elementor-widget-text-editor.elementor-drop-cap-view-framed .elementor-drop-cap{color:#69727d;border:3px solid;background-color:transparent}.elementor-widget-text-editor:not(.elementor-drop-cap-view-default) .elementor-drop-cap{margin-top:8px}.elementor-widget-text-editor:not(.elementor-drop-cap-view-default) .elementor-drop-cap-letter{width:1em;height:1em}.elementor-widget-text-editor .elementor-drop-cap{float:left;text-align:center;line-height:1;font-size:50px}.elementor-widget-text-editor .elementor-drop-cap-letter{display:inline-block}<\/style>\t\t\t\t<p>Per realizzare la missione assunta, l&#8217;attivit\u00e0 svolta dalla fondazione \u00e8 principalmente orientata verso:<\/p><p><strong>Sostegno all&#8217;istruzione a tutti i livelli:<\/strong><\/p><p>Nel 2004 \u00e8 stata inaugurata, con il contributo esclusivo della fondazione, la scuola media e l&#8217;asilo nella localit\u00e0 di Sp\u0103taru, dove studiano oltre 120 bambini del luogo.<\/p><table align=\"center\"><tbody><tr><td><a href=\"https:\/\/www.fundatiagusa.ro\/wp-content\/uploads\/2023\/11\/foto-Inaugurare-scoala-2004-si-deschidere-2023-6.png\"><img fetchpriority=\"high\" decoding=\"async\" class=\"size-medium wp-image-9535 alignnone\" src=\"https:\/\/www.fundatiagusa.ro\/wp-content\/uploads\/2023\/11\/foto-Inaugurare-scoala-2004-si-deschidere-2023-6-225x300.png\" alt=\"\" width=\"225\" height=\"300\" srcset=\"https:\/\/www.fundatiagusa.ro\/wp-content\/uploads\/2023\/11\/foto-Inaugurare-scoala-2004-si-deschidere-2023-6-225x300.png 225w, https:\/\/www.fundatiagusa.ro\/wp-content\/uploads\/2023\/11\/foto-Inaugurare-scoala-2004-si-deschidere-2023-6.png 768w\" sizes=\"(max-width: 225px) 100vw, 225px\" \/><\/a><\/td><td><a href=\"https:\/\/www.fundatiagusa.ro\/wp-content\/uploads\/2023\/11\/foto-Inaugurare-scoala-2004-si-deschidere-2023-5.png\"><img decoding=\"async\" class=\"size-medium wp-image-9532 alignleft\" src=\"https:\/\/www.fundatiagusa.ro\/wp-content\/uploads\/2023\/11\/foto-Inaugurare-scoala-2004-si-deschidere-2023-5-225x300.png\" alt=\"\" width=\"225\" height=\"300\" srcset=\"https:\/\/www.fundatiagusa.ro\/wp-content\/uploads\/2023\/11\/foto-Inaugurare-scoala-2004-si-deschidere-2023-5-225x300.png 225w, https:\/\/www.fundatiagusa.ro\/wp-content\/uploads\/2023\/11\/foto-Inaugurare-scoala-2004-si-deschidere-2023-5.png 768w\" sizes=\"(max-width: 225px) 100vw, 225px\" \/><\/a><\/td><td><a href=\"https:\/\/www.fundatiagusa.ro\/wp-content\/uploads\/2023\/11\/foto-Inaugurare-scoala-2004-si-deschidere-2023-4.png\"><img decoding=\"async\" class=\"alignnone size-medium wp-image-9529\" src=\"https:\/\/www.fundatiagusa.ro\/wp-content\/uploads\/2023\/11\/foto-Inaugurare-scoala-2004-si-deschidere-2023-4-225x300.png\" alt=\"\" width=\"225\" height=\"300\" srcset=\"https:\/\/www.fundatiagusa.ro\/wp-content\/uploads\/2023\/11\/foto-Inaugurare-scoala-2004-si-deschidere-2023-4-225x300.png 225w, https:\/\/www.fundatiagusa.ro\/wp-content\/uploads\/2023\/11\/foto-Inaugurare-scoala-2004-si-deschidere-2023-4.png 768w\" sizes=\"(max-width: 225px) 100vw, 225px\" \/><\/a><\/td><\/tr><\/tbody><\/table><table align=\"center\"><tbody><tr><td><a href=\"https:\/\/www.fundatiagusa.ro\/wp-content\/uploads\/2023\/11\/foto-Inaugurare-scoala-2004-si-deschidere-2023-3.png\"><img loading=\"lazy\" decoding=\"async\" class=\"alignnone size-medium wp-image-9526\" src=\"https:\/\/www.fundatiagusa.ro\/wp-content\/uploads\/2023\/11\/foto-Inaugurare-scoala-2004-si-deschidere-2023-3-300x196.png\" alt=\"\" width=\"300\" height=\"196\" srcset=\"https:\/\/www.fundatiagusa.ro\/wp-content\/uploads\/2023\/11\/foto-Inaugurare-scoala-2004-si-deschidere-2023-3-300x196.png 300w, https:\/\/www.fundatiagusa.ro\/wp-content\/uploads\/2023\/11\/foto-Inaugurare-scoala-2004-si-deschidere-2023-3.png 611w\" sizes=\"(max-width: 300px) 100vw, 300px\" \/><\/a><\/td><td><a href=\"https:\/\/www.fundatiagusa.ro\/wp-content\/uploads\/2023\/11\/foto-Inaugurare-scoala-2004-si-deschidere-2023-1.png\"><img loading=\"lazy\" decoding=\"async\" class=\"alignnone size-medium wp-image-9520\" src=\"https:\/\/www.fundatiagusa.ro\/wp-content\/uploads\/2023\/11\/foto-Inaugurare-scoala-2004-si-deschidere-2023-1-300x196.png\" alt=\"\" width=\"300\" height=\"196\" srcset=\"https:\/\/www.fundatiagusa.ro\/wp-content\/uploads\/2023\/11\/foto-Inaugurare-scoala-2004-si-deschidere-2023-1-300x196.png 300w, https:\/\/www.fundatiagusa.ro\/wp-content\/uploads\/2023\/11\/foto-Inaugurare-scoala-2004-si-deschidere-2023-1.png 611w\" sizes=\"(max-width: 300px) 100vw, 300px\" \/><\/a><\/td><\/tr><\/tbody><\/table><p>Nell&#8217;ambito del protocollo stipulato con il Ministero della Difesa Nazionale, attraverso la direzione generale della gestione delle risorse umane, la fondazione concede borse di studio e premi agli studenti delle scuole superiori, scuole per maestri militari e istituti di istruzione superiore a indirizzo militare. Ogni anno vengono premiati i primi della classe di ogni istituto di istruzione e ricevono borse di studio i bambini con buoni risultati scolastici ma con difficolt\u00e0 finanziarie; su proposta di ogni liceo a indirizzo militare, ogni anno vengono premiati con un viaggio in Italia una ragazza e un ragazzo che hanno ottenuto ottimi risultati scolastici. In questo modo hanno l&#8217;opportunit\u00e0 di godere delle attrazioni culturali e turistiche offerte da Milano, Venezia o Firenze.<\/p><table align=\"center\"><tbody><tr><td><a href=\"https:\/\/www.fundatiagusa.ro\/wp-content\/uploads\/2023\/11\/Immagine14.jpg\"><img loading=\"lazy\" decoding=\"async\" class=\"size-medium wp-image-9541 aligncenter\" src=\"https:\/\/www.fundatiagusa.ro\/wp-content\/uploads\/2023\/11\/Immagine14-300x225.jpg\" alt=\"\" width=\"300\" height=\"225\" srcset=\"https:\/\/www.fundatiagusa.ro\/wp-content\/uploads\/2023\/11\/Immagine14-300x225.jpg 300w, https:\/\/www.fundatiagusa.ro\/wp-content\/uploads\/2023\/11\/Immagine14.jpg 600w\" sizes=\"(max-width: 300px) 100vw, 300px\" \/><\/a><\/td><td><a href=\"https:\/\/www.fundatiagusa.ro\/wp-content\/uploads\/2023\/11\/Immagine15.jpg\"><img loading=\"lazy\" decoding=\"async\" class=\"size-medium wp-image-9544 aligncenter\" src=\"https:\/\/www.fundatiagusa.ro\/wp-content\/uploads\/2023\/11\/Immagine15-300x225.jpg\" alt=\"\" width=\"300\" height=\"225\" srcset=\"https:\/\/www.fundatiagusa.ro\/wp-content\/uploads\/2023\/11\/Immagine15-300x225.jpg 300w, https:\/\/www.fundatiagusa.ro\/wp-content\/uploads\/2023\/11\/Immagine15.jpg 468w\" sizes=\"(max-width: 300px) 100vw, 300px\" \/><\/a><\/td><\/tr><\/tbody><\/table><p>Inoltre, la fondazione sostiene l&#8217;eccellenza nelle attivit\u00e0 didattiche, nella formazione continua e nella ricerca scientifica dei docenti, attraverso la concessione del Premio per la Ricerca Scientifica nel campo della sicurezza nazionale a un ricercatore o docente dell&#8217;Universit\u00e0 Nazionale della Difesa &#8220;Carol I&#8221;.<\/p><p>\u00a0<\/p><p><strong>Editing e pubblicazione di opere memorialistiche e di storia militare<\/strong><\/p><p>Tra le opere letterarie che hanno beneficiato del sostegno della fondazione ci sono opere premiate come le pi\u00f9 preziose opere storiche del periodo rispettivo. Sempre con il sostegno della fondazione, sono state organizzate presentazioni e lanci di libri presso sedi di istituti militari, circoli militari, biblioteche o istituti civili.<\/p><p>\u00a0<\/p><p style=\"padding-left: 40px;\">Partecipazione all&#8217;organizzazione e svolgimento di sessioni scientifiche e conferenze (&#8220;100 anni dalla nascita di \u0218tefan Odobleja&#8221;; &#8220;Tendenze nello sviluppo della cibernetica nel terzo millennio&#8221;, ecc.), supporto a cicli di conferenze sulla storia militare per gli studenti dell&#8217;Accademia delle Forze Terrestri, supporto all&#8217;organizzazione della Sessione Nazionale di Comunicazioni Scientifiche dei circoli studenteschi delle Facolt\u00e0 di Storia, ecc.<\/p><p>\u00a0<\/p><p style=\"padding-left: 40px;\">Ristrutturazione e parziale riqualificazione di istituti di istruzione, come la Sala Protocollo e le lastre di marmo presso la Scuola Militare di Applicazione per Carri Armati e Auto &#8220;Mihai Viteazul&#8221; di Pite\u015fti o la Sala Lettura &#8220;Generale \u0218tefan Gu\u0219\u0103&#8221; presso la Biblioteca dell&#8217;Universit\u00e0 Nazionale della Difesa &#8220;Carol I&#8221;, ristrutturate e dotate di arredi, impianti di illuminazione, climatizzazione ed attrezzature informatiche dalla fondazione.<\/p><p>\u00a0<\/p><p>Nel corso della sua esistenza, la Fondazione ha fornito sostegno finanziario anche a progetti non legati al settore militare o storico, di carattere sociale, come la costruzione di un moderno complesso formato da un dormitorio sociale, un centro sanitario e una chiesa, realizzato dalla Congregazione delle Suore Benedettine a M\u0103gura, a supporto degli anziani soli e bisognosi.<\/p>\t\t\t\t\t\t<\/div>\n\t\t\t\t<\/div>\n\t\t\t\t<div class=\"elementor-element elementor-element-7d222fb elementor-widget elementor-widget-spacer\" data-id=\"7d222fb\" data-element_type=\"widget\" data-widget_type=\"spacer.default\">\n\t\t\t\t<div class=\"elementor-widget-container\">\n\t\t\t<style>\/*! elementor - v3.19.0 - 26-02-2024 *\/\n.elementor-column .elementor-spacer-inner{height:var(--spacer-size)}.e-con{--container-widget-width:100%}.e-con-inner>.elementor-widget-spacer,.e-con>.elementor-widget-spacer{width:var(--container-widget-width,var(--spacer-size));--align-self:var(--container-widget-align-self,initial);--flex-shrink:0}.e-con-inner>.elementor-widget-spacer>.elementor-widget-container,.e-con>.elementor-widget-spacer>.elementor-widget-container{height:100%;width:100%}.e-con-inner>.elementor-widget-spacer>.elementor-widget-container>.elementor-spacer,.e-con>.elementor-widget-spacer>.elementor-widget-container>.elementor-spacer{height:100%}.e-con-inner>.elementor-widget-spacer>.elementor-widget-container>.elementor-spacer>.elementor-spacer-inner,.e-con>.elementor-widget-spacer>.elementor-widget-container>.elementor-spacer>.elementor-spacer-inner{height:var(--container-widget-height,var(--spacer-size))}.e-con-inner>.elementor-widget-spacer.elementor-widget-empty,.e-con>.elementor-widget-spacer.elementor-widget-empty{position:relative;min-height:22px;min-width:22px}.e-con-inner>.elementor-widget-spacer.elementor-widget-empty .elementor-widget-empty-icon,.e-con>.elementor-widget-spacer.elementor-widget-empty .elementor-widget-empty-icon{position:absolute;top:0;bottom:0;left:0;right:0;margin:auto;padding:0;width:22px;height:22px}<\/style>\t\t<div class=\"elementor-spacer\">\n\t\t\t<div class=\"elementor-spacer-inner\"><\/div>\n\t\t<\/div>\n\t\t\t\t<\/div>\n\t\t\t\t<\/div>\n\t\t\t\t\t<\/div>\n\t\t<\/div>\n\t\t\t\t\t<\/div>\n\t\t<\/section>\n\t\t\t\t<\/div>\n\t\t","protected":false},"excerpt":{"rendered":"<p>FONDAZIONE &#8220;GENERALE \u0218TEFAN GU\u0218\u0102&#8221; La Fondazione &#8220;Generale \u0218tefan Gu\u0219\u0103&#8221; \u00e8 stata fondata nel 1997. \u00c8 un&#8217;organizzazione non a scopo di lucro, senza fini di lucro e senza affiliazioni politiche, religiose o di altro tipo. La missione della fondazione \u00e8 quella di svolgere attivit\u00e0 volte a sostenere lo studio e la coltivazione dei valori nazionali fondamentali [&hellip;]<\/p>\n","protected":false},"author":2,"featured_media":0,"parent":0,"menu_order":0,"comment_status":"closed","ping_status":"closed","template":"tpl-default-elementor.php","meta":{"footnotes":""},"class_list":["post-9613","page","type-page","status-publish","hentry"],"_links":{"self":[{"href":"https:\/\/www.fundatiagusa.ro\/it\/wp-json\/wp\/v2\/pages\/9613","targetHints":{"allow":["GET"]}}],"collection":[{"href":"https:\/\/www.fundatiagusa.ro\/it\/wp-json\/wp\/v2\/pages"}],"about":[{"href":"https:\/\/www.fundatiagusa.ro\/it\/wp-json\/wp\/v2\/types\/page"}],"author":[{"embeddable":true,"href":"https:\/\/www.fundatiagusa.ro\/it\/wp-json\/wp\/v2\/users\/2"}],"replies":[{"embeddable":true,"href":"https:\/\/www.fundatiagusa.ro\/it\/wp-json\/wp\/v2\/comments?post=9613"}],"version-history":[{"count":11,"href":"https:\/\/www.fundatiagusa.ro\/it\/wp-json\/wp\/v2\/pages\/9613\/revisions"}],"predecessor-version":[{"id":9624,"href":"https:\/\/www.fundatiagusa.ro\/it\/wp-json\/wp\/v2\/pages\/9613\/revisions\/9624"}],"wp:attachment":[{"href":"https:\/\/www.fundatiagusa.ro\/it\/wp-json\/wp\/v2\/media?parent=9613"}],"curies":[{"name":"wp","href":"https:\/\/api.w.org\/{rel}","templated":true}]}}